{"id":4509,"date":"2023-08-08T19:45:42","date_gmt":"2023-08-08T17:45:42","guid":{"rendered":"https:\/\/simplymallorca.info\/?post_type=product&#038;p=4509"},"modified":"2024-02-24T17:19:48","modified_gmt":"2024-02-24T16:19:48","slug":"tramuntana-and-west-coast","status":"publish","type":"product","link":"https:\/\/simplymallorca.info\/en\/rutas\/tramuntana-and-west-coast\/","title":{"rendered":"Tramuntana and west coast"},"content":{"rendered":"<section class=\"wpb-content-wrapper\"><p>[vc_row][vc_column][vc_column_text]<\/p>\n<h3>Esporles<\/h3>\n<p>A market is held every Saturday on the main street of the village, shaded by London planes. Small caf\u00e9s invite you to enter and take a relaxing break; the perfect place to observe the hustle and bustle of the market.[\/vc_column_text][\/vc_column][\/vc_row][vc_row css=&#8221;.vc_custom_1694018543303{margin-top: 40px !important;}&#8221;][vc_column width=&#8221;1\/2&#8243; css=&#8221;.vc_custom_1694018591720{padding-right: 30px !important;}&#8221;][vc_column_text]<\/p>\n<h3>Valldemossa<\/h3>\n<p>This idyllic village has become one of the most popular spots of the Tramuntana mountain range. Even so, Valldemossa still retains its unique atmosphere and is a must for culture, history and music lovers. The highlight: the former Carthusian monastery Cartuja de Valldemossa, where composer Fr\u00e9d\u00e9ric Chopin and writer George Sand spent their legendary, cold \u201cWinter in Mallorca\u201d in the 19th C. Allegedly, Chopin was inspired by the bad weather when he created his famous Raindrop Prelude. You can still visit the cell where both artists stayed, as well as the charterhouse gardens. Valldemossa also has numerous shops, caf\u00e9s and restaurants. Its specialty: the typical Coca de patata, which is said to be the best on the island.[\/vc_column_text][\/vc_column][vc_column width=&#8221;1\/2&#8243; css=&#8221;.vc_custom_1694018586324{padding-left: 30px !important;}&#8221;][vc_single_image image=&#8221;3269&#8243; img_size=&#8221;full&#8221; alignment=&#8221;center&#8221;][\/vc_column][\/vc_row][vc_row css=&#8221;.vc_custom_1694018554679{margin-top: 40px !important;}&#8221;][vc_column width=&#8221;1\/2&#8243; css=&#8221;.vc_custom_1694018599746{padding-right: 30px !important;}&#8221;][vc_single_image image=&#8221;3270&#8243; img_size=&#8221;full&#8221; alignment=&#8221;center&#8221;][\/vc_column][vc_column width=&#8221;1\/2&#8243; css=&#8221;.vc_custom_1694018595495{padding-left: 30px !important;}&#8221;][vc_column_text]<\/p>\n<h3>Dei\u00e0<\/h3>\n<p>Dei\u00e0 is an artists\u2019 village renowned for its selection of tiny shops, fantastic cuisine and charming hotels. Its picturesque atmosphere still attracts the presence of many celebrities. An excursion up the footpath to the church, situated high above the village, is well worth the effort; the panoramic views are fantastic. In summer we recommend a visit to its small cove for a refreshing dip \u2013 and a cool drink in the local bar. Let\u2019s continue along the Ma-10, winding coastal road and head for S\u00f3ller.[\/vc_column_text][\/vc_column][\/vc_row][vc_row css=&#8221;.vc_custom_1694018559105{margin-top: 40px !important;}&#8221;][vc_column width=&#8221;1\/2&#8243; css=&#8221;.vc_custom_1694018610239{padding-right: 30px !important;}&#8221;][vc_column_text]<\/p>\n<h3>S\u00f3ller<\/h3>\n<p>This famous village is located in the \u201corange valley\u201c and is the destination of the \u201cRed Flash\u201d, the legendary narrow-gauge railway that has connected Palma with the other side of the Tramuntana mountains for over 100 years. Formerly, the region of S\u00f3ller was also called the golden valley, not due to its high-quality citrus fruits, but for its numerous olive groves and the olive oil. A proof of the former wealth of its citizens is the magnificent architecture of their houses.\u00a0 Our tip: The tastiest and most authentic icecream on the island. Try the orange or lemon variety! Icecream parlour in S\u00f3ller and Port de S\u00f3ller.\u00a0 <a href=\"http:\/\/www.fetasoller.com\">Gelat de S\u00f3ller.<\/a>[\/vc_column_text][\/vc_column][vc_column width=&#8221;1\/2&#8243; css=&#8221;.vc_custom_1694018604624{padding-left: 30px !important;}&#8221;][vc_single_image image=&#8221;3272&#8243; img_size=&#8221;full&#8221; alignment=&#8221;center&#8221;][\/vc_column][\/vc_row][vc_row css=&#8221;.vc_custom_1694018564973{margin-top: 40px !important;}&#8221;][vc_column width=&#8221;1\/2&#8243; css=&#8221;.vc_custom_1694018619099{padding-right: 30px !important;}&#8221;][vc_single_image image=&#8221;3273&#8243; img_size=&#8221;full&#8221; alignment=&#8221;center&#8221;][\/vc_column][vc_column width=&#8221;1\/2&#8243; css=&#8221;.vc_custom_1694018614871{padding-left: 30px !important;}&#8221;][vc_column_text]<\/p>\n<h3>Port de S\u00f3ller<\/h3>\n<p>A trip on the historic tram to the Port de S\u00f3ller. The numerous restaurants and caf\u00e9s envelop visitors in the hustle and bustle of the port and the boulevard. There are boat trips from the port to Sa Calobra and the famous cove of the Torrent de Pareis, several times a day.[\/vc_column_text][\/vc_column][\/vc_row][vc_row css=&#8221;.vc_custom_1694018665208{margin-top: 20px !important;}&#8221;][vc_column][vc_column_text]<\/p>\n<h3>Back to Palma<\/h3>\n<p>When heading for Palma from S\u00f3ller you can either take the winding mountain pass or the tunnel.[\/vc_column_text][\/vc_column][\/vc_row][vc_row content_placement=&#8221;middle&#8221; css=&#8221;.vc_custom_1694018683107{margin-top: 30px !important;}&#8221;][vc_column width=&#8221;1\/2&#8243; css=&#8221;.vc_custom_1694018631301{padding-right: 30px !important;}&#8221;][vc_column_text]<\/p>\n<h3>Santa Maria del Cam\u00ed<\/h3>\n<p><a href=\"https:\/\/www.permoltesraons.com\/en\/\">Santa Maria del Cam\u00ed<\/a> is one of the most important wine- growing regions of the island. Stop off in Santa Maria del Cam\u00ed, Consell or Binissalem and discover the small wineries, often located in courtyards of town houses. Every September, the traditional grape harvest festival is held in Binissalem. Santa Maria has become one of the major reference points for wine lovers in Mallorca due to its vineyards, variety and quality of its wineries; ranging from large wineries such as Maci\u00e0 Batle to smaller making organic wines using PGI Mallorca or Denomination of Origin Binissalem local varieties and offering tours of their facilities and wine tastings. Seven of these wineries form the Associaci\u00f3 de Cellers de Santa Maria, promoter of own-brand wines or novelties such as the original vi taronja (orange wine). However, Santa Maria is much more . Its culinary offer is highly varied, including bars where you can sample the best variats (typical Mallorcan tapas), excellent bakers and pastry shops, rice dishes, grills, pizzerias &#8230; and the famous Celler Sa Sini \u2013 the temple of traditional Mallorcan cuisine -, as well as more select options such as the Bistro 19 in Livingdreams Mallorca or Mol\u00ed des Torrent. Added to this is its attractive commercial offer, including one of the only remaining places to buy the authentic teles de lleng\u00fces, Artesania Textil Bujosa, ceramic craft workshops, boutiques with unique accessories, decoration, furniture, kitchenware &#8230;<\/p>\n<p>Santa Maria is a village with a lively cultural agenda and is particularly famous for its festive character. Consult its schedule of events and fiestas, there\u2019s something for everyone. All this and more, in a village boasting an amazing cultural and architectural heritage that invites you to explore and savor the essence of a unique setting that offers all the modern services you require but which, at the same time, proudly upholds its traditions and culture. Finally, let\u2019s not forget its traditional and famous <strong>Sunday market, a major attraction and unique experience for both residents and tourists alike. <\/strong>[\/vc_column_text][\/vc_column][vc_column width=&#8221;1\/2&#8243; css=&#8221;.vc_custom_1694018626719{padding-left: 30px !important;}&#8221;][vc_single_image image=&#8221;3274&#8243; img_size=&#8221;full&#8221; alignment=&#8221;center&#8221;][vc_single_image image=&#8221;3275&#8243; img_size=&#8221;full&#8221; alignment=&#8221;center&#8221;][\/vc_column][\/vc_row]<\/p>\n<\/section>","protected":false},"excerpt":{"rendered":"<p>This tour is one of the most exciting routes in Mallorca. We start in Palma and head towards Valldemossa and Dei\u00e0, our destination being the picturesque villages of S\u00f3ller and its romantic harbour Port de S\u00f3ller. From there we drive to Bunyola, stop in Santa Maria del Cam\u00ed and then return to Palma.<\/p>\n","protected":false},"featured_media":3525,"template":"","meta":{"_acf_changed":false},"product_brand":[],"product_cat":[62],"product_tag":[],"class_list":{"0":"post-4509","1":"product","2":"type-product","3":"status-publish","4":"has-post-thumbnail","6":"product_cat-en-coche-en","8":"first","9":"instock","10":"shipping-taxable","11":"product-type-simple"},"acf":[],"yoast_head":"<!-- This site is optimized with the Yoast SEO plugin v27.3 - https:\/\/yoast.com\/product\/yoast-seo-wordpress\/ -->\n<title>Tramuntana and west coast - Simply Mallorca<\/title>\n<meta name=\"robots\" content=\"index, follow, max-snippet:-1, max-image-preview:large, max-video-preview:-1\" \/>\n<link rel=\"canonical\" href=\"https:\/\/simplymallorca.info\/en\/rutas\/tramuntana-and-west-coast\/\" \/>\n<meta property=\"og:locale\" content=\"en_US\" \/>\n<meta property=\"og:type\" content=\"article\" \/>\n<meta property=\"og:title\" content=\"Tramuntana and west coast - Simply Mallorca\" \/>\n<meta property=\"og:description\" content=\"This tour is one of the most exciting routes in Mallorca. We start in Palma and head towards Valldemossa and Dei\u00e0, our destination being the picturesque villages of S\u00f3ller and its romantic harbour Port de S\u00f3ller. From there we drive to Bunyola, stop in Santa Maria del Cam\u00ed and then return to Palma.\" \/>\n<meta property=\"og:url\" content=\"https:\/\/simplymallorca.info\/en\/rutas\/tramuntana-and-west-coast\/\" \/>\n<meta property=\"og:site_name\" content=\"Simply Mallorca\" \/>\n<meta property=\"article:publisher\" content=\"https:\/\/www.facebook.com\/simplymallorcaguide\" \/>\n<meta property=\"article:modified_time\" content=\"2024-02-24T16:19:48+00:00\" \/>\n<meta property=\"og:image\" content=\"https:\/\/simplymallorca.info\/wp-content\/uploads\/2023\/08\/Tour1-fotoprincipal.jpg\" \/>\n\t<meta property=\"og:image:width\" content=\"1920\" \/>\n\t<meta property=\"og:image:height\" content=\"971\" \/>\n\t<meta property=\"og:image:type\" content=\"image\/jpeg\" \/>\n<meta name=\"twitter:card\" content=\"summary_large_image\" \/>\n<meta name=\"twitter:label1\" content=\"Est. reading time\" \/>\n\t<meta name=\"twitter:data1\" content=\"6 minutes\" \/>\n<script type=\"application\/ld+json\" class=\"yoast-schema-graph\">{\"@context\":\"https:\\\/\\\/schema.org\",\"@graph\":[{\"@type\":\"WebPage\",\"@id\":\"https:\\\/\\\/simplymallorca.info\\\/en\\\/rutas\\\/tramuntana-and-west-coast\\\/\",\"url\":\"https:\\\/\\\/simplymallorca.info\\\/en\\\/rutas\\\/tramuntana-and-west-coast\\\/\",\"name\":\"Tramuntana and west coast - Simply Mallorca\",\"isPartOf\":{\"@id\":\"https:\\\/\\\/simplymallorca.info\\\/#website\"},\"primaryImageOfPage\":{\"@id\":\"https:\\\/\\\/simplymallorca.info\\\/en\\\/rutas\\\/tramuntana-and-west-coast\\\/#primaryimage\"},\"image\":{\"@id\":\"https:\\\/\\\/simplymallorca.info\\\/en\\\/rutas\\\/tramuntana-and-west-coast\\\/#primaryimage\"},\"thumbnailUrl\":\"https:\\\/\\\/simplymallorca.info\\\/wp-content\\\/uploads\\\/2023\\\/08\\\/Tour1-fotoprincipal.jpg\",\"datePublished\":\"2023-08-08T17:45:42+00:00\",\"dateModified\":\"2024-02-24T16:19:48+00:00\",\"breadcrumb\":{\"@id\":\"https:\\\/\\\/simplymallorca.info\\\/en\\\/rutas\\\/tramuntana-and-west-coast\\\/#breadcrumb\"},\"inLanguage\":\"en-US\",\"potentialAction\":[{\"@type\":\"ReadAction\",\"target\":[\"https:\\\/\\\/simplymallorca.info\\\/en\\\/rutas\\\/tramuntana-and-west-coast\\\/\"]}]},{\"@type\":\"ImageObject\",\"inLanguage\":\"en-US\",\"@id\":\"https:\\\/\\\/simplymallorca.info\\\/en\\\/rutas\\\/tramuntana-and-west-coast\\\/#primaryimage\",\"url\":\"https:\\\/\\\/simplymallorca.info\\\/wp-content\\\/uploads\\\/2023\\\/08\\\/Tour1-fotoprincipal.jpg\",\"contentUrl\":\"https:\\\/\\\/simplymallorca.info\\\/wp-content\\\/uploads\\\/2023\\\/08\\\/Tour1-fotoprincipal.jpg\",\"width\":1920,\"height\":971},{\"@type\":\"BreadcrumbList\",\"@id\":\"https:\\\/\\\/simplymallorca.info\\\/en\\\/rutas\\\/tramuntana-and-west-coast\\\/#breadcrumb\",\"itemListElement\":[{\"@type\":\"ListItem\",\"position\":1,\"name\":\"Portada\",\"item\":\"https:\\\/\\\/simplymallorca.info\\\/en\\\/\"},{\"@type\":\"ListItem\",\"position\":2,\"name\":\"Productos\",\"item\":\"https:\\\/\\\/simplymallorca.info\\\/shop\\\/\"},{\"@type\":\"ListItem\",\"position\":3,\"name\":\"Tramuntana and west coast\"}]},{\"@type\":\"WebSite\",\"@id\":\"https:\\\/\\\/simplymallorca.info\\\/#website\",\"url\":\"https:\\\/\\\/simplymallorca.info\\\/\",\"name\":\"Simply Mallorca\",\"description\":\"\",\"publisher\":{\"@id\":\"https:\\\/\\\/simplymallorca.info\\\/#organization\"},\"potentialAction\":[{\"@type\":\"SearchAction\",\"target\":{\"@type\":\"EntryPoint\",\"urlTemplate\":\"https:\\\/\\\/simplymallorca.info\\\/?s={search_term_string}\"},\"query-input\":{\"@type\":\"PropertyValueSpecification\",\"valueRequired\":true,\"valueName\":\"search_term_string\"}}],\"inLanguage\":\"en-US\"},{\"@type\":\"Organization\",\"@id\":\"https:\\\/\\\/simplymallorca.info\\\/#organization\",\"name\":\"Simply Mallorca\",\"url\":\"https:\\\/\\\/simplymallorca.info\\\/\",\"logo\":{\"@type\":\"ImageObject\",\"inLanguage\":\"en-US\",\"@id\":\"https:\\\/\\\/simplymallorca.info\\\/#\\\/schema\\\/logo\\\/image\\\/\",\"url\":\"https:\\\/\\\/simplymallorca.info\\\/wp-content\\\/uploads\\\/2023\\\/08\\\/Simply-Mallorca-logo-trasnparent.png\",\"contentUrl\":\"https:\\\/\\\/simplymallorca.info\\\/wp-content\\\/uploads\\\/2023\\\/08\\\/Simply-Mallorca-logo-trasnparent.png\",\"width\":1920,\"height\":631,\"caption\":\"Simply Mallorca\"},\"image\":{\"@id\":\"https:\\\/\\\/simplymallorca.info\\\/#\\\/schema\\\/logo\\\/image\\\/\"},\"sameAs\":[\"https:\\\/\\\/www.facebook.com\\\/simplymallorcaguide\",\"https:\\\/\\\/youtube.com\\\/@sunnyguidemallorca5869\",\"https:\\\/\\\/linkedin.com\\\/simplymallorcaguide\\\/\",\"https:\\\/\\\/www.instagram.com\\\/simplymallorcaguide\\\/\"]}]}<\/script>\n<!-- \/ Yoast SEO plugin. -->","yoast_head_json":{"title":"Tramuntana and west coast - Simply Mallorca","robots":{"index":"index","follow":"follow","max-snippet":"max-snippet:-1","max-image-preview":"max-image-preview:large","max-video-preview":"max-video-preview:-1"},"canonical":"https:\/\/simplymallorca.info\/en\/rutas\/tramuntana-and-west-coast\/","og_locale":"en_US","og_type":"article","og_title":"Tramuntana and west coast - Simply Mallorca","og_description":"This tour is one of the most exciting routes in Mallorca. We start in Palma and head towards Valldemossa and Dei\u00e0, our destination being the picturesque villages of S\u00f3ller and its romantic harbour Port de S\u00f3ller. From there we drive to Bunyola, stop in Santa Maria del Cam\u00ed and then return to Palma.","og_url":"https:\/\/simplymallorca.info\/en\/rutas\/tramuntana-and-west-coast\/","og_site_name":"Simply Mallorca","article_publisher":"https:\/\/www.facebook.com\/simplymallorcaguide","article_modified_time":"2024-02-24T16:19:48+00:00","og_image":[{"width":1920,"height":971,"url":"https:\/\/simplymallorca.info\/wp-content\/uploads\/2023\/08\/Tour1-fotoprincipal.jpg","type":"image\/jpeg"}],"twitter_card":"summary_large_image","twitter_misc":{"Est. reading time":"6 minutes"},"schema":{"@context":"https:\/\/schema.org","@graph":[{"@type":"WebPage","@id":"https:\/\/simplymallorca.info\/en\/rutas\/tramuntana-and-west-coast\/","url":"https:\/\/simplymallorca.info\/en\/rutas\/tramuntana-and-west-coast\/","name":"Tramuntana and west coast - Simply Mallorca","isPartOf":{"@id":"https:\/\/simplymallorca.info\/#website"},"primaryImageOfPage":{"@id":"https:\/\/simplymallorca.info\/en\/rutas\/tramuntana-and-west-coast\/#primaryimage"},"image":{"@id":"https:\/\/simplymallorca.info\/en\/rutas\/tramuntana-and-west-coast\/#primaryimage"},"thumbnailUrl":"https:\/\/simplymallorca.info\/wp-content\/uploads\/2023\/08\/Tour1-fotoprincipal.jpg","datePublished":"2023-08-08T17:45:42+00:00","dateModified":"2024-02-24T16:19:48+00:00","breadcrumb":{"@id":"https:\/\/simplymallorca.info\/en\/rutas\/tramuntana-and-west-coast\/#breadcrumb"},"inLanguage":"en-US","potentialAction":[{"@type":"ReadAction","target":["https:\/\/simplymallorca.info\/en\/rutas\/tramuntana-and-west-coast\/"]}]},{"@type":"ImageObject","inLanguage":"en-US","@id":"https:\/\/simplymallorca.info\/en\/rutas\/tramuntana-and-west-coast\/#primaryimage","url":"https:\/\/simplymallorca.info\/wp-content\/uploads\/2023\/08\/Tour1-fotoprincipal.jpg","contentUrl":"https:\/\/simplymallorca.info\/wp-content\/uploads\/2023\/08\/Tour1-fotoprincipal.jpg","width":1920,"height":971},{"@type":"BreadcrumbList","@id":"https:\/\/simplymallorca.info\/en\/rutas\/tramuntana-and-west-coast\/#breadcrumb","itemListElement":[{"@type":"ListItem","position":1,"name":"Portada","item":"https:\/\/simplymallorca.info\/en\/"},{"@type":"ListItem","position":2,"name":"Productos","item":"https:\/\/simplymallorca.info\/shop\/"},{"@type":"ListItem","position":3,"name":"Tramuntana and west coast"}]},{"@type":"WebSite","@id":"https:\/\/simplymallorca.info\/#website","url":"https:\/\/simplymallorca.info\/","name":"Simply Mallorca","description":"","publisher":{"@id":"https:\/\/simplymallorca.info\/#organization"},"potentialAction":[{"@type":"SearchAction","target":{"@type":"EntryPoint","urlTemplate":"https:\/\/simplymallorca.info\/?s={search_term_string}"},"query-input":{"@type":"PropertyValueSpecification","valueRequired":true,"valueName":"search_term_string"}}],"inLanguage":"en-US"},{"@type":"Organization","@id":"https:\/\/simplymallorca.info\/#organization","name":"Simply Mallorca","url":"https:\/\/simplymallorca.info\/","logo":{"@type":"ImageObject","inLanguage":"en-US","@id":"https:\/\/simplymallorca.info\/#\/schema\/logo\/image\/","url":"https:\/\/simplymallorca.info\/wp-content\/uploads\/2023\/08\/Simply-Mallorca-logo-trasnparent.png","contentUrl":"https:\/\/simplymallorca.info\/wp-content\/uploads\/2023\/08\/Simply-Mallorca-logo-trasnparent.png","width":1920,"height":631,"caption":"Simply Mallorca"},"image":{"@id":"https:\/\/simplymallorca.info\/#\/schema\/logo\/image\/"},"sameAs":["https:\/\/www.facebook.com\/simplymallorcaguide","https:\/\/youtube.com\/@sunnyguidemallorca5869","https:\/\/linkedin.com\/simplymallorcaguide\/","https:\/\/www.instagram.com\/simplymallorcaguide\/"]}]}},"_links":{"self":[{"href":"https:\/\/simplymallorca.info\/en\/wp-json\/wp\/v2\/product\/4509","targetHints":{"allow":["GET"]}}],"collection":[{"href":"https:\/\/simplymallorca.info\/en\/wp-json\/wp\/v2\/product"}],"about":[{"href":"https:\/\/simplymallorca.info\/en\/wp-json\/wp\/v2\/types\/product"}],"wp:featuredmedia":[{"embeddable":true,"href":"https:\/\/simplymallorca.info\/en\/wp-json\/wp\/v2\/media\/3525"}],"wp:attachment":[{"href":"https:\/\/simplymallorca.info\/en\/wp-json\/wp\/v2\/media?parent=4509"}],"wp:term":[{"taxonomy":"product_brand","embeddable":true,"href":"https:\/\/simplymallorca.info\/en\/wp-json\/wp\/v2\/product_brand?post=4509"},{"taxonomy":"product_cat","embeddable":true,"href":"https:\/\/simplymallorca.info\/en\/wp-json\/wp\/v2\/product_cat?post=4509"},{"taxonomy":"product_tag","embeddable":true,"href":"https:\/\/simplymallorca.info\/en\/wp-json\/wp\/v2\/product_tag?post=4509"}],"curies":[{"name":"wp","href":"https:\/\/api.w.org\/{rel}","templated":true}]}}