{"id":4513,"date":"2023-08-08T19:45:42","date_gmt":"2023-08-08T17:45:42","guid":{"rendered":"https:\/\/simplymallorca.info\/?post_type=product&#038;p=4513"},"modified":"2024-02-10T15:44:31","modified_gmt":"2024-02-10T14:44:31","slug":"tramuntana-und-westkueste","status":"publish","type":"product","link":"https:\/\/simplymallorca.info\/de\/rutas\/tramuntana-und-westkueste\/","title":{"rendered":"Tramuntana und Westk\u00fcste"},"content":{"rendered":"<section class=\"wpb-content-wrapper\"><p>[vc_row][vc_column][vc_column_text]<\/p>\n<h3>Esporles<\/h3>\n<p>Auf dem mit Platanen ges\u00e4umten Boulevard des Ortes findet an jedem Samstag der Wochenmarkt statt. Kleine Caf\u00e9s laden zu einer Pause im Schatten ein. Von hier aus l\u00e4sst sich ganz wunderbar das Markttreiben beobachten.[\/vc_column_text][\/vc_column][\/vc_row][vc_row css=&#8221;.vc_custom_1694018543303{margin-top: 40px !important;}&#8221;][vc_column width=&#8221;1\/2&#8243; css=&#8221;.vc_custom_1694018591720{padding-right: 30px !important;}&#8221;][vc_column_text]<\/p>\n<h3>Valldemossa<\/h3>\n<p>Aus dem einst idyllischen Dorf ist mittlerweile ein touristisches Zentrum geworden. Das hat dem Flair allerdings nicht geschadet. Hier treffen sich Fans aus Kultur, Geschichte und Musik. Ziel ist vor allem die Kartause von Valldemossa, in der Komponist Fr\u00e9d\u00e9ric Chopin und Autorin George Sand im 19. Jahrhundert den legend\u00e4ren und kalten \u201eWinter auf Mallorca\u201c verbrachten. Chopin soll angesichts des Wetters seine ber\u00fchmte Regentropfen-Pr\u00e9lude geschaffen haben. Die Wohnzelle der beiden K\u00fcnstler sowie der Garten der Kartause k\u00f6nnen besichtigt werden. Valldemossa hat aber auch einiges an Gesch\u00e4ften und Lokalen zu bieten. Spezialit\u00e4t ist die typische \u201eCoca de patatas\u201c, die es nur in Valldemossa so gut geben soll.[\/vc_column_text][\/vc_column][vc_column width=&#8221;1\/2&#8243; css=&#8221;.vc_custom_1694018586324{padding-left: 30px !important;}&#8221;][vc_single_image image=&#8221;3269&#8243; img_size=&#8221;full&#8221; alignment=&#8221;center&#8221;][\/vc_column][\/vc_row][vc_row css=&#8221;.vc_custom_1694018554679{margin-top: 40px !important;}&#8221;][vc_column width=&#8221;1\/2&#8243; css=&#8221;.vc_custom_1694018599746{padding-right: 30px !important;}&#8221;][vc_single_image image=&#8221;3270&#8243; img_size=&#8221;full&#8221; alignment=&#8221;center&#8221;][\/vc_column][vc_column width=&#8221;1\/2&#8243; css=&#8221;.vc_custom_1694018595495{padding-left: 30px !important;}&#8221;][vc_column_text]<\/p>\n<h3>Dei\u00e0<\/h3>\n<p>Das K\u00fcnstlerdorf mit kleinen L\u00e4den, gro\u00dfer Gastronomie und renommierten Hotels. Das pittoreske Ambiente zieht bis heute viele Prominente in seinen Bann. Lohnenswert der Fu\u00dfweg zur Kirche hoch oben \u00fcber dem Ort: Der Rundblick von hier aus ist phantastisch. Im Sommer lockt die kleine Bucht mit einer Erfrischung zu Wasser und im dortigen Restaurant zu Lande. \u00dcber die K\u00fcstenstra\u00dfe Ma-10 geht es \u00fcber eine wundersch\u00f6ne, kurvenreiche Strecke weiter nach S\u00f3ller.[\/vc_column_text][\/vc_column][\/vc_row][vc_row css=&#8221;.vc_custom_1694018559105{margin-top: 40px !important;}&#8221;][vc_column width=&#8221;1\/2&#8243; css=&#8221;.vc_custom_1694018610239{padding-right: 30px !important;}&#8221;][vc_column_text]<\/p>\n<h3>S\u00f3ller<\/h3>\n<p>Der ber\u00fchmte Ort liegt im Orangental und ist Ziel des \u201eRoten Blitz\u201c, jener legend\u00e4ren Schienenverbindung, die seit \u00fcber 100 Jahren per Schmalspurbahn Palma mit \u201eder anderen Seite\u201c der Serra de Tramuntana verbindet. Anfangs wurde die Gegend rund um S\u00f3ller auch Tal des Goldes genannt, nicht jedoch aufgrund der Z itrusfr\u00fcchte, die hier von besonderer Qualit\u00e4t sein sollen, s ondern wegen der vielen Olivenb\u00e4ume und dem daraus gewonnenen \u00d6l. Der einstige Reichtum der Bewohner zeigt die prachtvolle Architektur der H\u00e4user.<\/p>\n<p>Eine der feinsten Eiscremes der Insel, mit Naturprodukten, Zitrusfr\u00fcchten aus dem S\u00f3ller-Tal und besten Zutaten. Probieren Sie unbedingt das Zitronensorbet oder Orangeneis. Zu finden in Port de S\u00f3ller und in S\u00f3ller. <a href=\"http:\/\/www.gelatsoller.com\">www.gelatsoller.com<\/a>[\/vc_column_text][\/vc_column][vc_column width=&#8221;1\/2&#8243; css=&#8221;.vc_custom_1694018604624{padding-left: 30px !important;}&#8221;][vc_single_image image=&#8221;3272&#8243; img_size=&#8221;full&#8221; alignment=&#8221;center&#8221;][\/vc_column][\/vc_row][vc_row css=&#8221;.vc_custom_1694018564973{margin-top: 40px !important;}&#8221;][vc_column width=&#8221;1\/2&#8243; css=&#8221;.vc_custom_1694018619099{padding-right: 30px !important;}&#8221;][vc_single_image image=&#8221;3273&#8243; img_size=&#8221;full&#8221; alignment=&#8221;center&#8221;][\/vc_column][vc_column width=&#8221;1\/2&#8243; css=&#8221;.vc_custom_1694018614871{padding-left: 30px !important;}&#8221;][vc_column_text]<\/p>\n<h3>Port de S\u00f3ller<\/h3>\n<p>Per historischer Stra\u00dfenbahn nach Port de S\u00f3ller. Die vielen Restaurants und Caf\u00e9s bieten einen wunderbaren Blick auf das lebhafte Treiben im Hafen und dem Boulevard. Vom Hafen aus f\u00e4hrt auch mehrmals t\u00e4glich ein Boot nach Sa Calobra an den ber\u00fchmten Torrent de Pareis.[\/vc_column_text][\/vc_column][\/vc_row][vc_row css=&#8221;.vc_custom_1694018665208{margin-top: 20px !important;}&#8221;][vc_column][vc_column_text]<\/p>\n<h3>Zur\u00fcck nach Palma<\/h3>\n<p>Sie haben ab S\u00f3ller die Wahl: Entweder fahren Sie \u00fcber den Serpentinenpass in Richtung Palma oder nutzen die kostenlose Durchfahrt durch den Tunnel.[\/vc_column_text][\/vc_column][\/vc_row][vc_row content_placement=&#8221;middle&#8221; css=&#8221;.vc_custom_1694018683107{margin-top: 30px !important;}&#8221;][vc_column width=&#8221;1\/2&#8243; css=&#8221;.vc_custom_1694018631301{padding-right: 30px !important;}&#8221;][vc_column_text]<\/p>\n<h3>Santa Maria del Cam\u00ed<\/h3>\n<p>Sie gelangen ab Bunyola in eine der bedeutendsten Weinregionen der Insel. Halten Sie in den Orten Santa Maria del Cam\u00ed, Consell und Binissalem und entdecken Sie die kleinen Bodegas, die sich manchmal in Innenh\u00f6fen der Stadth\u00e4user befinden. In Binissalem findet immer im September das traditionelle Weinfest statt.<\/p>\n<p><a href=\"http:\/\/www.permoltesraons.com\">Santa Maria<\/a> hat sich zur Weinhauptstadt Mallorcas entwickelt, wegen seiner Weinfelder und der Vielfalt und Qualit\u00e4t seiner Bodegas. Von gro\u00dfen Weing\u00fctern wie Maci\u00e0 Batle bis hin zu kleinen Weing\u00fctern, die Bio-Weine mit lokalen Sorten produzieren und die F\u00fchrungen und Weinproben anbieten. Alle Weine tragen geografisch gesch\u00fctzte Bezeichnungen wie den \u201eVi de Mallorca\u201c oder die Herkunfstbezeichnung \u201eDenomincaci\u00f3n de Origen Binissalem\u201c. Sieben dieser Weing\u00fcter bilden die Associaci\u00f3 de Cellers de Santa Maria, die Eigenmarkenweine und Neuheiten wie den originellen \u201evi taronja\u201c (Orangenwein) f\u00f6rdert. Aber Santa Maria bietet noch viel mehr. Das gastronomische Angebot ist sehr vielf\u00e4ltig, darunter Bars, in denen man die besten \u201eVariats\u201c (typisch mallorquinische Tapas) genie\u00dfen kann, ausgezeichnete B\u00e4ckereien und Konditoreien, Paella- und Grill-Restaurants, Pizzerien&#8230; und der ber\u00fchmte Celler Sa Sini -Tempel der traditionellen mallorquinischen K\u00fcche-, aber auch erlesenere K\u00fcche wie das Bistro 19 im Livingdreams Mallorca, im Mol\u00ed des Torrent oder Cabra Blanca.<\/p>\n<p>Au\u00dferdem gibt es ein attraktives Shopping- Angebot, zum Beispiel mit einer der letzten Werkstatt Mallorcas, in der man die authentischen \u201eteles de lleng\u00fces\u201c ( den mallorquinischen Zungenstoff) kaufen kann, Artesania Textil Bujosa. Im Ort finden Sie weitere Werkst\u00e4tten f\u00fcr keramisches Kunsthandwerk, Gesch\u00e4fte f\u00fcr Mode und originelle Accessoires, Dekoration, M\u00f6bel, Haushaltswaren und Outdoorm\u00f6bel. Dar\u00fcber hinaus ist Santa Maria eine Stadt mit viel kulturellem Leben und ber\u00fchmt f\u00fcr seine Fiestas. Schauen Sie mal im aktuellen Veranstaltungskalender nach. Der Stadtkern mit seinem interessanten kulturellen und architektonischen Erbe l\u00e4dt zu einem Spaziergang durch die Stra\u00dfen ein, um die ganze Essenz einer Stadt mit allen Dienstleistungen zu genie\u00dfen, die dar\u00fcber hinaus an ihren Traditionen festh\u00e4lt. Nicht zu vergessen ist der traditionelle und ber\u00fchmte Sonntagsmarkt, der ein Anziehungspunkt f\u00fcr Einwohner von der ganzen Insel und f\u00fcr Urlauber ist.<\/p>\n<p>Unser Tipp f\u00fcr Wanderfreunde:<\/p>\n<p>Eine Wanderung zum Castell d\u2019Alar\u00f3, ab dem Parkplatz des Landgasthofs Es Verger. Wanderstrecke ca. 1 Stunde bergauf. <a href=\"http:\/\/www.visit.ajalaro.net\">www.visit.ajalaro.net<\/a>[\/vc_column_text][\/vc_column][vc_column width=&#8221;1\/2&#8243; css=&#8221;.vc_custom_1694018626719{padding-left: 30px !important;}&#8221;][vc_single_image image=&#8221;3274&#8243; img_size=&#8221;full&#8221; alignment=&#8221;center&#8221;][vc_single_image image=&#8221;3275&#8243; img_size=&#8221;full&#8221; alignment=&#8221;center&#8221;][\/vc_column][\/vc_row]<\/p>\n<\/section>","protected":false},"excerpt":{"rendered":"<p>Diese Tour ist eine der aufregendsten Strecken auf Mallorca. Wir starten in Palma und fahren in Richtung Valldemossa und Dei\u00e0. Unser Ziel sind die malerischen D\u00f6rfer von S\u00f3ller und sein romantischer Hafen Port de S\u00f3ller. Von dort aus fahren wir nach Bunyola, halten in Santa Maria del Cam\u00ed und kehren dann nach Palma zur\u00fcck.<\/p>\n","protected":false},"featured_media":3526,"template":"","meta":{"_acf_changed":false},"product_brand":[],"product_cat":[89],"product_tag":[],"class_list":{"0":"post-4513","1":"product","2":"type-product","3":"status-publish","4":"has-post-thumbnail","6":"product_cat-mit-dem-auto-de","8":"first","9":"instock","10":"shipping-taxable","11":"product-type-simple"},"acf":[],"yoast_head":"<!-- This site is optimized with the Yoast SEO plugin v27.3 - https:\/\/yoast.com\/product\/yoast-seo-wordpress\/ -->\n<title>Tramuntana und Westk\u00fcste - Simply Mallorca<\/title>\n<meta name=\"robots\" content=\"index, follow, max-snippet:-1, max-image-preview:large, max-video-preview:-1\" \/>\n<link rel=\"canonical\" href=\"https:\/\/simplymallorca.info\/de\/rutas\/tramuntana-und-westkueste\/\" \/>\n<meta property=\"og:locale\" content=\"de_DE\" \/>\n<meta property=\"og:type\" content=\"article\" \/>\n<meta property=\"og:title\" content=\"Tramuntana und Westk\u00fcste - Simply Mallorca\" \/>\n<meta property=\"og:description\" content=\"Diese Tour ist eine der aufregendsten Strecken auf Mallorca. Wir starten in Palma und fahren in Richtung Valldemossa und Dei\u00e0. Unser Ziel sind die malerischen D\u00f6rfer von S\u00f3ller und sein romantischer Hafen Port de S\u00f3ller. Von dort aus fahren wir nach Bunyola, halten in Santa Maria del Cam\u00ed und kehren dann nach Palma zur\u00fcck.\" \/>\n<meta property=\"og:url\" content=\"https:\/\/simplymallorca.info\/de\/rutas\/tramuntana-und-westkueste\/\" \/>\n<meta property=\"og:site_name\" content=\"Simply Mallorca\" \/>\n<meta property=\"article:publisher\" content=\"https:\/\/www.facebook.com\/simplymallorcaguide\" \/>\n<meta property=\"article:modified_time\" content=\"2024-02-10T14:44:31+00:00\" \/>\n<meta property=\"og:image\" content=\"https:\/\/simplymallorca.info\/wp-content\/uploads\/2023\/08\/Tour1-fotoprincipal.jpg\" \/>\n\t<meta property=\"og:image:width\" content=\"1920\" \/>\n\t<meta property=\"og:image:height\" content=\"971\" \/>\n\t<meta property=\"og:image:type\" content=\"image\/jpeg\" \/>\n<meta name=\"twitter:card\" content=\"summary_large_image\" \/>\n<meta name=\"twitter:label1\" content=\"Gesch\u00e4tzte Lesezeit\" \/>\n\t<meta name=\"twitter:data1\" content=\"4\u00a0Minuten\" \/>\n<script type=\"application\/ld+json\" class=\"yoast-schema-graph\">{\"@context\":\"https:\\\/\\\/schema.org\",\"@graph\":[{\"@type\":\"WebPage\",\"@id\":\"https:\\\/\\\/simplymallorca.info\\\/de\\\/rutas\\\/tramuntana-und-westkueste\\\/\",\"url\":\"https:\\\/\\\/simplymallorca.info\\\/de\\\/rutas\\\/tramuntana-und-westkueste\\\/\",\"name\":\"Tramuntana und Westk\u00fcste - Simply Mallorca\",\"isPartOf\":{\"@id\":\"https:\\\/\\\/simplymallorca.info\\\/#website\"},\"primaryImageOfPage\":{\"@id\":\"https:\\\/\\\/simplymallorca.info\\\/de\\\/rutas\\\/tramuntana-und-westkueste\\\/#primaryimage\"},\"image\":{\"@id\":\"https:\\\/\\\/simplymallorca.info\\\/de\\\/rutas\\\/tramuntana-und-westkueste\\\/#primaryimage\"},\"thumbnailUrl\":\"https:\\\/\\\/simplymallorca.info\\\/wp-content\\\/uploads\\\/2023\\\/08\\\/Tour1-fotoprincipal.jpg\",\"datePublished\":\"2023-08-08T17:45:42+00:00\",\"dateModified\":\"2024-02-10T14:44:31+00:00\",\"breadcrumb\":{\"@id\":\"https:\\\/\\\/simplymallorca.info\\\/de\\\/rutas\\\/tramuntana-und-westkueste\\\/#breadcrumb\"},\"inLanguage\":\"de\",\"potentialAction\":[{\"@type\":\"ReadAction\",\"target\":[\"https:\\\/\\\/simplymallorca.info\\\/de\\\/rutas\\\/tramuntana-und-westkueste\\\/\"]}]},{\"@type\":\"ImageObject\",\"inLanguage\":\"de\",\"@id\":\"https:\\\/\\\/simplymallorca.info\\\/de\\\/rutas\\\/tramuntana-und-westkueste\\\/#primaryimage\",\"url\":\"https:\\\/\\\/simplymallorca.info\\\/wp-content\\\/uploads\\\/2023\\\/08\\\/Tour1-fotoprincipal.jpg\",\"contentUrl\":\"https:\\\/\\\/simplymallorca.info\\\/wp-content\\\/uploads\\\/2023\\\/08\\\/Tour1-fotoprincipal.jpg\",\"width\":1920,\"height\":971},{\"@type\":\"BreadcrumbList\",\"@id\":\"https:\\\/\\\/simplymallorca.info\\\/de\\\/rutas\\\/tramuntana-und-westkueste\\\/#breadcrumb\",\"itemListElement\":[{\"@type\":\"ListItem\",\"position\":1,\"name\":\"Portada\",\"item\":\"https:\\\/\\\/simplymallorca.info\\\/de\\\/\"},{\"@type\":\"ListItem\",\"position\":2,\"name\":\"Productos\",\"item\":\"https:\\\/\\\/simplymallorca.info\\\/shop\\\/\"},{\"@type\":\"ListItem\",\"position\":3,\"name\":\"Tramuntana und Westk\u00fcste\"}]},{\"@type\":\"WebSite\",\"@id\":\"https:\\\/\\\/simplymallorca.info\\\/#website\",\"url\":\"https:\\\/\\\/simplymallorca.info\\\/\",\"name\":\"Simply Mallorca\",\"description\":\"\",\"publisher\":{\"@id\":\"https:\\\/\\\/simplymallorca.info\\\/#organization\"},\"potentialAction\":[{\"@type\":\"SearchAction\",\"target\":{\"@type\":\"EntryPoint\",\"urlTemplate\":\"https:\\\/\\\/simplymallorca.info\\\/?s={search_term_string}\"},\"query-input\":{\"@type\":\"PropertyValueSpecification\",\"valueRequired\":true,\"valueName\":\"search_term_string\"}}],\"inLanguage\":\"de\"},{\"@type\":\"Organization\",\"@id\":\"https:\\\/\\\/simplymallorca.info\\\/#organization\",\"name\":\"Simply Mallorca\",\"url\":\"https:\\\/\\\/simplymallorca.info\\\/\",\"logo\":{\"@type\":\"ImageObject\",\"inLanguage\":\"de\",\"@id\":\"https:\\\/\\\/simplymallorca.info\\\/#\\\/schema\\\/logo\\\/image\\\/\",\"url\":\"https:\\\/\\\/simplymallorca.info\\\/wp-content\\\/uploads\\\/2023\\\/08\\\/Simply-Mallorca-logo-trasnparent.png\",\"contentUrl\":\"https:\\\/\\\/simplymallorca.info\\\/wp-content\\\/uploads\\\/2023\\\/08\\\/Simply-Mallorca-logo-trasnparent.png\",\"width\":1920,\"height\":631,\"caption\":\"Simply Mallorca\"},\"image\":{\"@id\":\"https:\\\/\\\/simplymallorca.info\\\/#\\\/schema\\\/logo\\\/image\\\/\"},\"sameAs\":[\"https:\\\/\\\/www.facebook.com\\\/simplymallorcaguide\",\"https:\\\/\\\/youtube.com\\\/@sunnyguidemallorca5869\",\"https:\\\/\\\/linkedin.com\\\/simplymallorcaguide\\\/\",\"https:\\\/\\\/www.instagram.com\\\/simplymallorcaguide\\\/\"]}]}<\/script>\n<!-- \/ Yoast SEO plugin. -->","yoast_head_json":{"title":"Tramuntana und Westk\u00fcste - Simply Mallorca","robots":{"index":"index","follow":"follow","max-snippet":"max-snippet:-1","max-image-preview":"max-image-preview:large","max-video-preview":"max-video-preview:-1"},"canonical":"https:\/\/simplymallorca.info\/de\/rutas\/tramuntana-und-westkueste\/","og_locale":"de_DE","og_type":"article","og_title":"Tramuntana und Westk\u00fcste - Simply Mallorca","og_description":"Diese Tour ist eine der aufregendsten Strecken auf Mallorca. Wir starten in Palma und fahren in Richtung Valldemossa und Dei\u00e0. Unser Ziel sind die malerischen D\u00f6rfer von S\u00f3ller und sein romantischer Hafen Port de S\u00f3ller. Von dort aus fahren wir nach Bunyola, halten in Santa Maria del Cam\u00ed und kehren dann nach Palma zur\u00fcck.","og_url":"https:\/\/simplymallorca.info\/de\/rutas\/tramuntana-und-westkueste\/","og_site_name":"Simply Mallorca","article_publisher":"https:\/\/www.facebook.com\/simplymallorcaguide","article_modified_time":"2024-02-10T14:44:31+00:00","og_image":[{"width":1920,"height":971,"url":"https:\/\/simplymallorca.info\/wp-content\/uploads\/2023\/08\/Tour1-fotoprincipal.jpg","type":"image\/jpeg"}],"twitter_card":"summary_large_image","twitter_misc":{"Gesch\u00e4tzte Lesezeit":"4\u00a0Minuten"},"schema":{"@context":"https:\/\/schema.org","@graph":[{"@type":"WebPage","@id":"https:\/\/simplymallorca.info\/de\/rutas\/tramuntana-und-westkueste\/","url":"https:\/\/simplymallorca.info\/de\/rutas\/tramuntana-und-westkueste\/","name":"Tramuntana und Westk\u00fcste - Simply Mallorca","isPartOf":{"@id":"https:\/\/simplymallorca.info\/#website"},"primaryImageOfPage":{"@id":"https:\/\/simplymallorca.info\/de\/rutas\/tramuntana-und-westkueste\/#primaryimage"},"image":{"@id":"https:\/\/simplymallorca.info\/de\/rutas\/tramuntana-und-westkueste\/#primaryimage"},"thumbnailUrl":"https:\/\/simplymallorca.info\/wp-content\/uploads\/2023\/08\/Tour1-fotoprincipal.jpg","datePublished":"2023-08-08T17:45:42+00:00","dateModified":"2024-02-10T14:44:31+00:00","breadcrumb":{"@id":"https:\/\/simplymallorca.info\/de\/rutas\/tramuntana-und-westkueste\/#breadcrumb"},"inLanguage":"de","potentialAction":[{"@type":"ReadAction","target":["https:\/\/simplymallorca.info\/de\/rutas\/tramuntana-und-westkueste\/"]}]},{"@type":"ImageObject","inLanguage":"de","@id":"https:\/\/simplymallorca.info\/de\/rutas\/tramuntana-und-westkueste\/#primaryimage","url":"https:\/\/simplymallorca.info\/wp-content\/uploads\/2023\/08\/Tour1-fotoprincipal.jpg","contentUrl":"https:\/\/simplymallorca.info\/wp-content\/uploads\/2023\/08\/Tour1-fotoprincipal.jpg","width":1920,"height":971},{"@type":"BreadcrumbList","@id":"https:\/\/simplymallorca.info\/de\/rutas\/tramuntana-und-westkueste\/#breadcrumb","itemListElement":[{"@type":"ListItem","position":1,"name":"Portada","item":"https:\/\/simplymallorca.info\/de\/"},{"@type":"ListItem","position":2,"name":"Productos","item":"https:\/\/simplymallorca.info\/shop\/"},{"@type":"ListItem","position":3,"name":"Tramuntana und Westk\u00fcste"}]},{"@type":"WebSite","@id":"https:\/\/simplymallorca.info\/#website","url":"https:\/\/simplymallorca.info\/","name":"Simply Mallorca","description":"","publisher":{"@id":"https:\/\/simplymallorca.info\/#organization"},"potentialAction":[{"@type":"SearchAction","target":{"@type":"EntryPoint","urlTemplate":"https:\/\/simplymallorca.info\/?s={search_term_string}"},"query-input":{"@type":"PropertyValueSpecification","valueRequired":true,"valueName":"search_term_string"}}],"inLanguage":"de"},{"@type":"Organization","@id":"https:\/\/simplymallorca.info\/#organization","name":"Simply Mallorca","url":"https:\/\/simplymallorca.info\/","logo":{"@type":"ImageObject","inLanguage":"de","@id":"https:\/\/simplymallorca.info\/#\/schema\/logo\/image\/","url":"https:\/\/simplymallorca.info\/wp-content\/uploads\/2023\/08\/Simply-Mallorca-logo-trasnparent.png","contentUrl":"https:\/\/simplymallorca.info\/wp-content\/uploads\/2023\/08\/Simply-Mallorca-logo-trasnparent.png","width":1920,"height":631,"caption":"Simply Mallorca"},"image":{"@id":"https:\/\/simplymallorca.info\/#\/schema\/logo\/image\/"},"sameAs":["https:\/\/www.facebook.com\/simplymallorcaguide","https:\/\/youtube.com\/@sunnyguidemallorca5869","https:\/\/linkedin.com\/simplymallorcaguide\/","https:\/\/www.instagram.com\/simplymallorcaguide\/"]}]}},"_links":{"self":[{"href":"https:\/\/simplymallorca.info\/de\/wp-json\/wp\/v2\/product\/4513","targetHints":{"allow":["GET"]}}],"collection":[{"href":"https:\/\/simplymallorca.info\/de\/wp-json\/wp\/v2\/product"}],"about":[{"href":"https:\/\/simplymallorca.info\/de\/wp-json\/wp\/v2\/types\/product"}],"wp:featuredmedia":[{"embeddable":true,"href":"https:\/\/simplymallorca.info\/de\/wp-json\/wp\/v2\/media\/3526"}],"wp:attachment":[{"href":"https:\/\/simplymallorca.info\/de\/wp-json\/wp\/v2\/media?parent=4513"}],"wp:term":[{"taxonomy":"product_brand","embeddable":true,"href":"https:\/\/simplymallorca.info\/de\/wp-json\/wp\/v2\/product_brand?post=4513"},{"taxonomy":"product_cat","embeddable":true,"href":"https:\/\/simplymallorca.info\/de\/wp-json\/wp\/v2\/product_cat?post=4513"},{"taxonomy":"product_tag","embeddable":true,"href":"https:\/\/simplymallorca.info\/de\/wp-json\/wp\/v2\/product_tag?post=4513"}],"curies":[{"name":"wp","href":"https:\/\/api.w.org\/{rel}","templated":true}]}}