{"id":4512,"date":"2023-08-16T16:44:13","date_gmt":"2023-08-16T14:44:13","guid":{"rendered":"https:\/\/simplymallorca.info\/?post_type=product&#038;p=4512"},"modified":"2024-02-10T15:49:28","modified_gmt":"2024-02-10T14:49:28","slug":"nordkueste-und-inselmitte","status":"publish","type":"product","link":"https:\/\/simplymallorca.info\/de\/rutas\/nordkueste-und-inselmitte\/","title":{"rendered":"Nordk\u00fcste und Inselmitte"},"content":{"rendered":"<section class=\"wpb-content-wrapper\"><p>[vc_row][vc_column][vc_column_text]<\/p>\n<h3><b>Inca<\/b><\/h3>\n<p>Die drittgr\u00f6\u00dfte Stadt Mallorcas liegt in der n\u00f6rdlichen Inselmitte und ist damit beliebter Ausgangspunkt f\u00fcr Fahrten in die Serra de Tramuntana sowie die gro\u00dfen Buchten des Nordens. Die Region um Inca bietet auch viele Ferienh\u00e4user und Landhotels f\u00fcr den individuellen Urlauber.Bekannt ist Inca auch f\u00fcr seine traditionellen Celler-Restaurants und Leder- sowie Schuh-Outlets.<\/p>\n<p>Bevor Sie in Richtung Bergwelt und Campanet starten, sollten Sie von Inca aus ein paar Kilometer in Richtung Llub\u00ed fahren. Hier finden Sie Son Catiu, einen bekannten Hersteller feinsten Oliven\u00f6ls. Verkosten sie die \u00d6le und st\u00e4rken Sie sich im Restaurant, bevor es von Inca aus \u00fcber die Autobahn Ma-13 in Richtung Alc\u00fadia geht.[\/vc_column_text][\/vc_column][\/vc_row][vc_row content_placement=&#8221;middle&#8221; css=&#8221;.vc_custom_1694017068033{margin-top: 40px !important;}&#8221;][vc_column width=&#8221;1\/2&#8243; css=&#8221;.vc_custom_1694016906318{padding-right: 30px !important;}&#8221;][vc_column_text]<\/p>\n<h3><b>Sineu<\/b><\/h3>\n<p><span style=\"font-weight: 400;\">Der Ort ist das fr\u00fchere Handelszentrum gewesen, ca. 8 km von Inca entfernt und bietet jeden Mittwoch Vormittag ein grosses Erlebnis: Den Wochenmarkt. Er ist einer der gr\u00f6\u00dften und beliebtesten M\u00e4rkte, mit Viehmarkt, Obst und Gem\u00fcse, Mode, Accessoires und vielem mehr. Hier ein kurzes Video:<\/span>[\/vc_column_text][vc_video link=&#8221;https:\/\/www.youtube.com\/watch?v=_q4H2YaLApc&#8221;][\/vc_column][vc_column width=&#8221;1\/2&#8243; css=&#8221;.vc_custom_1694016915804{padding-left: 30px !important;}&#8221;][vc_single_image image=&#8221;3606&#8243; img_size=&#8221;full&#8221; alignment=&#8221;center&#8221;][\/vc_column][\/vc_row][vc_row css=&#8221;.vc_custom_1694017072196{margin-top: 40px !important;}&#8221;][vc_column][vc_column_text]<\/p>\n<h3><b>Campanet<\/b><\/h3>\n<p>In einem zauberhaften Tal finden Sie die H\u00f6hlen von Campanet (Coves de Campanet). Die unterirdische Welt bietet auf 3.200 Quadratmetern spektakul\u00e4re Tropfsteinformationen, faszinierende Grotten und eine bezaubernde Seenlandschaft. Die H\u00f6hlen sind vor allem im Sommer angenehm k\u00fchl. Da die Temperatur niemals \u00fcber 17 Grad steigt, sollten Sie an eine leichte aber w\u00e4rmende Jacke denken. Jeweils dienstags gibt es in Campanet einen kleinen Wochenmarkt.[\/vc_column_text][\/vc_column][\/vc_row][vc_row css=&#8221;.vc_custom_1694017076650{margin-top: 40px !important;}&#8221;][vc_column width=&#8221;1\/2&#8243; css=&#8221;.vc_custom_1694016860571{padding-right: 30px !important;}&#8221;][vc_single_image image=&#8221;3609&#8243; img_size=&#8221;full&#8221; alignment=&#8221;center&#8221;][\/vc_column][vc_column width=&#8221;1\/2&#8243; css=&#8221;.vc_custom_1694016866047{padding-left: 30px !important;}&#8221;][vc_column_text]<\/p>\n<h3><b>Selva<\/b><\/h3>\n<p>Fahren Sie von Campanet aus \u00fcber die Ma-2131 \u00fcber Moscari bis nach Selva. Ein h\u00fcbsches Kr\u00e4uterdorf am Rande der Serra de Tramuntana. Von der hoch oben liegenden Kirche hat man einen herrlichen Ausblick auf die Berge, die Nordk\u00fcste sowie die Mitte und den s\u00fcdlichen Teil der Insel. Der Wochenmarkt findet hier jeweils mittwochs statt.[\/vc_column_text][\/vc_column][\/vc_row][vc_row css=&#8221;.vc_custom_1694017080955{margin-top: 40px !important;}&#8221;][vc_column][vc_column_text]<\/p>\n<h3><b>Caimari<\/b><\/h3>\n<p>Weiter geht es \u00fcber die Ma-2130 nach Caimari. Sie haben das Olivendorf Mallorcas erreicht. Hier findet im Herbst die gro\u00dfe Olivenmesse statt. Produzenten pr\u00e4sentieren ihre \u00d6le, Bodegas ihre Weine, dazu gibt es Inselk\u00f6stlichkeiten und Kunsthandwerk. Am Montag findet der traditionelle Wochenmarkt des Ortes statt.[\/vc_column_text][\/vc_column][\/vc_row][vc_row css=&#8221;.vc_custom_1694017085791{margin-top: 40px !important;}&#8221;][vc_column width=&#8221;1\/2&#8243; css=&#8221;.vc_custom_1694016948183{padding-right: 30px !important;}&#8221;][vc_single_image image=&#8221;3632&#8243; img_size=&#8221;full&#8221; alignment=&#8221;center&#8221;][\/vc_column][vc_column width=&#8221;1\/2&#8243; css=&#8221;.vc_custom_1694016880909{padding-left: 30px !important;}&#8221;][vc_column_text]<\/p>\n<h3><b>Santuario de Lluc<\/b><\/h3>\n<p>\u00dcber die Serpentinenstra\u00dfe Ma-2130 fahren Sie in die beeindruckende Berglandschaft zum Heiligtum Lluc. Das Santuari ist mit seiner Schwarzen Madonna eine ber\u00fchmte Wallfahrtsst\u00e4tte auf der Insel. T\u00e4glich um 11.45 Uhr und 16.45 Uhr probt der Kinderchor Es Blauets in der Klosterkirche. Sehenswert ist auch der Botanische Garten.[\/vc_column_text][\/vc_column][\/vc_row][vc_row css=&#8221;.vc_custom_1694017090640{margin-top: 40px !important;}&#8221;][vc_column width=&#8221;1\/2&#8243; css=&#8221;.vc_custom_1694016961109{padding-right: 30px !important;}&#8221;][vc_column_text]<\/p>\n<h3><b>Pollen\u00e7a<\/b><\/h3>\n<p>Weiter geht es \u00fcber die Tramuntanaroute Ma-10 und das traumhafte Tal Son Marc nach Pollen\u00e7a. Diese Strecke ist wirklich spektakul\u00e4r und macht richtig Spa\u00df. Pollensa ist eine attraktive Kleinstadt mit engen Gassen und gem\u00fctlichen Caf\u00e9s und Restaurants sowie sch\u00f6nen kleinen Boutiquen. Sonntags ist in Pollen\u00e7a Markttag.<\/p>\n<p>Unser Tipp: PUIG DE CALVARI<\/p>\n<p>Die Wallfahrtskapelle auf dem Klosterberg Calvari. 365 Steinstufen, ges\u00e4umt von Zypressen, f\u00fchren hinauf. An Ostern findet dort die ber\u00fchmte Karfreitagsprozession statt.[\/vc_column_text][\/vc_column][vc_column width=&#8221;1\/2&#8243; css=&#8221;.vc_custom_1694016977553{padding-left: 30px !important;}&#8221;][vc_single_image image=&#8221;3612&#8243; img_size=&#8221;full&#8221; alignment=&#8221;center&#8221;][\/vc_column][\/vc_row][vc_row css=&#8221;.vc_custom_1694017095038{margin-top: 40px !important;}&#8221;][vc_column width=&#8221;1\/2&#8243; css=&#8221;.vc_custom_1694016984935{padding-right: 30px !important;}&#8221;][vc_single_image image=&#8221;3635&#8243; img_size=&#8221;full&#8221; alignment=&#8221;center&#8221;][\/vc_column][vc_column width=&#8221;1\/2&#8243; css=&#8221;.vc_custom_1694016969856{padding-left: 30px !important;}&#8221;][vc_column_text]<\/p>\n<h3><b>Cap de Formentor<\/b><\/h3>\n<p>Das n\u00f6rdliche Ende der Insel Mallorca ist wahrhaft einzigartig: Wind und Wasser haben an der Halbinsel Formentor eine faszinierende und bizarre Steilk\u00fcste geschaffen, mit steilen Klippen, atemberaubenden und beeindruckenden Aussichten. Von Port de Pollen\u00e7a aus f\u00fchrt die knapp 14 Kilometer lange, serpentinenreiche und schmale Ma-2110 bis zum Cap de Formentor und dem Parkplatz mit dem Leuchtturm. Auf der gesamten Strecke gibt es zahlreiche Aussichtspunkte. Wichtig: Im Sommer (01.06.-30.09.) ist die Strecke f\u00fcr PKWs gesperrt, ein Busshuttle f\u00e4hrt dann von Port de Pollen\u00e7a zum Leuchtturm.<\/p>\n<p><span style=\"font-weight: 400;\">Formentor Shuttle Information<br \/>\n<\/span><a href=\"https:\/\/formentor.conselldemallorca.cat\"><span style=\"font-weight: 400;\">https:\/\/formentor.conselldemallorca.cat<\/span><\/a>[\/vc_column_text][\/vc_column][\/vc_row][vc_row css=&#8221;.vc_custom_1694017099917{margin-top: 40px !important;}&#8221;][vc_column width=&#8221;1\/2&#8243; css=&#8221;.vc_custom_1694016992065{padding-right: 30px !important;}&#8221;][vc_column_text]<\/p>\n<h3><b>Alc\u00fadia<\/b><\/h3>\n<p>Am Meer entlang geht es weiter nach Alc\u00fadia, eine der \u00e4ltesten St\u00e4dte Mallorcas. Kein anderer Ort der Insel bietet mehr arabisches Flair. Das fr\u00fche Pollentia wurde 70 v. Chr. von den R\u00f6mern erbaut, antike \u00dcberreste k\u00f6nnen noch heute besichtigt werden. Kulturfans sollten sich in Alcanada, auf der Halbinsel,\u00a0 das Sa Bassa Blanca Museum mit einer au\u00dfergew\u00f6hnlichen Sammlung von Kinderportraits und einem Garten mit au\u00dfergew\u00f6hnlichen Tierskulpturen anschauen. Weitere Informationen finden Sie unter <a href=\"https:\/\/www.alcudiamallorca.com\">www.alcudiamallorca.com<\/a><\/p>\n<p>Unser Tipp: Die Halbinsel La Vict\u00f2ria mit dem gleichnamigen kleinen Kloster, samt einsamer \u2013 allerdings felsiger \u2013 Badebucht und einem Traumblick \u00fcber die Bucht von Pollen\u00e7a und die Berge.[\/vc_column_text][\/vc_column][vc_column width=&#8221;1\/2&#8243; css=&#8221;.vc_custom_1694016998469{padding-left: 30px !important;}&#8221;][vc_single_image image=&#8221;3629&#8243; img_size=&#8221;full&#8221; alignment=&#8221;center&#8221;][\/vc_column][\/vc_row][vc_row css=&#8221;.vc_custom_1694017103707{margin-top: 40px !important;}&#8221;][vc_column width=&#8221;1\/2&#8243; css=&#8221;.vc_custom_1694017006123{padding-right: 30px !important;}&#8221;][vc_single_image image=&#8221;3618&#8243; img_size=&#8221;full&#8221; alignment=&#8221;center&#8221;][\/vc_column][vc_column width=&#8221;1\/2&#8243; css=&#8221;.vc_custom_1694017010859{padding-left: 30px !important;}&#8221;][vc_column_text]<\/p>\n<h3><b>Playa de Muro<\/b><\/h3>\n<p>Machen Sie einen Badestopp an den wei\u00dfen Sandstr\u00e4nden entlang der Bucht von Alc\u00fadia, an der Playa de Muro oder besuchen Sie den Naturstrand Son Serra de Marina. Naturfreunde sollten den knapp 1.700 Quadratmeter gro\u00dfen Naturschutzpark s\u2019Albufera besuchen und auf Entdeckungsreise zu seltenen Wasserv\u00f6geln gehen.[\/vc_column_text][\/vc_column][\/vc_row][vc_row css=&#8221;.vc_custom_1694017109024{margin-top: 40px !important;}&#8221;][vc_column width=&#8221;1\/2&#8243; css=&#8221;.vc_custom_1694017015934{padding-right: 30px !important;}&#8221;][vc_column_text]<\/p>\n<h3><b>Art\u00e0<\/b><\/h3>\n<p>Die mittelalterliche Stadt mit langer Tradition begeistert mit vielen, sch\u00f6nen Gesch\u00e4ften und Caf\u00e9s. Hier l\u00e4sst es sich in der kleinen Fu\u00dfg\u00e4ngerzone ausgiebig flanieren, shoppen und ausspannen. Oberhalb des Ortes befindet sich die stattliche Burganlage mit der Wallfahrtskirche Sant Salvador.<\/p>\n<p>Auf Ihrem Weg zur\u00fcck nach Inca sollten Sie \u00fcber die Ma-3400 Richtung Santa Margalida fahren und auf der h\u00fcgeligen, wildromantischen Wegstrecke die einzige Aloe Vera Bio-Plantage mit angrenzendem Shop besuchen. In der <a href=\"https:\/\/simplymallorca.info\/de\/portfolio\/aloe_vera\/\">Aloe Vera Farm Mallorca<\/a> finden Sie Naturkosmetik, Aloe Vera-S\u00e4fte und ein nettes, deutschsprachiges Team, das Ihnen gerne mehr zur Plantage, dem Anbau und der Heilkraft der Pflanzen erz\u00e4hlt.<\/p>\n<p><span style=\"font-weight: 400;\">Unsere Empfehlung: Strand im Nordosten: Cala Mesquida &#8211; Video <\/span><a href=\"https:\/\/www.youtube.com\/watch?v=pIlSFB9MlFI\"><span style=\"font-weight: 400;\">https:\/\/www.youtube.com\/watch?v=pIlSFB9MlFI<\/span><\/a>[\/vc_column_text][\/vc_column][vc_column width=&#8221;1\/2&#8243; css=&#8221;.vc_custom_1694017020464{padding-left: 30px !important;}&#8221;][vc_single_image image=&#8221;3621&#8243; img_size=&#8221;full&#8221; alignment=&#8221;center&#8221;][\/vc_column][\/vc_row]<\/p>\n<\/section>","protected":false},"excerpt":{"rendered":"<p>Von Inca via Tramuntanagebirge, am Kloster Lluc vorbei bis nach Pollen\u00e7a, Cap Formentor und der Stadt Alc\u00fadia. Wir fahren nach Art\u00e0, einem sch\u00f6nen Dorf im Nordosten, wo sich die ber\u00fchmten <a href=\"https:\/\/simplymallorca.info\/de\/portfolio\/cuevas-de-arta\/\">H\u00f6hlen von Art\u00e0<\/a> befinden. Erkunden Sie den sch\u00f6nen Norden Mallorcas mit dem Auto und die Sandstr\u00e4nde der Bucht von Playa de Muro und Alc\u00fadia.<\/p>\n","protected":false},"featured_media":3637,"template":"","meta":{"_acf_changed":false},"product_brand":[],"product_cat":[89],"product_tag":[],"class_list":{"0":"post-4512","1":"product","2":"type-product","3":"status-publish","4":"has-post-thumbnail","6":"product_cat-mit-dem-auto-de","8":"first","9":"instock","10":"shipping-taxable","11":"product-type-simple"},"acf":[],"yoast_head":"<!-- This site is optimized with the Yoast SEO plugin v27.3 - https:\/\/yoast.com\/product\/yoast-seo-wordpress\/ -->\n<title>Nordk\u00fcste und Inselmitte - Simply Mallorca<\/title>\n<meta name=\"robots\" content=\"index, follow, max-snippet:-1, max-image-preview:large, max-video-preview:-1\" \/>\n<link rel=\"canonical\" href=\"https:\/\/simplymallorca.info\/de\/rutas\/nordkueste-und-inselmitte\/\" \/>\n<meta property=\"og:locale\" content=\"de_DE\" \/>\n<meta property=\"og:type\" content=\"article\" \/>\n<meta property=\"og:title\" content=\"Nordk\u00fcste und Inselmitte - Simply Mallorca\" \/>\n<meta property=\"og:description\" content=\"Von Inca via Tramuntanagebirge, am Kloster Lluc vorbei bis nach Pollen\u00e7a, Cap Formentor und der Stadt Alc\u00fadia. Wir fahren nach Art\u00e0, einem sch\u00f6nen Dorf im Nordosten, wo sich die ber\u00fchmten H\u00f6hlen von Art\u00e0 befinden. Erkunden Sie den sch\u00f6nen Norden Mallorcas mit dem Auto und die Sandstr\u00e4nde der Bucht von Playa de Muro und Alc\u00fadia.\" \/>\n<meta property=\"og:url\" content=\"https:\/\/simplymallorca.info\/de\/rutas\/nordkueste-und-inselmitte\/\" \/>\n<meta property=\"og:site_name\" content=\"Simply Mallorca\" \/>\n<meta property=\"article:publisher\" content=\"https:\/\/www.facebook.com\/simplymallorcaguide\" \/>\n<meta property=\"article:modified_time\" content=\"2024-02-10T14:49:28+00:00\" \/>\n<meta property=\"og:image\" content=\"https:\/\/simplymallorca.info\/wp-content\/uploads\/2023\/08\/Tour2-fotoprincipal-1.jpg\" \/>\n\t<meta property=\"og:image:width\" content=\"1920\" \/>\n\t<meta property=\"og:image:height\" content=\"1281\" \/>\n\t<meta property=\"og:image:type\" content=\"image\/jpeg\" \/>\n<meta name=\"twitter:card\" content=\"summary_large_image\" \/>\n<meta name=\"twitter:label1\" content=\"Gesch\u00e4tzte Lesezeit\" \/>\n\t<meta name=\"twitter:data1\" content=\"5\u00a0Minuten\" \/>\n<script type=\"application\/ld+json\" class=\"yoast-schema-graph\">{\"@context\":\"https:\\\/\\\/schema.org\",\"@graph\":[{\"@type\":\"WebPage\",\"@id\":\"https:\\\/\\\/simplymallorca.info\\\/de\\\/rutas\\\/nordkueste-und-inselmitte\\\/\",\"url\":\"https:\\\/\\\/simplymallorca.info\\\/de\\\/rutas\\\/nordkueste-und-inselmitte\\\/\",\"name\":\"Nordk\u00fcste und Inselmitte - Simply Mallorca\",\"isPartOf\":{\"@id\":\"https:\\\/\\\/simplymallorca.info\\\/#website\"},\"primaryImageOfPage\":{\"@id\":\"https:\\\/\\\/simplymallorca.info\\\/de\\\/rutas\\\/nordkueste-und-inselmitte\\\/#primaryimage\"},\"image\":{\"@id\":\"https:\\\/\\\/simplymallorca.info\\\/de\\\/rutas\\\/nordkueste-und-inselmitte\\\/#primaryimage\"},\"thumbnailUrl\":\"https:\\\/\\\/simplymallorca.info\\\/wp-content\\\/uploads\\\/2023\\\/08\\\/Tour2-fotoprincipal-1.jpg\",\"datePublished\":\"2023-08-16T14:44:13+00:00\",\"dateModified\":\"2024-02-10T14:49:28+00:00\",\"breadcrumb\":{\"@id\":\"https:\\\/\\\/simplymallorca.info\\\/de\\\/rutas\\\/nordkueste-und-inselmitte\\\/#breadcrumb\"},\"inLanguage\":\"de\",\"potentialAction\":[{\"@type\":\"ReadAction\",\"target\":[\"https:\\\/\\\/simplymallorca.info\\\/de\\\/rutas\\\/nordkueste-und-inselmitte\\\/\"]}]},{\"@type\":\"ImageObject\",\"inLanguage\":\"de\",\"@id\":\"https:\\\/\\\/simplymallorca.info\\\/de\\\/rutas\\\/nordkueste-und-inselmitte\\\/#primaryimage\",\"url\":\"https:\\\/\\\/simplymallorca.info\\\/wp-content\\\/uploads\\\/2023\\\/08\\\/Tour2-fotoprincipal-1.jpg\",\"contentUrl\":\"https:\\\/\\\/simplymallorca.info\\\/wp-content\\\/uploads\\\/2023\\\/08\\\/Tour2-fotoprincipal-1.jpg\",\"width\":1920,\"height\":1281},{\"@type\":\"BreadcrumbList\",\"@id\":\"https:\\\/\\\/simplymallorca.info\\\/de\\\/rutas\\\/nordkueste-und-inselmitte\\\/#breadcrumb\",\"itemListElement\":[{\"@type\":\"ListItem\",\"position\":1,\"name\":\"Portada\",\"item\":\"https:\\\/\\\/simplymallorca.info\\\/de\\\/\"},{\"@type\":\"ListItem\",\"position\":2,\"name\":\"Productos\",\"item\":\"https:\\\/\\\/simplymallorca.info\\\/shop\\\/\"},{\"@type\":\"ListItem\",\"position\":3,\"name\":\"Nordk\u00fcste und Inselmitte\"}]},{\"@type\":\"WebSite\",\"@id\":\"https:\\\/\\\/simplymallorca.info\\\/#website\",\"url\":\"https:\\\/\\\/simplymallorca.info\\\/\",\"name\":\"Simply Mallorca\",\"description\":\"\",\"publisher\":{\"@id\":\"https:\\\/\\\/simplymallorca.info\\\/#organization\"},\"potentialAction\":[{\"@type\":\"SearchAction\",\"target\":{\"@type\":\"EntryPoint\",\"urlTemplate\":\"https:\\\/\\\/simplymallorca.info\\\/?s={search_term_string}\"},\"query-input\":{\"@type\":\"PropertyValueSpecification\",\"valueRequired\":true,\"valueName\":\"search_term_string\"}}],\"inLanguage\":\"de\"},{\"@type\":\"Organization\",\"@id\":\"https:\\\/\\\/simplymallorca.info\\\/#organization\",\"name\":\"Simply Mallorca\",\"url\":\"https:\\\/\\\/simplymallorca.info\\\/\",\"logo\":{\"@type\":\"ImageObject\",\"inLanguage\":\"de\",\"@id\":\"https:\\\/\\\/simplymallorca.info\\\/#\\\/schema\\\/logo\\\/image\\\/\",\"url\":\"https:\\\/\\\/simplymallorca.info\\\/wp-content\\\/uploads\\\/2023\\\/08\\\/Simply-Mallorca-logo-trasnparent.png\",\"contentUrl\":\"https:\\\/\\\/simplymallorca.info\\\/wp-content\\\/uploads\\\/2023\\\/08\\\/Simply-Mallorca-logo-trasnparent.png\",\"width\":1920,\"height\":631,\"caption\":\"Simply Mallorca\"},\"image\":{\"@id\":\"https:\\\/\\\/simplymallorca.info\\\/#\\\/schema\\\/logo\\\/image\\\/\"},\"sameAs\":[\"https:\\\/\\\/www.facebook.com\\\/simplymallorcaguide\",\"https:\\\/\\\/youtube.com\\\/@sunnyguidemallorca5869\",\"https:\\\/\\\/linkedin.com\\\/simplymallorcaguide\\\/\",\"https:\\\/\\\/www.instagram.com\\\/simplymallorcaguide\\\/\"]}]}<\/script>\n<!-- \/ Yoast SEO plugin. -->","yoast_head_json":{"title":"Nordk\u00fcste und Inselmitte - Simply Mallorca","robots":{"index":"index","follow":"follow","max-snippet":"max-snippet:-1","max-image-preview":"max-image-preview:large","max-video-preview":"max-video-preview:-1"},"canonical":"https:\/\/simplymallorca.info\/de\/rutas\/nordkueste-und-inselmitte\/","og_locale":"de_DE","og_type":"article","og_title":"Nordk\u00fcste und Inselmitte - Simply Mallorca","og_description":"Von Inca via Tramuntanagebirge, am Kloster Lluc vorbei bis nach Pollen\u00e7a, Cap Formentor und der Stadt Alc\u00fadia. Wir fahren nach Art\u00e0, einem sch\u00f6nen Dorf im Nordosten, wo sich die ber\u00fchmten H\u00f6hlen von Art\u00e0 befinden. Erkunden Sie den sch\u00f6nen Norden Mallorcas mit dem Auto und die Sandstr\u00e4nde der Bucht von Playa de Muro und Alc\u00fadia.","og_url":"https:\/\/simplymallorca.info\/de\/rutas\/nordkueste-und-inselmitte\/","og_site_name":"Simply Mallorca","article_publisher":"https:\/\/www.facebook.com\/simplymallorcaguide","article_modified_time":"2024-02-10T14:49:28+00:00","og_image":[{"width":1920,"height":1281,"url":"https:\/\/simplymallorca.info\/wp-content\/uploads\/2023\/08\/Tour2-fotoprincipal-1.jpg","type":"image\/jpeg"}],"twitter_card":"summary_large_image","twitter_misc":{"Gesch\u00e4tzte Lesezeit":"5\u00a0Minuten"},"schema":{"@context":"https:\/\/schema.org","@graph":[{"@type":"WebPage","@id":"https:\/\/simplymallorca.info\/de\/rutas\/nordkueste-und-inselmitte\/","url":"https:\/\/simplymallorca.info\/de\/rutas\/nordkueste-und-inselmitte\/","name":"Nordk\u00fcste und Inselmitte - Simply Mallorca","isPartOf":{"@id":"https:\/\/simplymallorca.info\/#website"},"primaryImageOfPage":{"@id":"https:\/\/simplymallorca.info\/de\/rutas\/nordkueste-und-inselmitte\/#primaryimage"},"image":{"@id":"https:\/\/simplymallorca.info\/de\/rutas\/nordkueste-und-inselmitte\/#primaryimage"},"thumbnailUrl":"https:\/\/simplymallorca.info\/wp-content\/uploads\/2023\/08\/Tour2-fotoprincipal-1.jpg","datePublished":"2023-08-16T14:44:13+00:00","dateModified":"2024-02-10T14:49:28+00:00","breadcrumb":{"@id":"https:\/\/simplymallorca.info\/de\/rutas\/nordkueste-und-inselmitte\/#breadcrumb"},"inLanguage":"de","potentialAction":[{"@type":"ReadAction","target":["https:\/\/simplymallorca.info\/de\/rutas\/nordkueste-und-inselmitte\/"]}]},{"@type":"ImageObject","inLanguage":"de","@id":"https:\/\/simplymallorca.info\/de\/rutas\/nordkueste-und-inselmitte\/#primaryimage","url":"https:\/\/simplymallorca.info\/wp-content\/uploads\/2023\/08\/Tour2-fotoprincipal-1.jpg","contentUrl":"https:\/\/simplymallorca.info\/wp-content\/uploads\/2023\/08\/Tour2-fotoprincipal-1.jpg","width":1920,"height":1281},{"@type":"BreadcrumbList","@id":"https:\/\/simplymallorca.info\/de\/rutas\/nordkueste-und-inselmitte\/#breadcrumb","itemListElement":[{"@type":"ListItem","position":1,"name":"Portada","item":"https:\/\/simplymallorca.info\/de\/"},{"@type":"ListItem","position":2,"name":"Productos","item":"https:\/\/simplymallorca.info\/shop\/"},{"@type":"ListItem","position":3,"name":"Nordk\u00fcste und Inselmitte"}]},{"@type":"WebSite","@id":"https:\/\/simplymallorca.info\/#website","url":"https:\/\/simplymallorca.info\/","name":"Simply Mallorca","description":"","publisher":{"@id":"https:\/\/simplymallorca.info\/#organization"},"potentialAction":[{"@type":"SearchAction","target":{"@type":"EntryPoint","urlTemplate":"https:\/\/simplymallorca.info\/?s={search_term_string}"},"query-input":{"@type":"PropertyValueSpecification","valueRequired":true,"valueName":"search_term_string"}}],"inLanguage":"de"},{"@type":"Organization","@id":"https:\/\/simplymallorca.info\/#organization","name":"Simply Mallorca","url":"https:\/\/simplymallorca.info\/","logo":{"@type":"ImageObject","inLanguage":"de","@id":"https:\/\/simplymallorca.info\/#\/schema\/logo\/image\/","url":"https:\/\/simplymallorca.info\/wp-content\/uploads\/2023\/08\/Simply-Mallorca-logo-trasnparent.png","contentUrl":"https:\/\/simplymallorca.info\/wp-content\/uploads\/2023\/08\/Simply-Mallorca-logo-trasnparent.png","width":1920,"height":631,"caption":"Simply Mallorca"},"image":{"@id":"https:\/\/simplymallorca.info\/#\/schema\/logo\/image\/"},"sameAs":["https:\/\/www.facebook.com\/simplymallorcaguide","https:\/\/youtube.com\/@sunnyguidemallorca5869","https:\/\/linkedin.com\/simplymallorcaguide\/","https:\/\/www.instagram.com\/simplymallorcaguide\/"]}]}},"_links":{"self":[{"href":"https:\/\/simplymallorca.info\/de\/wp-json\/wp\/v2\/product\/4512","targetHints":{"allow":["GET"]}}],"collection":[{"href":"https:\/\/simplymallorca.info\/de\/wp-json\/wp\/v2\/product"}],"about":[{"href":"https:\/\/simplymallorca.info\/de\/wp-json\/wp\/v2\/types\/product"}],"wp:featuredmedia":[{"embeddable":true,"href":"https:\/\/simplymallorca.info\/de\/wp-json\/wp\/v2\/media\/3637"}],"wp:attachment":[{"href":"https:\/\/simplymallorca.info\/de\/wp-json\/wp\/v2\/media?parent=4512"}],"wp:term":[{"taxonomy":"product_brand","embeddable":true,"href":"https:\/\/simplymallorca.info\/de\/wp-json\/wp\/v2\/product_brand?post=4512"},{"taxonomy":"product_cat","embeddable":true,"href":"https:\/\/simplymallorca.info\/de\/wp-json\/wp\/v2\/product_cat?post=4512"},{"taxonomy":"product_tag","embeddable":true,"href":"https:\/\/simplymallorca.info\/de\/wp-json\/wp\/v2\/product_tag?post=4512"}],"curies":[{"name":"wp","href":"https:\/\/api.w.org\/{rel}","templated":true}]}}