{"id":4511,"date":"2023-08-16T17:19:21","date_gmt":"2023-08-16T15:19:21","guid":{"rendered":"https:\/\/simplymallorca.info\/?post_type=product&#038;p=4511"},"modified":"2024-02-10T15:47:15","modified_gmt":"2024-02-10T14:47:15","slug":"ost-suedost-route-mallorca","status":"publish","type":"product","link":"https:\/\/simplymallorca.info\/de\/rutas\/ost-suedost-route-mallorca\/","title":{"rendered":"Ost-S\u00fcdost-Route Mallorca"},"content":{"rendered":"<section class=\"wpb-content-wrapper\"><p>[vc_row][vc_column width=&#8221;1\/2&#8243; css=&#8221;.vc_custom_1694017736999{padding-right: 30px !important;}&#8221;][vc_column_text]<\/p>\n<h3><b>Cala d\u2019Or<\/b><\/h3>\n<p>Wer den Ferienort mit seinen kleinen, verwinkelten Gassen und den strahlend wei\u00dfen H\u00e4usern im ibizenkischen Stil besucht, erkennt schnell, warum er den Namen \u201eGoldene Bucht\u201c tr\u00e4gt. Wer auf der Suche nach idyllischen Str\u00e4nden ist, wird auch in der Umgebung schnell f\u00fcndig: Cala Egos, Cala Serena oder Cala Mondrag\u00f3 sind nur einige der nahegelegenen und bekannten Ausflugsziele zum Sonnen, Schnorcheln oder Tauchen.[\/vc_column_text][\/vc_column][vc_column width=&#8221;1\/2&#8243; css=&#8221;.vc_custom_1694017732698{padding-left: 30px !important;}&#8221;][vc_single_image image=&#8221;3639&#8243; img_size=&#8221;full&#8221; alignment=&#8221;center&#8221;][\/vc_column][\/vc_row][vc_row css=&#8221;.vc_custom_1694017835961{margin-top: 10px !important;}&#8221;][vc_column][vc_column_text]<\/p>\n<h3><b>Santany\u00ed<\/b><\/h3>\n<p>Auf der Pla\u00e7a Major im Zentrum findet jeden Mittwoch und Samstag der Wochenmarkt statt. Auch sonst hat Santany\u00ed viel zu bieten, angefangen von der Kirche Sant Andreu \u00fcber das alte Stadttor Sa Porta Murada bis zu einladenden Lokalen, h\u00fcbschen Galerien und Boutiquen.<\/p>\n<p><span style=\"font-weight: 400;\">Unsere Empfehlung: Besuchen Sie die Nachbarorte:<br \/>\n<\/span><b>CALA FIGUERA mit seinem urigen Fischerhafen und vielen, gem\u00fctlichen Lokalen.<\/b><span style=\"font-weight: 400;\"><br \/>\n<\/span><b>PORTO PETRO Ein kleiner Fischerhafen mit typisch mallorquinischen Lokalen. Besonders lecker gibt es die Paella im Restaurant Can Martina am Hafen, am Ortseingang.<\/b><\/p>\n<p><b>PARQUE NATURAL DE MONDRAG\u00d3<\/b>[\/vc_column_text][\/vc_column][\/vc_row][vc_row css=&#8221;.vc_custom_1694017607633{margin-top: 40px !important;}&#8221;][vc_column width=&#8221;1\/2&#8243; css=&#8221;.vc_custom_1694017723863{padding-right: 30px !important;}&#8221;][vc_single_image image=&#8221;3646&#8243; img_size=&#8221;full&#8221; alignment=&#8221;center&#8221;][\/vc_column][vc_column width=&#8221;1\/2&#8243; css=&#8221;.vc_custom_1694017718476{padding-left: 30px !important;}&#8221;][vc_column_text]<\/p>\n<h3><b>Ses Salines<\/b><\/h3>\n<p>Ein Ort, gepr\u00e4gt von der Salzgewinnung aus dem Meer. Das zeigt sich auch an der Vegetation aus Gr\u00fcn, spanischem Rohr und typischen Salzpflanzen. Neben aufget\u00fcrmten Salzbergen der ans\u00e4ssigen Unternehmen findet man auch riesige nat\u00fcrliche Becken, aus denen am Ende des Sommers das wei\u00dfe Gold des Meeres gewonnen wird. Per Hand wird die zarte Salzkruste gesch\u00f6pft, die als Flor de Sal in den Handel kommt. Dass es in diesem Bereich Mallorcas auch gr\u00fcnt und bl\u00fcht, zeigt Botanicactus. Auf dem rund 10.000 qm gro\u00dfen Gel\u00e4nde finden Besucher eine beeindruckende Vielfalt an Kakteen und Pflanzen.<\/p>\n<p><span style=\"font-weight: 400;\">PARQUE NATURAL ES TRENC<br \/>\n<\/span><span style=\"font-weight: 400;\">SALINAS DE ES TRENC<br \/>\n<\/span><span style=\"font-weight: 400;\">Im Naturpark Es Trenc und den Salinen erfahren Sie bei einer gef\u00fchrten Tour alles \u00fcber das Handwerk der biologischen Meersalzgewinnung.<\/span><\/p>\n<p><a href=\"https:\/\/salinasdestrenc.com\"><span style=\"font-weight: 400;\">https:\/\/salinasdestrenc.com<\/span><\/a>[\/vc_column_text][\/vc_column][\/vc_row][vc_row css=&#8221;.vc_custom_1694017613284{margin-top: 40px !important;}&#8221;][vc_column width=&#8221;1\/2&#8243; css=&#8221;.vc_custom_1694017709850{padding-right: 30px !important;}&#8221;][vc_column_text]<\/p>\n<h3><b>Cala Pi<\/b><\/h3>\n<p>Die pittoreske, fjordartige Bucht eignet sich ideal f\u00fcr einen Badestopp.<\/p>\n<h3>Llucmajor<\/h3>\n<p>Der Wochenmarkt findet hier mittwochs und freitags im Zentrum des Ortes statt. Einmal hier, lohnt sich ein Besuch des alten Rathauses und der Kirche Sant Miquel aus dem 18. Jahrhundert. Der belebte Marktplatz l\u00e4dt mit seinen Caf\u00e9s und Restaurants zu einer erfrischenden Pause ein.[\/vc_column_text][\/vc_column][vc_column width=&#8221;1\/2&#8243; css=&#8221;.vc_custom_1694017704157{padding-left: 30px !important;}&#8221;][vc_single_image image=&#8221;3649&#8243; img_size=&#8221;full&#8221; alignment=&#8221;center&#8221;][\/vc_column][\/vc_row][vc_row css=&#8221;.vc_custom_1694017824015{margin-top: 10px !important;}&#8221;][vc_column][vc_column_text]<\/p>\n<h3><b>Puig de Randa<\/b><\/h3>\n<p>Hier befinden sich gleich drei Heiligt\u00fcmer. Der herrliche Rundumblick vom obersten Kloster, dem Santuari de Nostra Senyora de Cura, entsch\u00e4digt f\u00fcr die drei Kilometer lange, kurvenreiche Serpentinenstra\u00dfe. Der katalanische Philosoph und Theologe Ram\u00f3n Llull lebte und arbeitete insgesamt zehn Jahre auf dem Berg Randa.\u00a0 Im Restaurant der Klosterherberge Santuari de Cura soll man den besten Mandelkuchen der Insel bekommen. Im Dorf Randa, am Fu\u00dfe des Berges, empfehlen wir einen Zwischenstopp im Restaurant <a href=\"https:\/\/simplymallorca.info\/de\/portfolio\/sa_tanqueta\/\">Sa Tanqueta<\/a>, mit typisch mallorquinischer K\u00fcche.<\/p>\n<h3><b>Montu\u00efri<\/b><\/h3>\n<p>Vom Ort Randa fahren Sie \u00fcber die Ma-5017 nach Montu\u00efri. Einer der \u00e4ltesten Orte Mallorcas. Die H\u00e4user reihen sich dicht an dicht an einen H\u00fcgel. Gepr\u00e4gt wurde Montu\u00efri nicht zuletzt durch sein M\u00fchlenviertel Es Molinar, das besichtigt werden kann. \u00dcber die Schnellstra\u00dfe Ma-15 geht es weiter in Richtung Manacor.[\/vc_column_text][\/vc_column][\/vc_row][vc_row css=&#8221;.vc_custom_1694017622251{margin-top: 40px !important;}&#8221;][vc_column width=&#8221;1\/2&#8243; css=&#8221;.vc_custom_1694017688095{padding-right: 30px !important;}&#8221;][vc_single_image image=&#8221;3652&#8243; img_size=&#8221;full&#8221; alignment=&#8221;center&#8221;][\/vc_column][vc_column width=&#8221;1\/2&#8243; css=&#8221;.vc_custom_1694017684253{padding-left: 30px !important;}&#8221;][vc_column_text]<\/p>\n<h3><b>Manacor<\/b><\/h3>\n<p>Die zweitgr\u00f6\u00dfte Stadt der Insel ist durch seinen weltber\u00fchmten Sohn Rafael Nadal bekannt, einer der besten Tennisspieler der Welt. Besuchen Sie das Rafa Nadal Xperience-Museum, mit Cafeteria und Shop. Wer sich f\u00fcr Schmuck begeistert, sollte unbedingt die Perlenmanufaktur Majorica, gleich am Ortseingang, kennenlernen.[\/vc_column_text][\/vc_column][\/vc_row][vc_row css=&#8221;.vc_custom_1694017627208{margin-top: 40px !important;}&#8221;][vc_column width=&#8221;1\/2&#8243; css=&#8221;.vc_custom_1694017679794{padding-right: 30px !important;}&#8221;][vc_column_text]<\/p>\n<h3><b>PORTO CRISTO<\/b><\/h3>\n<p>Hier sollten Sie nicht nur einen Besuch in einem der Hafenlokale einplanen, sondern auch einen Ausflug zu den ber\u00fchmten H\u00f6hlen <a href=\"https:\/\/simplymallorca.info\/de\/portfolio\/cuevas_drach\/\">Cuevas del Drach<\/a> unternehmen. Bei den st\u00fcndlich stattfindenden F\u00fchrungen erwarten Sie beeindruckende Einblicke in die Unterwelt.[\/vc_column_text][\/vc_column][vc_column width=&#8221;1\/2&#8243; css=&#8221;.vc_custom_1694017675101{padding-left: 30px !important;}&#8221;][vc_single_image image=&#8221;3655&#8243; img_size=&#8221;full&#8221; alignment=&#8221;center&#8221;][\/vc_column][\/vc_row][vc_row css=&#8221;.vc_custom_1694017631391{margin-top: 40px !important;}&#8221;][vc_column width=&#8221;1\/2&#8243; css=&#8221;.vc_custom_1694017669049{padding-right: 30px !important;}&#8221;][vc_single_image image=&#8221;3658&#8243; img_size=&#8221;full&#8221; alignment=&#8221;center&#8221;][\/vc_column][vc_column width=&#8221;1\/2&#8243; css=&#8221;.vc_custom_1694017663527{padding-left: 30px !important;}&#8221;][vc_column_text]<\/p>\n<h3><b>Cala Millor<\/b><\/h3>\n<p>Der <a href=\"http:\/\/www.safari-zoo.com\">Safari-Zoo<\/a> ist ein toller Tipp, besonders f\u00fcr Familien mit Kindern. Hier k\u00f6nnen Wildtiere wie Elefanten, Giraffen und Nash\u00f6rner in freier Wildbahn beobachtet werden. Die kleine, private Safari ist entweder mit dem Park-Bummelzug oder dem eigenen PKW m\u00f6glich.<\/p>\n<p>[\/vc_column_text][\/vc_column][\/vc_row][vc_row css=&#8221;.vc_custom_1694017636671{margin-top: 40px !important;}&#8221;][vc_column width=&#8221;1\/2&#8243; css=&#8221;.vc_custom_1694017656504{padding-right: 30px !important;}&#8221;][vc_column_text]<\/p>\n<h3><b>Felanitx | Santuari de Sant Salvador<\/b><\/h3>\n<p>Der Wochenmarkt findet hier jeden Sonntag statt. Sie sollten nicht vers\u00e4umen, erneut ein paar Serpentinen in Angriff zu nehmen. Vom Santuari de Sant Salvador aus hat man einen herrlichen Panoramablick \u00fcber die gesamte Insel. Allerdings ist allein schon der Weg das Ziel, denn es gibt eine ganze Menge sch\u00f6ner Aussichtspunkte.[\/vc_column_text][\/vc_column][vc_column width=&#8221;1\/2&#8243; css=&#8221;.vc_custom_1694017651922{padding-left: 30px !important;}&#8221;][vc_single_image image=&#8221;3661&#8243; img_size=&#8221;full&#8221; alignment=&#8221;center&#8221;][\/vc_column][\/vc_row]<\/p>\n<\/section>","protected":false},"excerpt":{"rendered":"<p>Von Cala d&#8217;Or aus fahren wir durch die D\u00f6rfer Santany\u00ed und Ses Salinas und dann in Richtung Inselmitte zum Puig de Randa, Montu\u00efri und Llucmajor. Alternativ vom S\u00fcdosten aus, fahren wir an der K\u00fcste und halten in Manacor, Porto Cristo und den spektakul\u00e4ren H\u00f6hlen von Drach, Sa Coma, Cala Millor und bis nach Felanitx.<\/p>\n","protected":false},"featured_media":3644,"template":"","meta":{"_acf_changed":false},"product_brand":[],"product_cat":[89],"product_tag":[],"class_list":{"0":"post-4511","1":"product","2":"type-product","3":"status-publish","4":"has-post-thumbnail","6":"product_cat-mit-dem-auto-de","8":"first","9":"instock","10":"shipping-taxable","11":"product-type-simple"},"acf":[],"yoast_head":"<!-- This site is optimized with the Yoast SEO plugin v27.3 - https:\/\/yoast.com\/product\/yoast-seo-wordpress\/ -->\n<title>Ost-S\u00fcdost-Route Mallorca - Simply Mallorca<\/title>\n<meta name=\"robots\" content=\"index, follow, max-snippet:-1, max-image-preview:large, max-video-preview:-1\" \/>\n<link rel=\"canonical\" href=\"https:\/\/simplymallorca.info\/de\/rutas\/ost-suedost-route-mallorca\/\" \/>\n<meta property=\"og:locale\" content=\"de_DE\" \/>\n<meta property=\"og:type\" content=\"article\" \/>\n<meta property=\"og:title\" content=\"Ost-S\u00fcdost-Route Mallorca - Simply Mallorca\" \/>\n<meta property=\"og:description\" content=\"Von Cala d&#039;Or aus fahren wir durch die D\u00f6rfer Santany\u00ed und Ses Salinas und dann in Richtung Inselmitte zum Puig de Randa, Montu\u00efri und Llucmajor. Alternativ vom S\u00fcdosten aus, fahren wir an der K\u00fcste und halten in Manacor, Porto Cristo und den spektakul\u00e4ren H\u00f6hlen von Drach, Sa Coma, Cala Millor und bis nach Felanitx.\" \/>\n<meta property=\"og:url\" content=\"https:\/\/simplymallorca.info\/de\/rutas\/ost-suedost-route-mallorca\/\" \/>\n<meta property=\"og:site_name\" content=\"Simply Mallorca\" \/>\n<meta property=\"article:publisher\" content=\"https:\/\/www.facebook.com\/simplymallorcaguide\" \/>\n<meta property=\"article:modified_time\" content=\"2024-02-10T14:47:15+00:00\" \/>\n<meta property=\"og:image\" content=\"https:\/\/simplymallorca.info\/wp-content\/uploads\/2023\/08\/Tour3-Fotoprincipal.jpg\" \/>\n\t<meta property=\"og:image:width\" content=\"1920\" \/>\n\t<meta property=\"og:image:height\" content=\"1392\" \/>\n\t<meta property=\"og:image:type\" content=\"image\/jpeg\" \/>\n<meta name=\"twitter:card\" content=\"summary_large_image\" \/>\n<meta name=\"twitter:label1\" content=\"Gesch\u00e4tzte Lesezeit\" \/>\n\t<meta name=\"twitter:data1\" content=\"4\u00a0Minuten\" \/>\n<script type=\"application\/ld+json\" class=\"yoast-schema-graph\">{\"@context\":\"https:\\\/\\\/schema.org\",\"@graph\":[{\"@type\":\"WebPage\",\"@id\":\"https:\\\/\\\/simplymallorca.info\\\/de\\\/rutas\\\/ost-suedost-route-mallorca\\\/\",\"url\":\"https:\\\/\\\/simplymallorca.info\\\/de\\\/rutas\\\/ost-suedost-route-mallorca\\\/\",\"name\":\"Ost-S\u00fcdost-Route Mallorca - Simply Mallorca\",\"isPartOf\":{\"@id\":\"https:\\\/\\\/simplymallorca.info\\\/#website\"},\"primaryImageOfPage\":{\"@id\":\"https:\\\/\\\/simplymallorca.info\\\/de\\\/rutas\\\/ost-suedost-route-mallorca\\\/#primaryimage\"},\"image\":{\"@id\":\"https:\\\/\\\/simplymallorca.info\\\/de\\\/rutas\\\/ost-suedost-route-mallorca\\\/#primaryimage\"},\"thumbnailUrl\":\"https:\\\/\\\/simplymallorca.info\\\/wp-content\\\/uploads\\\/2023\\\/08\\\/Tour3-Fotoprincipal.jpg\",\"datePublished\":\"2023-08-16T15:19:21+00:00\",\"dateModified\":\"2024-02-10T14:47:15+00:00\",\"breadcrumb\":{\"@id\":\"https:\\\/\\\/simplymallorca.info\\\/de\\\/rutas\\\/ost-suedost-route-mallorca\\\/#breadcrumb\"},\"inLanguage\":\"de\",\"potentialAction\":[{\"@type\":\"ReadAction\",\"target\":[\"https:\\\/\\\/simplymallorca.info\\\/de\\\/rutas\\\/ost-suedost-route-mallorca\\\/\"]}]},{\"@type\":\"ImageObject\",\"inLanguage\":\"de\",\"@id\":\"https:\\\/\\\/simplymallorca.info\\\/de\\\/rutas\\\/ost-suedost-route-mallorca\\\/#primaryimage\",\"url\":\"https:\\\/\\\/simplymallorca.info\\\/wp-content\\\/uploads\\\/2023\\\/08\\\/Tour3-Fotoprincipal.jpg\",\"contentUrl\":\"https:\\\/\\\/simplymallorca.info\\\/wp-content\\\/uploads\\\/2023\\\/08\\\/Tour3-Fotoprincipal.jpg\",\"width\":1920,\"height\":1392},{\"@type\":\"BreadcrumbList\",\"@id\":\"https:\\\/\\\/simplymallorca.info\\\/de\\\/rutas\\\/ost-suedost-route-mallorca\\\/#breadcrumb\",\"itemListElement\":[{\"@type\":\"ListItem\",\"position\":1,\"name\":\"Portada\",\"item\":\"https:\\\/\\\/simplymallorca.info\\\/de\\\/\"},{\"@type\":\"ListItem\",\"position\":2,\"name\":\"Productos\",\"item\":\"https:\\\/\\\/simplymallorca.info\\\/shop\\\/\"},{\"@type\":\"ListItem\",\"position\":3,\"name\":\"Ost-S\u00fcdost-Route Mallorca\"}]},{\"@type\":\"WebSite\",\"@id\":\"https:\\\/\\\/simplymallorca.info\\\/#website\",\"url\":\"https:\\\/\\\/simplymallorca.info\\\/\",\"name\":\"Simply Mallorca\",\"description\":\"\",\"publisher\":{\"@id\":\"https:\\\/\\\/simplymallorca.info\\\/#organization\"},\"potentialAction\":[{\"@type\":\"SearchAction\",\"target\":{\"@type\":\"EntryPoint\",\"urlTemplate\":\"https:\\\/\\\/simplymallorca.info\\\/?s={search_term_string}\"},\"query-input\":{\"@type\":\"PropertyValueSpecification\",\"valueRequired\":true,\"valueName\":\"search_term_string\"}}],\"inLanguage\":\"de\"},{\"@type\":\"Organization\",\"@id\":\"https:\\\/\\\/simplymallorca.info\\\/#organization\",\"name\":\"Simply Mallorca\",\"url\":\"https:\\\/\\\/simplymallorca.info\\\/\",\"logo\":{\"@type\":\"ImageObject\",\"inLanguage\":\"de\",\"@id\":\"https:\\\/\\\/simplymallorca.info\\\/#\\\/schema\\\/logo\\\/image\\\/\",\"url\":\"https:\\\/\\\/simplymallorca.info\\\/wp-content\\\/uploads\\\/2023\\\/08\\\/Simply-Mallorca-logo-trasnparent.png\",\"contentUrl\":\"https:\\\/\\\/simplymallorca.info\\\/wp-content\\\/uploads\\\/2023\\\/08\\\/Simply-Mallorca-logo-trasnparent.png\",\"width\":1920,\"height\":631,\"caption\":\"Simply Mallorca\"},\"image\":{\"@id\":\"https:\\\/\\\/simplymallorca.info\\\/#\\\/schema\\\/logo\\\/image\\\/\"},\"sameAs\":[\"https:\\\/\\\/www.facebook.com\\\/simplymallorcaguide\",\"https:\\\/\\\/youtube.com\\\/@sunnyguidemallorca5869\",\"https:\\\/\\\/linkedin.com\\\/simplymallorcaguide\\\/\",\"https:\\\/\\\/www.instagram.com\\\/simplymallorcaguide\\\/\"]}]}<\/script>\n<!-- \/ Yoast SEO plugin. -->","yoast_head_json":{"title":"Ost-S\u00fcdost-Route Mallorca - Simply Mallorca","robots":{"index":"index","follow":"follow","max-snippet":"max-snippet:-1","max-image-preview":"max-image-preview:large","max-video-preview":"max-video-preview:-1"},"canonical":"https:\/\/simplymallorca.info\/de\/rutas\/ost-suedost-route-mallorca\/","og_locale":"de_DE","og_type":"article","og_title":"Ost-S\u00fcdost-Route Mallorca - Simply Mallorca","og_description":"Von Cala d'Or aus fahren wir durch die D\u00f6rfer Santany\u00ed und Ses Salinas und dann in Richtung Inselmitte zum Puig de Randa, Montu\u00efri und Llucmajor. Alternativ vom S\u00fcdosten aus, fahren wir an der K\u00fcste und halten in Manacor, Porto Cristo und den spektakul\u00e4ren H\u00f6hlen von Drach, Sa Coma, Cala Millor und bis nach Felanitx.","og_url":"https:\/\/simplymallorca.info\/de\/rutas\/ost-suedost-route-mallorca\/","og_site_name":"Simply Mallorca","article_publisher":"https:\/\/www.facebook.com\/simplymallorcaguide","article_modified_time":"2024-02-10T14:47:15+00:00","og_image":[{"width":1920,"height":1392,"url":"https:\/\/simplymallorca.info\/wp-content\/uploads\/2023\/08\/Tour3-Fotoprincipal.jpg","type":"image\/jpeg"}],"twitter_card":"summary_large_image","twitter_misc":{"Gesch\u00e4tzte Lesezeit":"4\u00a0Minuten"},"schema":{"@context":"https:\/\/schema.org","@graph":[{"@type":"WebPage","@id":"https:\/\/simplymallorca.info\/de\/rutas\/ost-suedost-route-mallorca\/","url":"https:\/\/simplymallorca.info\/de\/rutas\/ost-suedost-route-mallorca\/","name":"Ost-S\u00fcdost-Route Mallorca - Simply Mallorca","isPartOf":{"@id":"https:\/\/simplymallorca.info\/#website"},"primaryImageOfPage":{"@id":"https:\/\/simplymallorca.info\/de\/rutas\/ost-suedost-route-mallorca\/#primaryimage"},"image":{"@id":"https:\/\/simplymallorca.info\/de\/rutas\/ost-suedost-route-mallorca\/#primaryimage"},"thumbnailUrl":"https:\/\/simplymallorca.info\/wp-content\/uploads\/2023\/08\/Tour3-Fotoprincipal.jpg","datePublished":"2023-08-16T15:19:21+00:00","dateModified":"2024-02-10T14:47:15+00:00","breadcrumb":{"@id":"https:\/\/simplymallorca.info\/de\/rutas\/ost-suedost-route-mallorca\/#breadcrumb"},"inLanguage":"de","potentialAction":[{"@type":"ReadAction","target":["https:\/\/simplymallorca.info\/de\/rutas\/ost-suedost-route-mallorca\/"]}]},{"@type":"ImageObject","inLanguage":"de","@id":"https:\/\/simplymallorca.info\/de\/rutas\/ost-suedost-route-mallorca\/#primaryimage","url":"https:\/\/simplymallorca.info\/wp-content\/uploads\/2023\/08\/Tour3-Fotoprincipal.jpg","contentUrl":"https:\/\/simplymallorca.info\/wp-content\/uploads\/2023\/08\/Tour3-Fotoprincipal.jpg","width":1920,"height":1392},{"@type":"BreadcrumbList","@id":"https:\/\/simplymallorca.info\/de\/rutas\/ost-suedost-route-mallorca\/#breadcrumb","itemListElement":[{"@type":"ListItem","position":1,"name":"Portada","item":"https:\/\/simplymallorca.info\/de\/"},{"@type":"ListItem","position":2,"name":"Productos","item":"https:\/\/simplymallorca.info\/shop\/"},{"@type":"ListItem","position":3,"name":"Ost-S\u00fcdost-Route Mallorca"}]},{"@type":"WebSite","@id":"https:\/\/simplymallorca.info\/#website","url":"https:\/\/simplymallorca.info\/","name":"Simply Mallorca","description":"","publisher":{"@id":"https:\/\/simplymallorca.info\/#organization"},"potentialAction":[{"@type":"SearchAction","target":{"@type":"EntryPoint","urlTemplate":"https:\/\/simplymallorca.info\/?s={search_term_string}"},"query-input":{"@type":"PropertyValueSpecification","valueRequired":true,"valueName":"search_term_string"}}],"inLanguage":"de"},{"@type":"Organization","@id":"https:\/\/simplymallorca.info\/#organization","name":"Simply Mallorca","url":"https:\/\/simplymallorca.info\/","logo":{"@type":"ImageObject","inLanguage":"de","@id":"https:\/\/simplymallorca.info\/#\/schema\/logo\/image\/","url":"https:\/\/simplymallorca.info\/wp-content\/uploads\/2023\/08\/Simply-Mallorca-logo-trasnparent.png","contentUrl":"https:\/\/simplymallorca.info\/wp-content\/uploads\/2023\/08\/Simply-Mallorca-logo-trasnparent.png","width":1920,"height":631,"caption":"Simply Mallorca"},"image":{"@id":"https:\/\/simplymallorca.info\/#\/schema\/logo\/image\/"},"sameAs":["https:\/\/www.facebook.com\/simplymallorcaguide","https:\/\/youtube.com\/@sunnyguidemallorca5869","https:\/\/linkedin.com\/simplymallorcaguide\/","https:\/\/www.instagram.com\/simplymallorcaguide\/"]}]}},"_links":{"self":[{"href":"https:\/\/simplymallorca.info\/de\/wp-json\/wp\/v2\/product\/4511","targetHints":{"allow":["GET"]}}],"collection":[{"href":"https:\/\/simplymallorca.info\/de\/wp-json\/wp\/v2\/product"}],"about":[{"href":"https:\/\/simplymallorca.info\/de\/wp-json\/wp\/v2\/types\/product"}],"wp:featuredmedia":[{"embeddable":true,"href":"https:\/\/simplymallorca.info\/de\/wp-json\/wp\/v2\/media\/3644"}],"wp:attachment":[{"href":"https:\/\/simplymallorca.info\/de\/wp-json\/wp\/v2\/media?parent=4511"}],"wp:term":[{"taxonomy":"product_brand","embeddable":true,"href":"https:\/\/simplymallorca.info\/de\/wp-json\/wp\/v2\/product_brand?post=4511"},{"taxonomy":"product_cat","embeddable":true,"href":"https:\/\/simplymallorca.info\/de\/wp-json\/wp\/v2\/product_cat?post=4511"},{"taxonomy":"product_tag","embeddable":true,"href":"https:\/\/simplymallorca.info\/de\/wp-json\/wp\/v2\/product_tag?post=4511"}],"curies":[{"name":"wp","href":"https:\/\/api.w.org\/{rel}","templated":true}]}}