{"id":4510,"date":"2023-08-16T17:47:28","date_gmt":"2023-08-16T15:47:28","guid":{"rendered":"https:\/\/simplymallorca.info\/?post_type=product&#038;p=4510"},"modified":"2024-02-10T15:42:57","modified_gmt":"2024-02-10T14:42:57","slug":"suedwesten-und-palma","status":"publish","type":"product","link":"https:\/\/simplymallorca.info\/de\/rutas\/suedwesten-und-palma\/","title":{"rendered":"S\u00fcdwesten und Palma"},"content":{"rendered":"<section class=\"wpb-content-wrapper\"><p>[vc_row css=&#8221;.vc_custom_1692206023672{margin-top: 20px !important;}&#8221;][vc_column][vc_column_text]<\/p>\n<h3 style=\"text-align: center;\">Die Tour und Empfehlungen f\u00fcr dein Smartphone:<\/h3>\n<div class=\"mylike-widget\" data-token=\"BUuOgtQSjBowXZ49\"><\/div>\n<p><script id=\"mylike-widget-jscript\" async src=\"https:\/\/app-api.mylike-app.com\/mylike-widget-v2\"><\/script>[\/vc_column_text][\/vc_column][\/vc_row][vc_row css=&#8221;.vc_custom_1692206023672{margin-top: 20px !important;}&#8221;][vc_column][vc_column_text]<\/p>\n<h4 style=\"text-align: center;\">Start: Von Palma aus fahren Sie \u00fcber die Autobahn Ma-1 in Richtung Andratx.<\/h4>\n<p>[\/vc_column_text][vc_images_carousel images=&#8221;3668,3665&#8243; img_size=&#8221;full&#8221; onclick=&#8221;link_no&#8221; slides_per_view=&#8221;2&#8243;][\/vc_column][\/vc_row][vc_row css=&#8221;.vc_custom_1694018352404{margin-top: 40px !important;}&#8221;][vc_column width=&#8221;1\/2&#8243; css=&#8221;.vc_custom_1694018385176{padding-right: 30px !important;}&#8221;][vc_column_text]<\/p>\n<h3><b>Puerto Portals<\/b><\/h3>\n<p>Hier finden Sie einen der vielen Luxush\u00e4fen Mallorcas, mit vielen luxuri\u00f6sen L\u00e4den, Gourmetlokalen, Bars und einem traumhaften Blick auf schicke Yachten und ebensolche Menschen. Wenn Ihnen soviel Schick nicht reicht, geht es weiter zum n\u00e4chsten Luxushafen.[\/vc_column_text][\/vc_column][vc_column width=&#8221;1\/2&#8243; css=&#8221;.vc_custom_1694018391557{padding-left: 30px !important;}&#8221;][vc_single_image image=&#8221;3672&#8243; img_size=&#8221;full&#8221; alignment=&#8221;center&#8221;][\/vc_column][\/vc_row][vc_row css=&#8221;.vc_custom_1694018356793{margin-top: 40px !important;}&#8221;][vc_column width=&#8221;1\/2&#8243; css=&#8221;.vc_custom_1694018400506{padding-right: 30px !important;}&#8221;][vc_single_image image=&#8221;3675&#8243; img_size=&#8221;full&#8221; alignment=&#8221;center&#8221;][\/vc_column][vc_column width=&#8221;1\/2&#8243; css=&#8221;.vc_custom_1694018396162{padding-left: 30px !important;}&#8221;][vc_column_text]<\/p>\n<h3><b>Port Adriano \/ Port de Andratx<\/b><\/h3>\n<p>Der Hafen wurde von Designlegende Philippe Starck entworfen und im Jahre 2012 eingeweiht. N\u00e4chster Stopp auf Ihrer Luxushafen-Tour k\u00f6nnte dann Port d\u2019Andratx sein. Auch hier gilt das Motto: \u201eSehen und gesehen werden\u201c. Im Ort finden Sie nicht nur teure Restaurants sondern auch gem\u00fctliche Bars f\u00fcr den perfekten Sundowner, den Sie hier bei herrlichem Blick auf Boote und Yachten genie\u00dfen k\u00f6nnen.[\/vc_column_text][\/vc_column][\/vc_row][vc_row css=&#8221;.vc_custom_1694018361602{margin-top: 10px !important;}&#8221;][vc_column css=&#8221;.vc_custom_1692201454960{margin-top: 20px !important;}&#8221;][vc_column_text]<\/p>\n<h3><b>Es Capdell\u00e0<\/b><\/h3>\n<p>Aber auch diese Route durch den S\u00fcdwesten der Insel entfernt sich nicht weit von den Bergen. Bevor Sie Andratx erreichen, empfehlen wir einen kurzen Abstecher nach Es Capdell\u00e0 und dann in das Dorf Galilea auf 402 m H\u00f6he. Nach einer kurvenreichen Fahrt werden Sie mit fantastischen Ausblicken auf das Meer und die Berge belohnt.[\/vc_column_text][\/vc_column][\/vc_row][vc_row css=&#8221;.vc_custom_1694018367956{margin-top: 40px !important;}&#8221;][vc_column width=&#8221;1\/2&#8243; css=&#8221;.vc_custom_1694018411180{padding-right: 30px !important;}&#8221;][vc_single_image image=&#8221;3678&#8243; img_size=&#8221;full&#8221; alignment=&#8221;center&#8221;][\/vc_column][vc_column width=&#8221;1\/2&#8243; css=&#8221;.vc_custom_1694018406880{padding-left: 30px !important;}&#8221;][vc_column_text]<\/p>\n<h3><b>Sant Elm<\/b><\/h3>\n<p>Und von Port d&#8217;Andratx aus lohnt sich ein kurzer Ausflug nach Sant Elm. Der s\u00fcdwestliche Zipfel der Insel hat sich seine Urspr\u00fcnglichkeit, seine einheimischen Bewohner und viel Natur bewahrt. T\u00e4glich legen Boote zur Insel Sa Dragonera ab, die direkt gegen\u00fcber liegt. Die Form des Eilands Dragonera mit einer Fl\u00e4che von etwa 300 m2 erinnert an einen Drachen und beherbergt zahlreiche Eidechsenarten. Da die Insel unter Naturschutz steht, sind Besuche nur eingeschr\u00e4nkt m\u00f6glich. Wenn Sie keine Eidechsen m\u00f6gen, k\u00f6nnen Sie den Sonnenuntergang \u00fcber Sa Dragonera auch von einer der Restaurant-Terrassen von Sant Elm aus genie\u00dfen.<\/p>\n<p><span style=\"font-weight: 400;\">Hier ein kurzes Video von der Dracheninsel Sa Dragonera:<\/span><\/p>\n<p><a href=\"https:\/\/www.youtube.com\/watch?v=wIk5NpX5eAo\"><span style=\"font-weight: 400;\">https:\/\/www.youtube.com\/watch?v=wIk5NpX5eAo<\/span><\/a>[\/vc_column_text][\/vc_column][\/vc_row][vc_row css=&#8221;.vc_custom_1692205922568{margin-top: 40px !important;}&#8221;][vc_column][vc_column_text]<\/p>\n<h4 style=\"text-align: center;\"><strong>SANT ELM | SA DRAGONERA<\/strong><\/h4>\n<p style=\"text-align: center;\"><span style=\"font-weight: 400;\">Bootstransfer <\/span><span style=\"font-weight: 400;\">Cruceros Margarita<\/span><\/p>\n<p style=\"text-align: center;\"><a href=\"http:\/\/www.crucerosmargarita.com\"><span style=\"font-weight: 400;\">www.crucerosmargarita.com<\/span><\/a><\/p>\n<p style=\"text-align: center;\"><span style=\"font-weight: 400;\"><strong>Von Februar bis Oktober:<\/strong>\u00a0 Verkauf der Fahrkahrten an Bord<\/span><\/p>\n<p>[\/vc_column_text][vc_images_carousel images=&#8221;3681,3684&#8243; img_size=&#8221;full&#8221; onclick=&#8221;link_no&#8221; speed=&#8221;2000&#8243; slides_per_view=&#8221;2&#8243; hide_pagination_control=&#8221;yes&#8221; hide_prev_next_buttons=&#8221;yes&#8221;][\/vc_column][\/vc_row]<\/p>\n<\/section>","protected":false},"excerpt":{"rendered":"<p>Diese Tour beginnt in der majest\u00e4tischen Stadt Palma und l\u00e4dt Sie dazu ein, die kleineren D\u00f6rfer wie Puigpunyent, Galilea und Capdell\u00e0 zu entdecken. Wir besuchen den Hafen von Port d&#8217;Andratx, Sant Elm und die Insel Sa Dragonera. Auf dem R\u00fcckweg fahren wir entlang der K\u00fcste, vorbei an Paguera, Santa Pon\u00e7a und dem exklusiven Yachthafen von Port Adriano oder Puerto Portals und halten an den Str\u00e4nden von Palmanova.<\/p>\n","protected":false},"featured_media":3691,"template":"","meta":{"_acf_changed":false},"product_brand":[],"product_cat":[89],"product_tag":[],"class_list":{"0":"post-4510","1":"product","2":"type-product","3":"status-publish","4":"has-post-thumbnail","6":"product_cat-mit-dem-auto-de","8":"first","9":"instock","10":"shipping-taxable","11":"product-type-simple"},"acf":[],"yoast_head":"<!-- This site is optimized with the Yoast SEO plugin v27.3 - https:\/\/yoast.com\/product\/yoast-seo-wordpress\/ -->\n<title>S\u00fcdwesten und Palma - Simply Mallorca<\/title>\n<meta name=\"robots\" content=\"index, follow, max-snippet:-1, max-image-preview:large, max-video-preview:-1\" \/>\n<link rel=\"canonical\" href=\"https:\/\/simplymallorca.info\/de\/rutas\/suedwesten-und-palma\/\" \/>\n<meta property=\"og:locale\" content=\"de_DE\" \/>\n<meta property=\"og:type\" content=\"article\" \/>\n<meta property=\"og:title\" content=\"S\u00fcdwesten und Palma - Simply Mallorca\" \/>\n<meta property=\"og:description\" content=\"Diese Tour beginnt in der majest\u00e4tischen Stadt Palma und l\u00e4dt Sie dazu ein, die kleineren D\u00f6rfer wie Puigpunyent, Galilea und Capdell\u00e0 zu entdecken. Wir besuchen den Hafen von Port d&#039;Andratx, Sant Elm und die Insel Sa Dragonera. Auf dem R\u00fcckweg fahren wir entlang der K\u00fcste, vorbei an Paguera, Santa Pon\u00e7a und dem exklusiven Yachthafen von Port Adriano oder Puerto Portals und halten an den Str\u00e4nden von Palmanova.\" \/>\n<meta property=\"og:url\" content=\"https:\/\/simplymallorca.info\/de\/rutas\/suedwesten-und-palma\/\" \/>\n<meta property=\"og:site_name\" content=\"Simply Mallorca\" \/>\n<meta property=\"article:publisher\" content=\"https:\/\/www.facebook.com\/simplymallorcaguide\" \/>\n<meta property=\"article:modified_time\" content=\"2024-02-10T14:42:57+00:00\" \/>\n<meta property=\"og:image\" content=\"https:\/\/simplymallorca.info\/wp-content\/uploads\/2023\/08\/Tour4-fotoprincipal.jpg\" \/>\n\t<meta property=\"og:image:width\" content=\"1920\" \/>\n\t<meta property=\"og:image:height\" content=\"1280\" \/>\n\t<meta property=\"og:image:type\" content=\"image\/jpeg\" \/>\n<meta name=\"twitter:card\" content=\"summary_large_image\" \/>\n<meta name=\"twitter:label1\" content=\"Gesch\u00e4tzte Lesezeit\" \/>\n\t<meta name=\"twitter:data1\" content=\"2\u00a0Minuten\" \/>\n<script type=\"application\/ld+json\" class=\"yoast-schema-graph\">{\"@context\":\"https:\\\/\\\/schema.org\",\"@graph\":[{\"@type\":\"WebPage\",\"@id\":\"https:\\\/\\\/simplymallorca.info\\\/de\\\/rutas\\\/suedwesten-und-palma\\\/\",\"url\":\"https:\\\/\\\/simplymallorca.info\\\/de\\\/rutas\\\/suedwesten-und-palma\\\/\",\"name\":\"S\u00fcdwesten und Palma - Simply Mallorca\",\"isPartOf\":{\"@id\":\"https:\\\/\\\/simplymallorca.info\\\/#website\"},\"primaryImageOfPage\":{\"@id\":\"https:\\\/\\\/simplymallorca.info\\\/de\\\/rutas\\\/suedwesten-und-palma\\\/#primaryimage\"},\"image\":{\"@id\":\"https:\\\/\\\/simplymallorca.info\\\/de\\\/rutas\\\/suedwesten-und-palma\\\/#primaryimage\"},\"thumbnailUrl\":\"https:\\\/\\\/simplymallorca.info\\\/wp-content\\\/uploads\\\/2023\\\/08\\\/Tour4-fotoprincipal.jpg\",\"datePublished\":\"2023-08-16T15:47:28+00:00\",\"dateModified\":\"2024-02-10T14:42:57+00:00\",\"breadcrumb\":{\"@id\":\"https:\\\/\\\/simplymallorca.info\\\/de\\\/rutas\\\/suedwesten-und-palma\\\/#breadcrumb\"},\"inLanguage\":\"de\",\"potentialAction\":[{\"@type\":\"ReadAction\",\"target\":[\"https:\\\/\\\/simplymallorca.info\\\/de\\\/rutas\\\/suedwesten-und-palma\\\/\"]}]},{\"@type\":\"ImageObject\",\"inLanguage\":\"de\",\"@id\":\"https:\\\/\\\/simplymallorca.info\\\/de\\\/rutas\\\/suedwesten-und-palma\\\/#primaryimage\",\"url\":\"https:\\\/\\\/simplymallorca.info\\\/wp-content\\\/uploads\\\/2023\\\/08\\\/Tour4-fotoprincipal.jpg\",\"contentUrl\":\"https:\\\/\\\/simplymallorca.info\\\/wp-content\\\/uploads\\\/2023\\\/08\\\/Tour4-fotoprincipal.jpg\",\"width\":1920,\"height\":1280},{\"@type\":\"BreadcrumbList\",\"@id\":\"https:\\\/\\\/simplymallorca.info\\\/de\\\/rutas\\\/suedwesten-und-palma\\\/#breadcrumb\",\"itemListElement\":[{\"@type\":\"ListItem\",\"position\":1,\"name\":\"Portada\",\"item\":\"https:\\\/\\\/simplymallorca.info\\\/de\\\/\"},{\"@type\":\"ListItem\",\"position\":2,\"name\":\"Productos\",\"item\":\"https:\\\/\\\/simplymallorca.info\\\/shop\\\/\"},{\"@type\":\"ListItem\",\"position\":3,\"name\":\"S\u00fcdwesten und Palma\"}]},{\"@type\":\"WebSite\",\"@id\":\"https:\\\/\\\/simplymallorca.info\\\/#website\",\"url\":\"https:\\\/\\\/simplymallorca.info\\\/\",\"name\":\"Simply Mallorca\",\"description\":\"\",\"publisher\":{\"@id\":\"https:\\\/\\\/simplymallorca.info\\\/#organization\"},\"potentialAction\":[{\"@type\":\"SearchAction\",\"target\":{\"@type\":\"EntryPoint\",\"urlTemplate\":\"https:\\\/\\\/simplymallorca.info\\\/?s={search_term_string}\"},\"query-input\":{\"@type\":\"PropertyValueSpecification\",\"valueRequired\":true,\"valueName\":\"search_term_string\"}}],\"inLanguage\":\"de\"},{\"@type\":\"Organization\",\"@id\":\"https:\\\/\\\/simplymallorca.info\\\/#organization\",\"name\":\"Simply Mallorca\",\"url\":\"https:\\\/\\\/simplymallorca.info\\\/\",\"logo\":{\"@type\":\"ImageObject\",\"inLanguage\":\"de\",\"@id\":\"https:\\\/\\\/simplymallorca.info\\\/#\\\/schema\\\/logo\\\/image\\\/\",\"url\":\"https:\\\/\\\/simplymallorca.info\\\/wp-content\\\/uploads\\\/2023\\\/08\\\/Simply-Mallorca-logo-trasnparent.png\",\"contentUrl\":\"https:\\\/\\\/simplymallorca.info\\\/wp-content\\\/uploads\\\/2023\\\/08\\\/Simply-Mallorca-logo-trasnparent.png\",\"width\":1920,\"height\":631,\"caption\":\"Simply Mallorca\"},\"image\":{\"@id\":\"https:\\\/\\\/simplymallorca.info\\\/#\\\/schema\\\/logo\\\/image\\\/\"},\"sameAs\":[\"https:\\\/\\\/www.facebook.com\\\/simplymallorcaguide\",\"https:\\\/\\\/youtube.com\\\/@sunnyguidemallorca5869\",\"https:\\\/\\\/linkedin.com\\\/simplymallorcaguide\\\/\",\"https:\\\/\\\/www.instagram.com\\\/simplymallorcaguide\\\/\"]}]}<\/script>\n<!-- \/ Yoast SEO plugin. -->","yoast_head_json":{"title":"S\u00fcdwesten und Palma - Simply Mallorca","robots":{"index":"index","follow":"follow","max-snippet":"max-snippet:-1","max-image-preview":"max-image-preview:large","max-video-preview":"max-video-preview:-1"},"canonical":"https:\/\/simplymallorca.info\/de\/rutas\/suedwesten-und-palma\/","og_locale":"de_DE","og_type":"article","og_title":"S\u00fcdwesten und Palma - Simply Mallorca","og_description":"Diese Tour beginnt in der majest\u00e4tischen Stadt Palma und l\u00e4dt Sie dazu ein, die kleineren D\u00f6rfer wie Puigpunyent, Galilea und Capdell\u00e0 zu entdecken. Wir besuchen den Hafen von Port d'Andratx, Sant Elm und die Insel Sa Dragonera. Auf dem R\u00fcckweg fahren wir entlang der K\u00fcste, vorbei an Paguera, Santa Pon\u00e7a und dem exklusiven Yachthafen von Port Adriano oder Puerto Portals und halten an den Str\u00e4nden von Palmanova.","og_url":"https:\/\/simplymallorca.info\/de\/rutas\/suedwesten-und-palma\/","og_site_name":"Simply Mallorca","article_publisher":"https:\/\/www.facebook.com\/simplymallorcaguide","article_modified_time":"2024-02-10T14:42:57+00:00","og_image":[{"width":1920,"height":1280,"url":"https:\/\/simplymallorca.info\/wp-content\/uploads\/2023\/08\/Tour4-fotoprincipal.jpg","type":"image\/jpeg"}],"twitter_card":"summary_large_image","twitter_misc":{"Gesch\u00e4tzte Lesezeit":"2\u00a0Minuten"},"schema":{"@context":"https:\/\/schema.org","@graph":[{"@type":"WebPage","@id":"https:\/\/simplymallorca.info\/de\/rutas\/suedwesten-und-palma\/","url":"https:\/\/simplymallorca.info\/de\/rutas\/suedwesten-und-palma\/","name":"S\u00fcdwesten und Palma - Simply Mallorca","isPartOf":{"@id":"https:\/\/simplymallorca.info\/#website"},"primaryImageOfPage":{"@id":"https:\/\/simplymallorca.info\/de\/rutas\/suedwesten-und-palma\/#primaryimage"},"image":{"@id":"https:\/\/simplymallorca.info\/de\/rutas\/suedwesten-und-palma\/#primaryimage"},"thumbnailUrl":"https:\/\/simplymallorca.info\/wp-content\/uploads\/2023\/08\/Tour4-fotoprincipal.jpg","datePublished":"2023-08-16T15:47:28+00:00","dateModified":"2024-02-10T14:42:57+00:00","breadcrumb":{"@id":"https:\/\/simplymallorca.info\/de\/rutas\/suedwesten-und-palma\/#breadcrumb"},"inLanguage":"de","potentialAction":[{"@type":"ReadAction","target":["https:\/\/simplymallorca.info\/de\/rutas\/suedwesten-und-palma\/"]}]},{"@type":"ImageObject","inLanguage":"de","@id":"https:\/\/simplymallorca.info\/de\/rutas\/suedwesten-und-palma\/#primaryimage","url":"https:\/\/simplymallorca.info\/wp-content\/uploads\/2023\/08\/Tour4-fotoprincipal.jpg","contentUrl":"https:\/\/simplymallorca.info\/wp-content\/uploads\/2023\/08\/Tour4-fotoprincipal.jpg","width":1920,"height":1280},{"@type":"BreadcrumbList","@id":"https:\/\/simplymallorca.info\/de\/rutas\/suedwesten-und-palma\/#breadcrumb","itemListElement":[{"@type":"ListItem","position":1,"name":"Portada","item":"https:\/\/simplymallorca.info\/de\/"},{"@type":"ListItem","position":2,"name":"Productos","item":"https:\/\/simplymallorca.info\/shop\/"},{"@type":"ListItem","position":3,"name":"S\u00fcdwesten und Palma"}]},{"@type":"WebSite","@id":"https:\/\/simplymallorca.info\/#website","url":"https:\/\/simplymallorca.info\/","name":"Simply Mallorca","description":"","publisher":{"@id":"https:\/\/simplymallorca.info\/#organization"},"potentialAction":[{"@type":"SearchAction","target":{"@type":"EntryPoint","urlTemplate":"https:\/\/simplymallorca.info\/?s={search_term_string}"},"query-input":{"@type":"PropertyValueSpecification","valueRequired":true,"valueName":"search_term_string"}}],"inLanguage":"de"},{"@type":"Organization","@id":"https:\/\/simplymallorca.info\/#organization","name":"Simply Mallorca","url":"https:\/\/simplymallorca.info\/","logo":{"@type":"ImageObject","inLanguage":"de","@id":"https:\/\/simplymallorca.info\/#\/schema\/logo\/image\/","url":"https:\/\/simplymallorca.info\/wp-content\/uploads\/2023\/08\/Simply-Mallorca-logo-trasnparent.png","contentUrl":"https:\/\/simplymallorca.info\/wp-content\/uploads\/2023\/08\/Simply-Mallorca-logo-trasnparent.png","width":1920,"height":631,"caption":"Simply Mallorca"},"image":{"@id":"https:\/\/simplymallorca.info\/#\/schema\/logo\/image\/"},"sameAs":["https:\/\/www.facebook.com\/simplymallorcaguide","https:\/\/youtube.com\/@sunnyguidemallorca5869","https:\/\/linkedin.com\/simplymallorcaguide\/","https:\/\/www.instagram.com\/simplymallorcaguide\/"]}]}},"_links":{"self":[{"href":"https:\/\/simplymallorca.info\/de\/wp-json\/wp\/v2\/product\/4510","targetHints":{"allow":["GET"]}}],"collection":[{"href":"https:\/\/simplymallorca.info\/de\/wp-json\/wp\/v2\/product"}],"about":[{"href":"https:\/\/simplymallorca.info\/de\/wp-json\/wp\/v2\/types\/product"}],"wp:featuredmedia":[{"embeddable":true,"href":"https:\/\/simplymallorca.info\/de\/wp-json\/wp\/v2\/media\/3691"}],"wp:attachment":[{"href":"https:\/\/simplymallorca.info\/de\/wp-json\/wp\/v2\/media?parent=4510"}],"wp:term":[{"taxonomy":"product_brand","embeddable":true,"href":"https:\/\/simplymallorca.info\/de\/wp-json\/wp\/v2\/product_brand?post=4510"},{"taxonomy":"product_cat","embeddable":true,"href":"https:\/\/simplymallorca.info\/de\/wp-json\/wp\/v2\/product_cat?post=4510"},{"taxonomy":"product_tag","embeddable":true,"href":"https:\/\/simplymallorca.info\/de\/wp-json\/wp\/v2\/product_tag?post=4510"}],"curies":[{"name":"wp","href":"https:\/\/api.w.org\/{rel}","templated":true}]}}