{"id":4071,"date":"2017-06-24T11:59:55","date_gmt":"2017-06-24T09:59:55","guid":{"rendered":"https:\/\/simplymallorca.info\/?page_id=4071"},"modified":"2024-02-10T16:17:02","modified_gmt":"2024-02-10T15:17:02","slug":"kontakt","status":"publish","type":"page","link":"https:\/\/simplymallorca.info\/de\/kontakt\/","title":{"rendered":"Kontakt"},"content":{"rendered":"<section class=\"wpb-content-wrapper\"><p>[vc_row css=&#8221;.vc_custom_1700672642436{padding-bottom: 50px !important;background-color: #ffffff !important;}&#8221; el_class=&#8221;container&#8221;][vc_column width=&#8221;1\/2&#8243; css=&#8221;.vc_custom_1698088017632{margin-top: 30px !important;padding-top: 0px !important;}&#8221;][vc_custom_heading text=&#8221;So finden Sie uns:&#8221; font_container=&#8221;tag:h2|font_size:24px|text_align:left|line_height:1&#8243; use_theme_fonts=&#8221;yes&#8221; el_class=&#8221;section-heading&#8221; css=&#8221;.vc_custom_1707578195479{margin-top: 0px !important;margin-bottom: 20px !important;}&#8221;][vc_row_inner css=&#8221;.vc_custom_1696433102571{margin-left: 0px !important;}&#8221;][vc_column_inner css=&#8221;.vc_custom_1692808824749{margin-top: 20px !important;padding-left: 0px !important;}&#8221;]<div class=\"key-icon-box icon-default icon-left cont-left  \" style=\"background-color: ;\" ><div class=\"ib-wrapper\"><i class=\"iconsmind-Telephone fa\" style=\" \"><\/i> <h4 class=\"service-heading\" >+34 971521564<\/h4><\/div><\/div>[\/vc_column_inner][\/vc_row_inner][vc_row_inner][vc_column_inner css=&#8221;.vc_custom_1498485327683{margin-top: -20px !important;padding-left: 0px !important;}&#8221;]<div class=\"key-icon-box icon-default icon-left cont-left  \" style=\"background-color: ;\" ><div class=\"ib-wrapper\"><i class=\"iconsmind-Envelope fa\" style=\" \"><\/i> <h4 class=\"service-heading\" >hola@simplymallorca.guide<\/h4><\/div><\/div>[\/vc_column_inner][\/vc_row_inner][vc_row_inner][vc_column_inner css=&#8221;.vc_custom_1498485333427{margin-top: -20px !important;padding-left: 0px !important;}&#8221;]<div class=\"key-icon-box icon-default icon-left cont-left  \" style=\"background-color: ;\" ><div class=\"ib-wrapper\"><i class=\"iconsmind-Map-Marker2 fa\" style=\" \"><\/i> <h4 class=\"service-heading\" >Apdo. Correos 2, Finca Cal Vicari s\/n, 07430, Llub\u00ed, Islas Baleares<\/h4><\/div><\/div>[\/vc_column_inner][\/vc_row_inner][vc_row_inner][vc_column_inner width=&#8221;1\/2&#8243; css=&#8221;.vc_custom_1499421817237{padding-left: 0px !important;}&#8221; offset=&#8221;vc_col-lg-6 vc_col-md-12 vc_col-xs-12&#8243;]<div class=\"key-icon-box icon-default icon-left cont-left  \" style=\"background-color: ;\" ><div class=\"ib-wrapper\"><a href=\"https:\/\/www.facebook.com\/simplymallorcaguide\" target=\"_blank\" title=\"\"><i class=\"iconsmind-Facebook fa\" style=\" \"><\/i> <\/a><h4 class=\"service-heading\" >Facebook<\/h4><\/div><\/div>[\/vc_column_inner][vc_column_inner width=&#8221;1\/2&#8243; css=&#8221;.vc_custom_1499421833011{margin-left: -40px !important;}&#8221; offset=&#8221;vc_col-lg-6 vc_col-md-12 vc_col-xs-12&#8243;]<div class=\"key-icon-box icon-default icon-left cont-left  \" style=\"background-color: ;\" ><div class=\"ib-wrapper\"><a href=\"https:\/\/www.instagram.com\/simplymallorcaguide\/\" target=\"_blank\" title=\"\"><i class=\"iconsmind-Instagram fa\" style=\" \"><\/i> <\/a><h4 class=\"service-heading\" >Instagram<\/h4><\/div><\/div>[\/vc_column_inner][\/vc_row_inner][vc_row_inner][vc_column_inner width=&#8221;1\/2&#8243; css=&#8221;.vc_custom_1499421849779{margin-top: -20px !important;padding-left: 0px !important;}&#8221; offset=&#8221;vc_col-lg-6 vc_col-md-12 vc_col-xs-12&#8243;]<div class=\"key-icon-box icon-default icon-left cont-left  \" style=\"background-color: ;\" ><div class=\"ib-wrapper\"><a href=\"https:\/\/www.linkedin.com\/company\/impresol-media-solution\" target=\"_blank\" title=\"\"><i class=\"iconsmind-Linkedin-2 fa\" style=\" \"><\/i> <\/a><h4 class=\"service-heading\" >LinkedIn<\/h4><\/div><\/div>[\/vc_column_inner][vc_column_inner width=&#8221;1\/2&#8243; css=&#8221;.vc_custom_1499421841235{margin-top: -20px !important;margin-left: -40px !important;}&#8221; offset=&#8221;vc_col-lg-6 vc_col-md-12 vc_col-xs-12&#8243;]<div class=\"key-icon-box icon-default icon-left cont-left  \" style=\"background-color: ;\" ><div class=\"ib-wrapper\"><a href=\"https:\/\/youtube.com\/@sunnyguidemallorca5869\" target=\"_blank\" title=\"\"><i class=\"iconsmind-Youtube fa\" style=\" \"><\/i> <\/a><h4 class=\"service-heading\" >YouTube<\/h4><\/div><\/div>[\/vc_column_inner][\/vc_row_inner][vc_row_inner css=&#8221;.vc_custom_1696433211536{margin-top: -20px !important;}&#8221;][vc_column_inner]<div class=\"key-icon-box icon-default icon-left cont-left  \" style=\"background-color: ;\" ><div class=\"ib-wrapper\"><a href=\"http:\/\/www.impresol.com\/\" target=\"_blank\" title=\"\"><i class=\"iconsmind-Link-2 fa\" style=\" \"><\/i> <\/a><h4 class=\"service-heading\" >www.impresol.com<\/h4><\/div><\/div>[\/vc_column_inner][\/vc_row_inner][\/vc_column][vc_column width=&#8221;1\/2&#8243; css=&#8221;.vc_custom_1698129961674{margin-top: 30px !important;padding-top: 0px !important;}&#8221;][vc_custom_heading text=&#8221;Treten Sie in Kontakt mit unserem Verlag:&#8221; font_container=&#8221;tag:h2|font_size:24px|text_align:left|line_height:1&#8243; use_theme_fonts=&#8221;yes&#8221; el_class=&#8221;section-heading&#8221; css=&#8221;.vc_custom_1707578166741{margin-top: 0px !important;margin-bottom: 20px !important;}&#8221;][vc_custom_heading text=&#8221;Wir antworten Ihnen m\u00f6glichst schnell. Wenn Sie uns Ihre Daten hinterlassen, werden wir Sie kontaktieren. Wir sind kein Fremdenverkehrsamt &#8211; und antworten nicht auf Fragen bezgl. Ihres Mallorca-Aufenthalts oder Ferienplanung. Dieses Formular ist zur Verbreitung des Reisef\u00fchrers Simply Mallorca Guide gedacht, f\u00fcr Hausbesitzer, Verwalter, Ferienvermietungs-Agenturen oder f\u00fcr lokale Unternehmen, die daran interessiert sind, ihre Dienstleistungen auf unserer Website zu bewerben.&#8221; font_container=&#8221;tag:p|font_size:16px|text_align:left|line_height:1.6&#8243; use_theme_fonts=&#8221;yes&#8221; css=&#8221;.vc_custom_1707578133578{margin-right: 20% !important;margin-bottom: 40px !important;}&#8221;]<div class=\"kd-contact-form light_background\">\n<div class=\"wpcf7 no-js\" id=\"wpcf7-f4137-o1\" lang=\"de-DE\" dir=\"ltr\" data-wpcf7-id=\"4137\">\n<div class=\"screen-reader-response\"><p role=\"status\" aria-live=\"polite\" aria-atomic=\"true\"><\/p> <ul><\/ul><\/div>\n<form action=\"\/de\/wp-json\/wp\/v2\/pages\/4071#wpcf7-f4137-o1\" method=\"post\" class=\"wpcf7-form init\" aria-label=\"Kontaktformular\" novalidate=\"novalidate\" data-status=\"init\">\n<fieldset class=\"hidden-fields-container\"><input type=\"hidden\" name=\"_wpcf7\" value=\"4137\" \/><input type=\"hidden\" name=\"_wpcf7_version\" value=\"6.1.5\" \/><input type=\"hidden\" name=\"_wpcf7_locale\" value=\"de_DE\" \/><input type=\"hidden\" name=\"_wpcf7_unit_tag\" value=\"wpcf7-f4137-o1\" \/><input type=\"hidden\" name=\"_wpcf7_container_post\" value=\"0\" \/><input type=\"hidden\" name=\"_wpcf7_posted_data_hash\" value=\"\" \/><input type=\"hidden\" name=\"_wpcf7_recaptcha_response\" value=\"\" \/>\n<\/fieldset>\n<div class=\"row\">\n\t<div class=\"col-lg-12\">\n\t\t<div class=\"twr_form_box\">\n\t\t\t<p><label> Name*<br \/>\n<span class=\"wpcf7-form-control-wrap\" data-name=\"text-30\"><input size=\"40\" maxlength=\"400\" class=\"wpcf7-form-control wpcf7-text wpcf7-validates-as-required form-control\" aria-required=\"true\" aria-invalid=\"false\" placeholder=\"Schreib deinen Namen...\" value=\"\" type=\"text\" name=\"text-30\" \/><\/span> <\/label>\n\t\t\t<\/p>\n\t\t<\/div>\n\t<\/div>\n\t<div class=\"col-lg-12\">\n\t\t<div class=\"twr_form_box\">\n\t\t\t<p><label> Email*<br \/>\n<span class=\"wpcf7-form-control-wrap\" data-name=\"email-380\"><input size=\"40\" maxlength=\"400\" class=\"wpcf7-form-control wpcf7-email wpcf7-validates-as-required wpcf7-text wpcf7-validates-as-email form-control\" aria-required=\"true\" aria-invalid=\"false\" placeholder=\"Schreiben Sie Ihre E-Mail...\" value=\"\" type=\"email\" name=\"email-380\" \/><\/span><br \/>\n<\/label>\n\t\t\t<\/p>\n\t\t<\/div>\n\t<\/div>\n\t<div class=\"col-lg-12\">\n\t\t<div class=\"twr_form_box \">\n\t\t\t<p><label> Ihre Nachricht*<br \/>\n<span class=\"wpcf7-form-control-wrap\" data-name=\"textarea\"><textarea cols=\"40\" rows=\"6\" maxlength=\"2000\" class=\"wpcf7-form-control wpcf7-textarea wpcf7-validates-as-required form-control\" aria-required=\"true\" aria-invalid=\"false\" placeholder=\"Schreibe deine Nachricht...\" name=\"textarea\"><\/textarea><\/span><br \/>\n<\/label>\n\t\t\t<\/p>\n\t\t\t<p><label><br \/>\n<span class=\"wpcf7-form-control-wrap\" data-name=\"acceptance-318\"><span class=\"wpcf7-form-control wpcf7-acceptance\"><span class=\"wpcf7-list-item\"><input type=\"checkbox\" name=\"acceptance-318\" value=\"1\" aria-invalid=\"false\" \/><\/span><\/span><\/span> Ich habe die gelesen und akzeptiere sie <a href=\"https:\/\/simplymallorca.info\/de\/datenschutzrichtlinie\/\">Datenschutzrichtlinie. <\/a><br \/>\n<\/label>\n\t\t\t<\/p>\n\t\t<\/div>\n\t\t<div>\n\t\t\t<p><button type=\"submit\" class=\"tt_button\">Nachricht<\/button>\n\t\t\t<\/p>\n\t\t<\/div>\n\t<\/div>\n<\/div><div class=\"wpcf7-response-output\" aria-hidden=\"true\"><\/div>\n<\/form>\n<\/div>\n<\/div>[\/vc_column][\/vc_row]<\/p>\n<\/section>","protected":false},"excerpt":{"rendered":"<p>[vc_row css=&#8221;.vc_custom_1700672642436{padding-bottom: 50px !important;background-color: #ffffff !important;}&#8221; el_class=&#8221;container&#8221;][vc_column width=&#8221;1\/2&#8243; css=&#8221;.vc_custom_1698088017632{margin-top: 30px !important;padding-top: 0px !important;}&#8221;][vc_custom_heading text=&#8221;So finden Sie uns:&#8221; font_container=&#8221;tag:h2|font_size:24px|text_align:left|line_height:1&#8243; use_theme_fonts=&#8221;yes&#8221; el_class=&#8221;section-heading&#8221; css=&#8221;.vc_custom_1707578195479{margin-top: 0px !important;margin-bottom: [&hellip;]<\/p>\n","protected":false},"author":1,"featured_media":3951,"parent":0,"menu_order":0,"comment_status":"closed","ping_status":"closed","template":"","meta":{"_acf_changed":false,"footnotes":""},"class_list":["post-4071","page","type-page","status-publish","has-post-thumbnail","hentry"],"acf":[],"yoast_head":"<!-- This site is optimized with the Yoast SEO plugin v27.3 - https:\/\/yoast.com\/product\/yoast-seo-wordpress\/ -->\n<title>Kontakt - Simply Mallorca<\/title>\n<meta name=\"robots\" content=\"index, follow, max-snippet:-1, max-image-preview:large, max-video-preview:-1\" \/>\n<link rel=\"canonical\" href=\"https:\/\/simplymallorca.info\/de\/kontakt\/\" \/>\n<meta property=\"og:locale\" content=\"de_DE\" \/>\n<meta property=\"og:type\" content=\"article\" \/>\n<meta property=\"og:title\" content=\"Kontakt - Simply Mallorca\" \/>\n<meta property=\"og:description\" content=\"[vc_row css=&#8221;.vc_custom_1700672642436{padding-bottom: 50px !important;background-color: #ffffff !important;}&#8221; el_class=&#8221;container&#8221;][vc_column width=&#8221;1\/2&#8243; css=&#8221;.vc_custom_1698088017632{margin-top: 30px !important;padding-top: 0px !important;}&#8221;][vc_custom_heading text=&#8221;So finden Sie uns:&#8221; font_container=&#8221;tag:h2|font_size:24px|text_align:left|line_height:1&#8243; use_theme_fonts=&#8221;yes&#8221; el_class=&#8221;section-heading&#8221; css=&#8221;.vc_custom_1707578195479{margin-top: 0px !important;margin-bottom: [&hellip;]\" \/>\n<meta property=\"og:url\" content=\"https:\/\/simplymallorca.info\/de\/kontakt\/\" \/>\n<meta property=\"og:site_name\" content=\"Simply Mallorca\" \/>\n<meta property=\"article:publisher\" content=\"https:\/\/www.facebook.com\/simplymallorcaguide\" \/>\n<meta property=\"article:modified_time\" content=\"2024-02-10T15:17:02+00:00\" \/>\n<meta property=\"og:image\" content=\"https:\/\/simplymallorca.info\/wp-content\/uploads\/2023\/08\/Contacto.jpg\" \/>\n\t<meta property=\"og:image:width\" content=\"1920\" \/>\n\t<meta property=\"og:image:height\" content=\"969\" \/>\n\t<meta property=\"og:image:type\" content=\"image\/jpeg\" \/>\n<meta name=\"twitter:card\" content=\"summary_large_image\" \/>\n<meta name=\"twitter:label1\" content=\"Gesch\u00e4tzte Lesezeit\" \/>\n\t<meta name=\"twitter:data1\" content=\"2\u00a0Minuten\" \/>\n<script type=\"application\/ld+json\" class=\"yoast-schema-graph\">{\"@context\":\"https:\\\/\\\/schema.org\",\"@graph\":[{\"@type\":\"WebPage\",\"@id\":\"https:\\\/\\\/simplymallorca.info\\\/de\\\/kontakt\\\/\",\"url\":\"https:\\\/\\\/simplymallorca.info\\\/de\\\/kontakt\\\/\",\"name\":\"Kontakt - Simply Mallorca\",\"isPartOf\":{\"@id\":\"https:\\\/\\\/simplymallorca.info\\\/#website\"},\"primaryImageOfPage\":{\"@id\":\"https:\\\/\\\/simplymallorca.info\\\/de\\\/kontakt\\\/#primaryimage\"},\"image\":{\"@id\":\"https:\\\/\\\/simplymallorca.info\\\/de\\\/kontakt\\\/#primaryimage\"},\"thumbnailUrl\":\"https:\\\/\\\/simplymallorca.info\\\/wp-content\\\/uploads\\\/2023\\\/08\\\/Contacto.jpg\",\"datePublished\":\"2017-06-24T09:59:55+00:00\",\"dateModified\":\"2024-02-10T15:17:02+00:00\",\"breadcrumb\":{\"@id\":\"https:\\\/\\\/simplymallorca.info\\\/de\\\/kontakt\\\/#breadcrumb\"},\"inLanguage\":\"de\",\"potentialAction\":[{\"@type\":\"ReadAction\",\"target\":[\"https:\\\/\\\/simplymallorca.info\\\/de\\\/kontakt\\\/\"]}]},{\"@type\":\"ImageObject\",\"inLanguage\":\"de\",\"@id\":\"https:\\\/\\\/simplymallorca.info\\\/de\\\/kontakt\\\/#primaryimage\",\"url\":\"https:\\\/\\\/simplymallorca.info\\\/wp-content\\\/uploads\\\/2023\\\/08\\\/Contacto.jpg\",\"contentUrl\":\"https:\\\/\\\/simplymallorca.info\\\/wp-content\\\/uploads\\\/2023\\\/08\\\/Contacto.jpg\",\"width\":1920,\"height\":969},{\"@type\":\"BreadcrumbList\",\"@id\":\"https:\\\/\\\/simplymallorca.info\\\/de\\\/kontakt\\\/#breadcrumb\",\"itemListElement\":[{\"@type\":\"ListItem\",\"position\":1,\"name\":\"Portada\",\"item\":\"https:\\\/\\\/simplymallorca.info\\\/de\\\/\"},{\"@type\":\"ListItem\",\"position\":2,\"name\":\"Kontakt\"}]},{\"@type\":\"WebSite\",\"@id\":\"https:\\\/\\\/simplymallorca.info\\\/#website\",\"url\":\"https:\\\/\\\/simplymallorca.info\\\/\",\"name\":\"Simply Mallorca\",\"description\":\"\",\"publisher\":{\"@id\":\"https:\\\/\\\/simplymallorca.info\\\/#organization\"},\"potentialAction\":[{\"@type\":\"SearchAction\",\"target\":{\"@type\":\"EntryPoint\",\"urlTemplate\":\"https:\\\/\\\/simplymallorca.info\\\/?s={search_term_string}\"},\"query-input\":{\"@type\":\"PropertyValueSpecification\",\"valueRequired\":true,\"valueName\":\"search_term_string\"}}],\"inLanguage\":\"de\"},{\"@type\":\"Organization\",\"@id\":\"https:\\\/\\\/simplymallorca.info\\\/#organization\",\"name\":\"Simply Mallorca\",\"url\":\"https:\\\/\\\/simplymallorca.info\\\/\",\"logo\":{\"@type\":\"ImageObject\",\"inLanguage\":\"de\",\"@id\":\"https:\\\/\\\/simplymallorca.info\\\/#\\\/schema\\\/logo\\\/image\\\/\",\"url\":\"https:\\\/\\\/simplymallorca.info\\\/wp-content\\\/uploads\\\/2023\\\/08\\\/Simply-Mallorca-logo-trasnparent.png\",\"contentUrl\":\"https:\\\/\\\/simplymallorca.info\\\/wp-content\\\/uploads\\\/2023\\\/08\\\/Simply-Mallorca-logo-trasnparent.png\",\"width\":1920,\"height\":631,\"caption\":\"Simply Mallorca\"},\"image\":{\"@id\":\"https:\\\/\\\/simplymallorca.info\\\/#\\\/schema\\\/logo\\\/image\\\/\"},\"sameAs\":[\"https:\\\/\\\/www.facebook.com\\\/simplymallorcaguide\",\"https:\\\/\\\/youtube.com\\\/@sunnyguidemallorca5869\",\"https:\\\/\\\/linkedin.com\\\/simplymallorcaguide\\\/\",\"https:\\\/\\\/www.instagram.com\\\/simplymallorcaguide\\\/\"]}]}<\/script>\n<!-- \/ Yoast SEO plugin. -->","yoast_head_json":{"title":"Kontakt - Simply Mallorca","robots":{"index":"index","follow":"follow","max-snippet":"max-snippet:-1","max-image-preview":"max-image-preview:large","max-video-preview":"max-video-preview:-1"},"canonical":"https:\/\/simplymallorca.info\/de\/kontakt\/","og_locale":"de_DE","og_type":"article","og_title":"Kontakt - Simply Mallorca","og_description":"[vc_row css=&#8221;.vc_custom_1700672642436{padding-bottom: 50px !important;background-color: #ffffff !important;}&#8221; el_class=&#8221;container&#8221;][vc_column width=&#8221;1\/2&#8243; css=&#8221;.vc_custom_1698088017632{margin-top: 30px !important;padding-top: 0px !important;}&#8221;][vc_custom_heading text=&#8221;So finden Sie uns:&#8221; font_container=&#8221;tag:h2|font_size:24px|text_align:left|line_height:1&#8243; use_theme_fonts=&#8221;yes&#8221; el_class=&#8221;section-heading&#8221; css=&#8221;.vc_custom_1707578195479{margin-top: 0px !important;margin-bottom: [&hellip;]","og_url":"https:\/\/simplymallorca.info\/de\/kontakt\/","og_site_name":"Simply Mallorca","article_publisher":"https:\/\/www.facebook.com\/simplymallorcaguide","article_modified_time":"2024-02-10T15:17:02+00:00","og_image":[{"width":1920,"height":969,"url":"https:\/\/simplymallorca.info\/wp-content\/uploads\/2023\/08\/Contacto.jpg","type":"image\/jpeg"}],"twitter_card":"summary_large_image","twitter_misc":{"Gesch\u00e4tzte Lesezeit":"2\u00a0Minuten"},"schema":{"@context":"https:\/\/schema.org","@graph":[{"@type":"WebPage","@id":"https:\/\/simplymallorca.info\/de\/kontakt\/","url":"https:\/\/simplymallorca.info\/de\/kontakt\/","name":"Kontakt - Simply Mallorca","isPartOf":{"@id":"https:\/\/simplymallorca.info\/#website"},"primaryImageOfPage":{"@id":"https:\/\/simplymallorca.info\/de\/kontakt\/#primaryimage"},"image":{"@id":"https:\/\/simplymallorca.info\/de\/kontakt\/#primaryimage"},"thumbnailUrl":"https:\/\/simplymallorca.info\/wp-content\/uploads\/2023\/08\/Contacto.jpg","datePublished":"2017-06-24T09:59:55+00:00","dateModified":"2024-02-10T15:17:02+00:00","breadcrumb":{"@id":"https:\/\/simplymallorca.info\/de\/kontakt\/#breadcrumb"},"inLanguage":"de","potentialAction":[{"@type":"ReadAction","target":["https:\/\/simplymallorca.info\/de\/kontakt\/"]}]},{"@type":"ImageObject","inLanguage":"de","@id":"https:\/\/simplymallorca.info\/de\/kontakt\/#primaryimage","url":"https:\/\/simplymallorca.info\/wp-content\/uploads\/2023\/08\/Contacto.jpg","contentUrl":"https:\/\/simplymallorca.info\/wp-content\/uploads\/2023\/08\/Contacto.jpg","width":1920,"height":969},{"@type":"BreadcrumbList","@id":"https:\/\/simplymallorca.info\/de\/kontakt\/#breadcrumb","itemListElement":[{"@type":"ListItem","position":1,"name":"Portada","item":"https:\/\/simplymallorca.info\/de\/"},{"@type":"ListItem","position":2,"name":"Kontakt"}]},{"@type":"WebSite","@id":"https:\/\/simplymallorca.info\/#website","url":"https:\/\/simplymallorca.info\/","name":"Simply Mallorca","description":"","publisher":{"@id":"https:\/\/simplymallorca.info\/#organization"},"potentialAction":[{"@type":"SearchAction","target":{"@type":"EntryPoint","urlTemplate":"https:\/\/simplymallorca.info\/?s={search_term_string}"},"query-input":{"@type":"PropertyValueSpecification","valueRequired":true,"valueName":"search_term_string"}}],"inLanguage":"de"},{"@type":"Organization","@id":"https:\/\/simplymallorca.info\/#organization","name":"Simply Mallorca","url":"https:\/\/simplymallorca.info\/","logo":{"@type":"ImageObject","inLanguage":"de","@id":"https:\/\/simplymallorca.info\/#\/schema\/logo\/image\/","url":"https:\/\/simplymallorca.info\/wp-content\/uploads\/2023\/08\/Simply-Mallorca-logo-trasnparent.png","contentUrl":"https:\/\/simplymallorca.info\/wp-content\/uploads\/2023\/08\/Simply-Mallorca-logo-trasnparent.png","width":1920,"height":631,"caption":"Simply Mallorca"},"image":{"@id":"https:\/\/simplymallorca.info\/#\/schema\/logo\/image\/"},"sameAs":["https:\/\/www.facebook.com\/simplymallorcaguide","https:\/\/youtube.com\/@sunnyguidemallorca5869","https:\/\/linkedin.com\/simplymallorcaguide\/","https:\/\/www.instagram.com\/simplymallorcaguide\/"]}]}},"_links":{"self":[{"href":"https:\/\/simplymallorca.info\/de\/wp-json\/wp\/v2\/pages\/4071","targetHints":{"allow":["GET"]}}],"collection":[{"href":"https:\/\/simplymallorca.info\/de\/wp-json\/wp\/v2\/pages"}],"about":[{"href":"https:\/\/simplymallorca.info\/de\/wp-json\/wp\/v2\/types\/page"}],"author":[{"embeddable":true,"href":"https:\/\/simplymallorca.info\/de\/wp-json\/wp\/v2\/users\/1"}],"replies":[{"embeddable":true,"href":"https:\/\/simplymallorca.info\/de\/wp-json\/wp\/v2\/comments?post=4071"}],"version-history":[{"count":19,"href":"https:\/\/simplymallorca.info\/de\/wp-json\/wp\/v2\/pages\/4071\/revisions"}],"predecessor-version":[{"id":5432,"href":"https:\/\/simplymallorca.info\/de\/wp-json\/wp\/v2\/pages\/4071\/revisions\/5432"}],"wp:featuredmedia":[{"embeddable":true,"href":"https:\/\/simplymallorca.info\/de\/wp-json\/wp\/v2\/media\/3951"}],"wp:attachment":[{"href":"https:\/\/simplymallorca.info\/de\/wp-json\/wp\/v2\/media?parent=4071"}],"curies":[{"name":"wp","href":"https:\/\/api.w.org\/{rel}","templated":true}]}}