{"id":4069,"date":"2023-08-16T19:13:41","date_gmt":"2023-08-16T17:13:41","guid":{"rendered":"https:\/\/simplymallorca.info\/?page_id=4069"},"modified":"2024-02-10T16:11:05","modified_gmt":"2024-02-10T15:11:05","slug":"ueber-uns","status":"publish","type":"page","link":"https:\/\/simplymallorca.info\/de\/ueber-uns\/","title":{"rendered":"\u00dcber uns"},"content":{"rendered":"<section class=\"wpb-content-wrapper\"><p>[vc_row][vc_column][vc_column_text]Unsere Marketingagentur und Verlag Impresol Media Solutions ver\u00f6ffentlicht seit 25 Jahren erfolgreich Karten und Reisef\u00fchrer f\u00fcr Millionen von Urlaubern auf den Balearen. Seit 1995 leben und arbeiten wir hier in der Tourismusbranche und kennen vor allem Mallorca sehr gut. Wir halten Augen und Ohren offen, h\u00f6ren im Freundeskreis von Neuer\u00f6ffnungen und tollen neuen Restaurantempfehlungen, kommen an neuen L\u00e4den vorbei, die leckere Spezialit\u00e4ten anbieten oder einfach den mallorquinischen Lifestyle vermitteln. Wir sind am Puls der Zeit &#8211; und Insider. Ein internationales Team mit einer deutschen Gesch\u00e4ftsf\u00fchrerin.[\/vc_column_text][\/vc_column][\/vc_row][vc_row content_placement=&#8221;middle&#8221; css=&#8221;.vc_custom_1694016113295{margin-top: 40px !important;}&#8221;][vc_column width=&#8221;1\/2&#8243; css=&#8221;.vc_custom_1694016120833{padding-right: 40px !important;}&#8221;][vc_column_text]<\/p>\n<h2><b>Simply Mallorca Guide &#8211; &#8220;Einfach Mallorca&#8221;:<\/b><\/h2>\n<p>Wir haben erlebt, wie oft Urlauber im Ferienhaus nach guten Tipps f\u00fcr Restaurants, Tapas-Bars oder Beachclubs fragen, wo die n\u00e4chste versteckte Bucht zum Baden ist oder wo man abends richtig nett oder authentisch essen gehen kann. So entstand die Idee zu diesem Simply Mallorca Guide. SIMPLY- bedeutet im Englischen einfach &#8211; es bedeutet aber auch \u201eEinfach Mallorca\u201c &#8211; so ist die Insel: Authentisch, traditionell, aber auch luxuri\u00f6s und teuer. Hier finden Sie EINFACH alles.<\/p>\n<p>Als Ferienhausbesitzer oder Ferienhausvermittler bringen Sie Ihren Kunden mit diesem Guide die Insel Mallorca n\u00e4her und helfen bei der Urlaubsplanung. Auf Wunsch personalisieren wir Ihre Online-Ausgabe oder erstellen Ihren eigenen Mallorca-Reisef\u00fchrer. Nehmen Sie Kontakt mit uns auf:<\/p>\n<p><a href=\"http:\/\/www.impresol.com\"><span style=\"font-weight: 400;\">www.impresol.com<\/span><\/a>[\/vc_column_text][\/vc_column][vc_column width=&#8221;1\/2&#8243; css=&#8221;.vc_custom_1692210004280{padding-left: 30px !important;}&#8221;][vc_single_image image=&#8221;3763&#8243; img_size=&#8221;full&#8221;][\/vc_column][\/vc_row][vc_row][vc_column][vc_column_text]<\/p>\n<h2 style=\"text-align: center;\"><strong>Lerne unser Team kennen<\/strong><\/h2>\n<p>[\/vc_column_text][\/vc_column][\/vc_row][vc_row css=&#8221;.vc_custom_1692211987350{margin-top: 30px !important;}&#8221;][vc_column width=&#8221;1\/3&#8243; css=&#8221;.vc_custom_1692211204863{padding-right: 20px !important;padding-left: 20px !important;}&#8221;]<div class=\"kd-photobox  \" ><div class=\"photobox-img\"><img loading=\"lazy\" decoding=\"async\" width=\"800\" height=\"800\" src=\"https:\/\/simplymallorca.info\/wp-content\/uploads\/2023\/08\/Maren_Amberg-1.jpg\" class=\"attachment-full\" alt=\"\" title=\"Maren_Amberg\" srcset=\"https:\/\/simplymallorca.info\/wp-content\/uploads\/2023\/08\/Maren_Amberg-1.jpg 800w, https:\/\/simplymallorca.info\/wp-content\/uploads\/2023\/08\/Maren_Amberg-1-300x300.jpg 300w, https:\/\/simplymallorca.info\/wp-content\/uploads\/2023\/08\/Maren_Amberg-1-150x150.jpg 150w, https:\/\/simplymallorca.info\/wp-content\/uploads\/2023\/08\/Maren_Amberg-1-768x768.jpg 768w, https:\/\/simplymallorca.info\/wp-content\/uploads\/2023\/08\/Maren_Amberg-1-400x400.jpg 400w\" sizes=\"auto, (max-width: 800px) 100vw, 800px\" \/><\/div><div class=\"phb-content text-left\" >\n                  <h4 >Maren Amberg<\/h4>\n                  <p >Gerente<\/p><\/div><\/div>[\/vc_column][vc_column width=&#8221;1\/3&#8243; css=&#8221;.vc_custom_1692211216115{padding-right: 20px !important;padding-left: 20px !important;}&#8221;]<div class=\"kd-photobox  \" ><div class=\"photobox-img\"><img loading=\"lazy\" decoding=\"async\" width=\"800\" height=\"800\" src=\"https:\/\/simplymallorca.info\/wp-content\/uploads\/2023\/08\/Vikki-Forster.jpg\" class=\"attachment-full\" alt=\"\" title=\"Vikki-Forster\" srcset=\"https:\/\/simplymallorca.info\/wp-content\/uploads\/2023\/08\/Vikki-Forster.jpg 800w, https:\/\/simplymallorca.info\/wp-content\/uploads\/2023\/08\/Vikki-Forster-300x300.jpg 300w, https:\/\/simplymallorca.info\/wp-content\/uploads\/2023\/08\/Vikki-Forster-150x150.jpg 150w, https:\/\/simplymallorca.info\/wp-content\/uploads\/2023\/08\/Vikki-Forster-768x768.jpg 768w, https:\/\/simplymallorca.info\/wp-content\/uploads\/2023\/08\/Vikki-Forster-400x400.jpg 400w\" sizes=\"auto, (max-width: 800px) 100vw, 800px\" \/><\/div><div class=\"phb-content text-left\" >\n                  <h4 >Vikki Forster<\/h4>\n                  <p >Producci\u00f3n y traducciones<\/p><\/div><\/div>[\/vc_column][vc_column width=&#8221;1\/3&#8243; css=&#8221;.vc_custom_1692211853186{padding-right: 20px !important;padding-left: 20px !important;}&#8221;]<div class=\"kd-photobox  \" ><div class=\"photobox-img\"><img loading=\"lazy\" decoding=\"async\" width=\"800\" height=\"800\" src=\"https:\/\/simplymallorca.info\/wp-content\/uploads\/2023\/08\/RaulRomero-sehrgross-rund-1.jpg\" class=\"attachment-full\" alt=\"\" title=\"RaulRomero-sehrgross-rund\" srcset=\"https:\/\/simplymallorca.info\/wp-content\/uploads\/2023\/08\/RaulRomero-sehrgross-rund-1.jpg 800w, https:\/\/simplymallorca.info\/wp-content\/uploads\/2023\/08\/RaulRomero-sehrgross-rund-1-300x300.jpg 300w, https:\/\/simplymallorca.info\/wp-content\/uploads\/2023\/08\/RaulRomero-sehrgross-rund-1-150x150.jpg 150w, https:\/\/simplymallorca.info\/wp-content\/uploads\/2023\/08\/RaulRomero-sehrgross-rund-1-768x768.jpg 768w, https:\/\/simplymallorca.info\/wp-content\/uploads\/2023\/08\/RaulRomero-sehrgross-rund-1-400x400.jpg 400w\" sizes=\"auto, (max-width: 800px) 100vw, 800px\" \/><\/div><div class=\"phb-content text-left\" >\n                  <h4 >Raul Romero Romero<\/h4>\n                  <p >Director comercial<\/p><\/div><\/div>[\/vc_column][\/vc_row][vc_row css=&#8221;.vc_custom_1692211972671{margin-top: 50px !important;}&#8221;][vc_column width=&#8221;1\/3&#8243; css=&#8221;.vc_custom_1692211204863{padding-right: 20px !important;padding-left: 20px !important;}&#8221;]<div class=\"kd-photobox  \" ><div class=\"photobox-img\"><img loading=\"lazy\" decoding=\"async\" width=\"800\" height=\"800\" src=\"https:\/\/simplymallorca.info\/wp-content\/uploads\/2023\/08\/Laura_Rodon.jpg\" class=\"attachment-full\" alt=\"\" title=\"Laura_Rodon\" srcset=\"https:\/\/simplymallorca.info\/wp-content\/uploads\/2023\/08\/Laura_Rodon.jpg 800w, https:\/\/simplymallorca.info\/wp-content\/uploads\/2023\/08\/Laura_Rodon-300x300.jpg 300w, https:\/\/simplymallorca.info\/wp-content\/uploads\/2023\/08\/Laura_Rodon-150x150.jpg 150w, https:\/\/simplymallorca.info\/wp-content\/uploads\/2023\/08\/Laura_Rodon-768x768.jpg 768w, https:\/\/simplymallorca.info\/wp-content\/uploads\/2023\/08\/Laura_Rodon-400x400.jpg 400w\" sizes=\"auto, (max-width: 800px) 100vw, 800px\" \/><\/div><div class=\"phb-content text-left\" >\n                  <h4 >Laura Rodon<\/h4>\n                  <p >Dise\u00f1o gr\u00e1fico y desarrollo<\/p><\/div><\/div>[\/vc_column][vc_column width=&#8221;1\/3&#8243; css=&#8221;.vc_custom_1692211216115{padding-right: 20px !important;padding-left: 20px !important;}&#8221;]<div class=\"kd-photobox  \" ><div class=\"photobox-img\"><img loading=\"lazy\" decoding=\"async\" width=\"800\" height=\"800\" src=\"https:\/\/simplymallorca.info\/wp-content\/uploads\/2023\/08\/Pep_Estarellas-2.jpg\" class=\"attachment-full\" alt=\"\" title=\"Pep_Estarellas\" srcset=\"https:\/\/simplymallorca.info\/wp-content\/uploads\/2023\/08\/Pep_Estarellas-2.jpg 800w, https:\/\/simplymallorca.info\/wp-content\/uploads\/2023\/08\/Pep_Estarellas-2-300x300.jpg 300w, https:\/\/simplymallorca.info\/wp-content\/uploads\/2023\/08\/Pep_Estarellas-2-150x150.jpg 150w, https:\/\/simplymallorca.info\/wp-content\/uploads\/2023\/08\/Pep_Estarellas-2-768x768.jpg 768w, https:\/\/simplymallorca.info\/wp-content\/uploads\/2023\/08\/Pep_Estarellas-2-400x400.jpg 400w\" sizes=\"auto, (max-width: 800px) 100vw, 800px\" \/><\/div><div class=\"phb-content text-left\" >\n                  <h4 >Pep Estarellas<\/h4>\n                  <p >Dise\u00f1o gr\u00e1fico y producci\u00f3n<\/p><\/div><\/div>[\/vc_column][vc_column width=&#8221;1\/3&#8243; css=&#8221;.vc_custom_1692211864936{padding-right: 20px !important;padding-left: 20px !important;}&#8221;]<div class=\"kd-photobox  \" ><div class=\"photobox-img\"><img loading=\"lazy\" decoding=\"async\" width=\"800\" height=\"800\" src=\"https:\/\/simplymallorca.info\/wp-content\/uploads\/2023\/08\/Luis_Sanchez.jpg\" class=\"attachment-full\" alt=\"\" title=\"Luis_Sanchez\" srcset=\"https:\/\/simplymallorca.info\/wp-content\/uploads\/2023\/08\/Luis_Sanchez.jpg 800w, https:\/\/simplymallorca.info\/wp-content\/uploads\/2023\/08\/Luis_Sanchez-300x300.jpg 300w, https:\/\/simplymallorca.info\/wp-content\/uploads\/2023\/08\/Luis_Sanchez-150x150.jpg 150w, https:\/\/simplymallorca.info\/wp-content\/uploads\/2023\/08\/Luis_Sanchez-768x768.jpg 768w, https:\/\/simplymallorca.info\/wp-content\/uploads\/2023\/08\/Luis_Sanchez-400x400.jpg 400w\" sizes=\"auto, (max-width: 800px) 100vw, 800px\" \/><\/div><div class=\"phb-content text-left\" >\n                  <h4 >Luis Sanchez<\/h4>\n                  <p >Web. Redes sociales y marketing en l\u00ednea<\/p><\/div><\/div>[\/vc_column][\/vc_row][vc_row][vc_column]<div class=\"slider clients no-effect kd-client-69de5aa1060a1 \"><div class=\"clients-content\"><a href=\"https:\/\/habtur.com\/\" target=\"_blank\" title=\"\"><img loading=\"lazy\" decoding=\"async\" width=\"290\" height=\"138\" src=\"https:\/\/simplymallorca.info\/wp-content\/uploads\/2023\/08\/Habtur-Balears-Logo-1.jpg\" class=\"attachment-full\" alt=\"\" title=\"Habtur-Balears-Logo\" \/><\/a><\/div><div class=\"clients-content\"><a href=\"https:\/\/www.traum-ferienwohnungen.de\/\" target=\"_blank\" title=\"\"><img loading=\"lazy\" decoding=\"async\" width=\"447\" height=\"181\" src=\"https:\/\/simplymallorca.info\/wp-content\/uploads\/2023\/08\/Logo-Traumferienwohnungen.png\" class=\"attachment-full\" alt=\"\" title=\"Logo-Traumferienwohnungen\" srcset=\"https:\/\/simplymallorca.info\/wp-content\/uploads\/2023\/08\/Logo-Traumferienwohnungen.png 447w, https:\/\/simplymallorca.info\/wp-content\/uploads\/2023\/08\/Logo-Traumferienwohnungen-300x121.png 300w\" sizes=\"auto, (max-width: 447px) 100vw, 447px\" \/><\/a><\/div><div class=\"clients-content\"><a href=\"https:\/\/www.homerti.com\/\" target=\"_blank\" title=\"\"><img loading=\"lazy\" decoding=\"async\" width=\"532\" height=\"215\" src=\"https:\/\/simplymallorca.info\/wp-content\/uploads\/2023\/08\/Homerti-logo.jpg\" class=\"attachment-full\" alt=\"\" title=\"Homerti-logo\" srcset=\"https:\/\/simplymallorca.info\/wp-content\/uploads\/2023\/08\/Homerti-logo.jpg 532w, https:\/\/simplymallorca.info\/wp-content\/uploads\/2023\/08\/Homerti-logo-300x121.jpg 300w\" sizes=\"auto, (max-width: 532px) 100vw, 532px\" \/><\/a><\/div><div class=\"clients-content\"><a href=\"https:\/\/www.porticvillas.es\/\" target=\"_blank\" title=\"\"><img loading=\"lazy\" decoding=\"async\" width=\"2474\" height=\"803\" src=\"https:\/\/simplymallorca.info\/wp-content\/uploads\/2023\/08\/PorticVillas-logo.png\" class=\"attachment-full\" alt=\"\" title=\"PorticVillas-logo\" srcset=\"https:\/\/simplymallorca.info\/wp-content\/uploads\/2023\/08\/PorticVillas-logo.png 2474w, https:\/\/simplymallorca.info\/wp-content\/uploads\/2023\/08\/PorticVillas-logo-800x260.png 800w, https:\/\/simplymallorca.info\/wp-content\/uploads\/2023\/08\/PorticVillas-logo-300x97.png 300w, https:\/\/simplymallorca.info\/wp-content\/uploads\/2023\/08\/PorticVillas-logo-1024x332.png 1024w, https:\/\/simplymallorca.info\/wp-content\/uploads\/2023\/08\/PorticVillas-logo-768x249.png 768w, https:\/\/simplymallorca.info\/wp-content\/uploads\/2023\/08\/PorticVillas-logo-1536x499.png 1536w, https:\/\/simplymallorca.info\/wp-content\/uploads\/2023\/08\/PorticVillas-logo-2048x665.png 2048w\" sizes=\"auto, (max-width: 2474px) 100vw, 2474px\" \/><\/a><\/div><div class=\"clients-content\"><a href=\"https:\/\/www.fincaurlaub.de\/\" target=\"_blank\" title=\"\"><img loading=\"lazy\" decoding=\"async\" width=\"600\" height=\"300\" src=\"https:\/\/simplymallorca.info\/wp-content\/uploads\/2023\/08\/FincaUrlaub-Logo-Footer.png\" class=\"attachment-full\" alt=\"\" title=\"FincaUrlaub-Logo-Footer\" srcset=\"https:\/\/simplymallorca.info\/wp-content\/uploads\/2023\/08\/FincaUrlaub-Logo-Footer.png 600w, https:\/\/simplymallorca.info\/wp-content\/uploads\/2023\/08\/FincaUrlaub-Logo-Footer-300x150.png 300w\" sizes=\"auto, (max-width: 600px) 100vw, 600px\" \/><\/a><\/div><div class=\"clients-content\"><a href=\"https:\/\/www.etvmallorca.com\/\" target=\"_blank\" title=\"\"><img loading=\"lazy\" decoding=\"async\" width=\"225\" height=\"225\" src=\"https:\/\/simplymallorca.info\/wp-content\/uploads\/2023\/08\/ETVMallorca.png\" class=\"attachment-full\" alt=\"\" title=\"ETVMallorca\" srcset=\"https:\/\/simplymallorca.info\/wp-content\/uploads\/2023\/08\/ETVMallorca.png 225w, https:\/\/simplymallorca.info\/wp-content\/uploads\/2023\/08\/ETVMallorca-150x150.png 150w\" sizes=\"auto, (max-width: 225px) 100vw, 225px\" \/><\/a><\/div><div class=\"clients-content\"><a href=\"https:\/\/7mallorca.com\/\" target=\"_blank\" title=\"\"><img loading=\"lazy\" decoding=\"async\" width=\"239\" height=\"40\" src=\"https:\/\/simplymallorca.info\/wp-content\/uploads\/2023\/08\/7mallorca-logo.png\" class=\"attachment-full\" alt=\"\" title=\"7mallorca-logo\" \/><\/a><\/div><div class=\"clients-content\"><a href=\"https:\/\/www.mallorcaengel.com\/\" target=\"_blank\" title=\"\"><img loading=\"lazy\" decoding=\"async\" width=\"1600\" height=\"576\" src=\"https:\/\/simplymallorca.info\/wp-content\/uploads\/2023\/08\/MallorcaEngelServices-logo.jpg\" class=\"attachment-full\" alt=\"\" title=\"MallorcaEngelServices-logo\" srcset=\"https:\/\/simplymallorca.info\/wp-content\/uploads\/2023\/08\/MallorcaEngelServices-logo.jpg 1600w, https:\/\/simplymallorca.info\/wp-content\/uploads\/2023\/08\/MallorcaEngelServices-logo-800x288.jpg 800w, https:\/\/simplymallorca.info\/wp-content\/uploads\/2023\/08\/MallorcaEngelServices-logo-300x108.jpg 300w, https:\/\/simplymallorca.info\/wp-content\/uploads\/2023\/08\/MallorcaEngelServices-logo-1024x369.jpg 1024w, https:\/\/simplymallorca.info\/wp-content\/uploads\/2023\/08\/MallorcaEngelServices-logo-768x276.jpg 768w, https:\/\/simplymallorca.info\/wp-content\/uploads\/2023\/08\/MallorcaEngelServices-logo-1536x553.jpg 1536w\" sizes=\"auto, (max-width: 1600px) 100vw, 1600px\" \/><\/a><\/div><div class=\"clients-content\"><a href=\"https:\/\/www.slowvillas.com\/\" target=\"_blank\" title=\"\"><img loading=\"lazy\" decoding=\"async\" width=\"600\" height=\"322\" src=\"https:\/\/simplymallorca.info\/wp-content\/uploads\/2023\/08\/Slowvillas-logo-1.png\" class=\"attachment-full\" alt=\"\" title=\"Slowvillas-logo\" srcset=\"https:\/\/simplymallorca.info\/wp-content\/uploads\/2023\/08\/Slowvillas-logo-1.png 600w, https:\/\/simplymallorca.info\/wp-content\/uploads\/2023\/08\/Slowvillas-logo-1-300x161.png 300w\" sizes=\"auto, (max-width: 600px) 100vw, 600px\" \/><\/a><\/div><div class=\"clients-content\"><a href=\"https:\/\/www.easyvillasmallorca.com\/\" target=\"_blank\" title=\"\"><img loading=\"lazy\" decoding=\"async\" width=\"400\" height=\"141\" src=\"https:\/\/simplymallorca.info\/wp-content\/uploads\/2023\/08\/Easyvillas-logo_footer-1.png\" class=\"attachment-full\" alt=\"\" title=\"Easyvillas-logo_footer\" srcset=\"https:\/\/simplymallorca.info\/wp-content\/uploads\/2023\/08\/Easyvillas-logo_footer-1.png 400w, https:\/\/simplymallorca.info\/wp-content\/uploads\/2023\/08\/Easyvillas-logo_footer-1-300x106.png 300w\" sizes=\"auto, (max-width: 400px) 100vw, 400px\" \/><\/a><\/div><\/div><script type=\"text\/javascript\">\r\n              jQuery(document).ready(function($){\r\n                if ($(\".slider.clients.kd-client-69de5aa1060a1\").length) {\r\n                  $(\".slider.clients.kd-client-69de5aa1060a1\").owlCarousel({\r\n                    navigation: false,\r\n                    pagination: false,autoPlay: 5000,stopOnHover: false,\r\n                    items: 5,\r\n                    addClassActive: true,\r\n                  });\r\n                }\r\n              });\r\n            <\/script>[\/vc_column][\/vc_row]<\/p>\n<\/section>","protected":false},"excerpt":{"rendered":"<p>[vc_row][vc_column][vc_column_text]Unsere Marketingagentur und Verlag Impresol Media Solutions ver\u00f6ffentlicht seit 25 Jahren erfolgreich Karten und Reisef\u00fchrer f\u00fcr Millionen von Urlaubern auf den Balearen. Seit [&hellip;]<\/p>\n","protected":false},"author":1,"featured_media":3765,"parent":0,"menu_order":0,"comment_status":"closed","ping_status":"closed","template":"","meta":{"_acf_changed":false,"footnotes":""},"class_list":["post-4069","page","type-page","status-publish","has-post-thumbnail","hentry"],"acf":[],"yoast_head":"<!-- This site is optimized with the Yoast SEO plugin v27.3 - https:\/\/yoast.com\/product\/yoast-seo-wordpress\/ -->\n<title>\u00dcber uns - Simply Mallorca<\/title>\n<meta name=\"robots\" content=\"index, follow, max-snippet:-1, max-image-preview:large, max-video-preview:-1\" \/>\n<link rel=\"canonical\" href=\"https:\/\/simplymallorca.info\/de\/ueber-uns\/\" \/>\n<meta property=\"og:locale\" content=\"de_DE\" \/>\n<meta property=\"og:type\" content=\"article\" \/>\n<meta property=\"og:title\" content=\"\u00dcber uns - Simply Mallorca\" \/>\n<meta property=\"og:description\" content=\"[vc_row][vc_column][vc_column_text]Unsere Marketingagentur und Verlag Impresol Media Solutions ver\u00f6ffentlicht seit 25 Jahren erfolgreich Karten und Reisef\u00fchrer f\u00fcr Millionen von Urlaubern auf den Balearen. Seit [&hellip;]\" \/>\n<meta property=\"og:url\" content=\"https:\/\/simplymallorca.info\/de\/ueber-uns\/\" \/>\n<meta property=\"og:site_name\" content=\"Simply Mallorca\" \/>\n<meta property=\"article:publisher\" content=\"https:\/\/www.facebook.com\/simplymallorcaguide\" \/>\n<meta property=\"article:modified_time\" content=\"2024-02-10T15:11:05+00:00\" \/>\n<meta property=\"og:image\" content=\"https:\/\/simplymallorca.info\/wp-content\/uploads\/2023\/08\/Molino-Mallorca.jpg\" \/>\n\t<meta property=\"og:image:width\" content=\"1920\" \/>\n\t<meta property=\"og:image:height\" content=\"1275\" \/>\n\t<meta property=\"og:image:type\" content=\"image\/jpeg\" \/>\n<meta name=\"twitter:card\" content=\"summary_large_image\" \/>\n<meta name=\"twitter:label1\" content=\"Gesch\u00e4tzte Lesezeit\" \/>\n\t<meta name=\"twitter:data1\" content=\"6\u00a0Minuten\" \/>\n<script type=\"application\/ld+json\" class=\"yoast-schema-graph\">{\"@context\":\"https:\\\/\\\/schema.org\",\"@graph\":[{\"@type\":\"WebPage\",\"@id\":\"https:\\\/\\\/simplymallorca.info\\\/de\\\/ueber-uns\\\/\",\"url\":\"https:\\\/\\\/simplymallorca.info\\\/de\\\/ueber-uns\\\/\",\"name\":\"\u00dcber uns - Simply Mallorca\",\"isPartOf\":{\"@id\":\"https:\\\/\\\/simplymallorca.info\\\/#website\"},\"primaryImageOfPage\":{\"@id\":\"https:\\\/\\\/simplymallorca.info\\\/de\\\/ueber-uns\\\/#primaryimage\"},\"image\":{\"@id\":\"https:\\\/\\\/simplymallorca.info\\\/de\\\/ueber-uns\\\/#primaryimage\"},\"thumbnailUrl\":\"https:\\\/\\\/simplymallorca.info\\\/wp-content\\\/uploads\\\/2023\\\/08\\\/Molino-Mallorca.jpg\",\"datePublished\":\"2023-08-16T17:13:41+00:00\",\"dateModified\":\"2024-02-10T15:11:05+00:00\",\"breadcrumb\":{\"@id\":\"https:\\\/\\\/simplymallorca.info\\\/de\\\/ueber-uns\\\/#breadcrumb\"},\"inLanguage\":\"de\",\"potentialAction\":[{\"@type\":\"ReadAction\",\"target\":[\"https:\\\/\\\/simplymallorca.info\\\/de\\\/ueber-uns\\\/\"]}]},{\"@type\":\"ImageObject\",\"inLanguage\":\"de\",\"@id\":\"https:\\\/\\\/simplymallorca.info\\\/de\\\/ueber-uns\\\/#primaryimage\",\"url\":\"https:\\\/\\\/simplymallorca.info\\\/wp-content\\\/uploads\\\/2023\\\/08\\\/Molino-Mallorca.jpg\",\"contentUrl\":\"https:\\\/\\\/simplymallorca.info\\\/wp-content\\\/uploads\\\/2023\\\/08\\\/Molino-Mallorca.jpg\",\"width\":1920,\"height\":1275},{\"@type\":\"BreadcrumbList\",\"@id\":\"https:\\\/\\\/simplymallorca.info\\\/de\\\/ueber-uns\\\/#breadcrumb\",\"itemListElement\":[{\"@type\":\"ListItem\",\"position\":1,\"name\":\"Portada\",\"item\":\"https:\\\/\\\/simplymallorca.info\\\/de\\\/\"},{\"@type\":\"ListItem\",\"position\":2,\"name\":\"\u00dcber uns\"}]},{\"@type\":\"WebSite\",\"@id\":\"https:\\\/\\\/simplymallorca.info\\\/#website\",\"url\":\"https:\\\/\\\/simplymallorca.info\\\/\",\"name\":\"Simply Mallorca\",\"description\":\"\",\"publisher\":{\"@id\":\"https:\\\/\\\/simplymallorca.info\\\/#organization\"},\"potentialAction\":[{\"@type\":\"SearchAction\",\"target\":{\"@type\":\"EntryPoint\",\"urlTemplate\":\"https:\\\/\\\/simplymallorca.info\\\/?s={search_term_string}\"},\"query-input\":{\"@type\":\"PropertyValueSpecification\",\"valueRequired\":true,\"valueName\":\"search_term_string\"}}],\"inLanguage\":\"de\"},{\"@type\":\"Organization\",\"@id\":\"https:\\\/\\\/simplymallorca.info\\\/#organization\",\"name\":\"Simply Mallorca\",\"url\":\"https:\\\/\\\/simplymallorca.info\\\/\",\"logo\":{\"@type\":\"ImageObject\",\"inLanguage\":\"de\",\"@id\":\"https:\\\/\\\/simplymallorca.info\\\/#\\\/schema\\\/logo\\\/image\\\/\",\"url\":\"https:\\\/\\\/simplymallorca.info\\\/wp-content\\\/uploads\\\/2023\\\/08\\\/Simply-Mallorca-logo-trasnparent.png\",\"contentUrl\":\"https:\\\/\\\/simplymallorca.info\\\/wp-content\\\/uploads\\\/2023\\\/08\\\/Simply-Mallorca-logo-trasnparent.png\",\"width\":1920,\"height\":631,\"caption\":\"Simply Mallorca\"},\"image\":{\"@id\":\"https:\\\/\\\/simplymallorca.info\\\/#\\\/schema\\\/logo\\\/image\\\/\"},\"sameAs\":[\"https:\\\/\\\/www.facebook.com\\\/simplymallorcaguide\",\"https:\\\/\\\/youtube.com\\\/@sunnyguidemallorca5869\",\"https:\\\/\\\/linkedin.com\\\/simplymallorcaguide\\\/\",\"https:\\\/\\\/www.instagram.com\\\/simplymallorcaguide\\\/\"]}]}<\/script>\n<!-- \/ Yoast SEO plugin. -->","yoast_head_json":{"title":"\u00dcber uns - Simply Mallorca","robots":{"index":"index","follow":"follow","max-snippet":"max-snippet:-1","max-image-preview":"max-image-preview:large","max-video-preview":"max-video-preview:-1"},"canonical":"https:\/\/simplymallorca.info\/de\/ueber-uns\/","og_locale":"de_DE","og_type":"article","og_title":"\u00dcber uns - Simply Mallorca","og_description":"[vc_row][vc_column][vc_column_text]Unsere Marketingagentur und Verlag Impresol Media Solutions ver\u00f6ffentlicht seit 25 Jahren erfolgreich Karten und Reisef\u00fchrer f\u00fcr Millionen von Urlaubern auf den Balearen. Seit [&hellip;]","og_url":"https:\/\/simplymallorca.info\/de\/ueber-uns\/","og_site_name":"Simply Mallorca","article_publisher":"https:\/\/www.facebook.com\/simplymallorcaguide","article_modified_time":"2024-02-10T15:11:05+00:00","og_image":[{"width":1920,"height":1275,"url":"https:\/\/simplymallorca.info\/wp-content\/uploads\/2023\/08\/Molino-Mallorca.jpg","type":"image\/jpeg"}],"twitter_card":"summary_large_image","twitter_misc":{"Gesch\u00e4tzte Lesezeit":"6\u00a0Minuten"},"schema":{"@context":"https:\/\/schema.org","@graph":[{"@type":"WebPage","@id":"https:\/\/simplymallorca.info\/de\/ueber-uns\/","url":"https:\/\/simplymallorca.info\/de\/ueber-uns\/","name":"\u00dcber uns - Simply Mallorca","isPartOf":{"@id":"https:\/\/simplymallorca.info\/#website"},"primaryImageOfPage":{"@id":"https:\/\/simplymallorca.info\/de\/ueber-uns\/#primaryimage"},"image":{"@id":"https:\/\/simplymallorca.info\/de\/ueber-uns\/#primaryimage"},"thumbnailUrl":"https:\/\/simplymallorca.info\/wp-content\/uploads\/2023\/08\/Molino-Mallorca.jpg","datePublished":"2023-08-16T17:13:41+00:00","dateModified":"2024-02-10T15:11:05+00:00","breadcrumb":{"@id":"https:\/\/simplymallorca.info\/de\/ueber-uns\/#breadcrumb"},"inLanguage":"de","potentialAction":[{"@type":"ReadAction","target":["https:\/\/simplymallorca.info\/de\/ueber-uns\/"]}]},{"@type":"ImageObject","inLanguage":"de","@id":"https:\/\/simplymallorca.info\/de\/ueber-uns\/#primaryimage","url":"https:\/\/simplymallorca.info\/wp-content\/uploads\/2023\/08\/Molino-Mallorca.jpg","contentUrl":"https:\/\/simplymallorca.info\/wp-content\/uploads\/2023\/08\/Molino-Mallorca.jpg","width":1920,"height":1275},{"@type":"BreadcrumbList","@id":"https:\/\/simplymallorca.info\/de\/ueber-uns\/#breadcrumb","itemListElement":[{"@type":"ListItem","position":1,"name":"Portada","item":"https:\/\/simplymallorca.info\/de\/"},{"@type":"ListItem","position":2,"name":"\u00dcber uns"}]},{"@type":"WebSite","@id":"https:\/\/simplymallorca.info\/#website","url":"https:\/\/simplymallorca.info\/","name":"Simply Mallorca","description":"","publisher":{"@id":"https:\/\/simplymallorca.info\/#organization"},"potentialAction":[{"@type":"SearchAction","target":{"@type":"EntryPoint","urlTemplate":"https:\/\/simplymallorca.info\/?s={search_term_string}"},"query-input":{"@type":"PropertyValueSpecification","valueRequired":true,"valueName":"search_term_string"}}],"inLanguage":"de"},{"@type":"Organization","@id":"https:\/\/simplymallorca.info\/#organization","name":"Simply Mallorca","url":"https:\/\/simplymallorca.info\/","logo":{"@type":"ImageObject","inLanguage":"de","@id":"https:\/\/simplymallorca.info\/#\/schema\/logo\/image\/","url":"https:\/\/simplymallorca.info\/wp-content\/uploads\/2023\/08\/Simply-Mallorca-logo-trasnparent.png","contentUrl":"https:\/\/simplymallorca.info\/wp-content\/uploads\/2023\/08\/Simply-Mallorca-logo-trasnparent.png","width":1920,"height":631,"caption":"Simply Mallorca"},"image":{"@id":"https:\/\/simplymallorca.info\/#\/schema\/logo\/image\/"},"sameAs":["https:\/\/www.facebook.com\/simplymallorcaguide","https:\/\/youtube.com\/@sunnyguidemallorca5869","https:\/\/linkedin.com\/simplymallorcaguide\/","https:\/\/www.instagram.com\/simplymallorcaguide\/"]}]}},"_links":{"self":[{"href":"https:\/\/simplymallorca.info\/de\/wp-json\/wp\/v2\/pages\/4069","targetHints":{"allow":["GET"]}}],"collection":[{"href":"https:\/\/simplymallorca.info\/de\/wp-json\/wp\/v2\/pages"}],"about":[{"href":"https:\/\/simplymallorca.info\/de\/wp-json\/wp\/v2\/types\/page"}],"author":[{"embeddable":true,"href":"https:\/\/simplymallorca.info\/de\/wp-json\/wp\/v2\/users\/1"}],"replies":[{"embeddable":true,"href":"https:\/\/simplymallorca.info\/de\/wp-json\/wp\/v2\/comments?post=4069"}],"version-history":[{"count":6,"href":"https:\/\/simplymallorca.info\/de\/wp-json\/wp\/v2\/pages\/4069\/revisions"}],"predecessor-version":[{"id":5431,"href":"https:\/\/simplymallorca.info\/de\/wp-json\/wp\/v2\/pages\/4069\/revisions\/5431"}],"wp:featuredmedia":[{"embeddable":true,"href":"https:\/\/simplymallorca.info\/de\/wp-json\/wp\/v2\/media\/3765"}],"wp:attachment":[{"href":"https:\/\/simplymallorca.info\/de\/wp-json\/wp\/v2\/media?parent=4069"}],"curies":[{"name":"wp","href":"https:\/\/api.w.org\/{rel}","templated":true}]}}