{"id":4063,"date":"2023-08-16T18:30:04","date_gmt":"2023-08-16T16:30:04","guid":{"rendered":"https:\/\/simplymallorca.info\/?page_id=4063"},"modified":"2024-02-10T16:05:01","modified_gmt":"2024-02-10T15:05:01","slug":"strandfuehrer-fuer-mallorca","status":"publish","type":"page","link":"https:\/\/simplymallorca.info\/de\/strandfuehrer-fuer-mallorca\/","title":{"rendered":"Strandf\u00fchrer f\u00fcr Mallorca"},"content":{"rendered":"<section class=\"wpb-content-wrapper\"><p>[vc_row][vc_column width=&#8221;2\/3&#8243; css=&#8221;.vc_custom_1692698089686{padding-right: 70px !important;}&#8221;][vc_column_text]Mallorca bietet wundersch\u00f6ne Str\u00e4nde, lange Naturstr\u00e4nde im Norden wie die Bucht von Alcudia und im S\u00fcden wie der ber\u00fchmte Strand von Es Trenc.\u00a0 Die Insel hat aber auch viele kleine Buchten zu bieten, die manchmal nur schwer zug\u00e4nglich sind oder zu Fu\u00df erreicht werden m\u00fcssen. Daf\u00fcr wird man mit kristallklarem Wasser, weniger Besuchern und mit etwas Gl\u00fcck mit Seeigeln oder kleinen Fischen belohnt. Bei steinigem Untergrund, z.B. an der Westk\u00fcste, empfiehlt es sich, Badeschuhe zu tragen. Wir haben hier eine Auswahl an Str\u00e4nden zusammengestellt, die f\u00fcr Familien mit Kindern geeignet sind, aber auch Buchten f\u00fcr Romantiker und Naturstr\u00e4nde mit FKK-Bereichen. Mallorca hat f\u00fcr jeden Geschmack etwas zu bieten. Menschenleere Traumstr\u00e4nde findet man auf Mallorca \u00fcbrigens nur in der Vor- und Nachsaison oder abends bei Sonnenuntergang im Sommer<span style=\"font-weight: 400;\">.<\/span>[\/vc_column_text][\/vc_column][vc_column width=&#8221;1\/3&#8243;][vc_single_image image=&#8221;3696&#8243; img_size=&#8221;full&#8221; alignment=&#8221;center&#8221;][\/vc_column][\/vc_row][vc_row css=&#8221;.vc_custom_1693939134043{margin-top: 30px !important;margin-bottom: 30px !important;padding-top: 30px !important;padding-bottom: 30px !important;background-image: url(https:\/\/simplymallorca.info\/wp-content\/uploads\/2023\/08\/Beach-6-palmanova-cala-blanca.jpg?id=3736) !important;}&#8221;][vc_column][vc_column_text]<\/p>\n<h2 style=\"text-align: center;\"><strong>Playa Mallorca<\/strong><\/h2>\n<p>[\/vc_column_text][\/vc_column][\/vc_row][vc_row css=&#8221;.vc_custom_1692207670390{padding-top: 30px !important;}&#8221;][vc_column width=&#8221;1\/2&#8243; css=&#8221;.vc_custom_1692207614917{padding-right: 60px !important;}&#8221;][vc_column_text]<\/p>\n<h2><strong>Cala Agulla<\/strong><\/h2>\n<p>Die Bucht ist ein Traum, wenn man nicht im Juli oder August dort ist. Denn in diesen Monaten wird die Bucht von Jugendlichen aus Cala Ratjada besucht, oft begleitet mit lauter Musik. In den anderen Monaten des Jahres ist diese Bucht ein Traum. Sie ist umgeben von einer atemberaubenden Kulisse mit D\u00fcnen, Bergen und W\u00e4ldern, die direkt im Anschluss in ein Naturschutzgebiet \u00fcbergehen. T\u00fcrkisfarbenes, klares Wasser.\u00a0 Links des Strandes f\u00fchrt eine unbebaute Landzunge ins Meer. An ihrer Spitze kann man ein wenig wandern<span style=\"font-weight: 400;\">.<\/span>[\/vc_column_text][\/vc_column][vc_column width=&#8221;1\/2&#8243; css=&#8221;.vc_custom_1692208996676{padding-left: 40px !important;}&#8221;][vc_single_image image=&#8221;3710&#8243; img_size=&#8221;full&#8221;][\/vc_column][\/vc_row][vc_row css=&#8221;.vc_custom_1692207790586{padding-top: 50px !important;}&#8221;][vc_column width=&#8221;1\/2&#8243; css=&#8221;.vc_custom_1692209002232{padding-right: 40px !important;}&#8221;][vc_single_image image=&#8221;3721&#8243; img_size=&#8221;full&#8221;][\/vc_column][vc_column width=&#8221;1\/2&#8243; css=&#8221;.vc_custom_1692207770693{padding-left: 60px !important;}&#8221;][vc_column_text]<\/p>\n<h2><strong>Cala Mondrag\u00f3<\/strong><\/h2>\n<p>Cala de sa Font d\u2019en Al\u00eds oder besser bekannt als Cala Mondrag\u00f3 ist 5,6 Kilometer von s\u2019Alqueria Blanca entfernt. Einer der gr\u00f6\u00dften und sch\u00f6nsten Meereseinschnitte, welcher sich in zwei Str\u00e4nde teilt, s\u2019Amarador und diesen Strand, der ca 75 x 60 Meter breit ist. T\u00fcrkisfarbenes Meer, keine Hotels weit und breit&#8230;eine kleine Strandgastronomie ist vorhanden. Der Touristenzug von Cala d&#8217;Or h\u00e4lt hier auch. Im Sommer ist die Bucht gut besucht, also dann besser fr\u00fch morgens oder am Nachmittag hingehen. Die dahinter gelegene Bucht ist meistens etwas weniger besucht. Der Naturpark Mondrag\u00f3 l\u00e4dt zum Spazierengehen und Wandern ein<span style=\"font-weight: 400;\">.<\/span>[\/vc_column_text][\/vc_column][\/vc_row][vc_row css=&#8221;.vc_custom_1692207670390{padding-top: 30px !important;}&#8221;][vc_column width=&#8221;1\/2&#8243; css=&#8221;.vc_custom_1692207614917{padding-right: 60px !important;}&#8221;][vc_column_text]<\/p>\n<h2><strong>Cala Rom\u00e1ntica<\/strong><\/h2>\n<p>Der Sandstrand, ca. 3 km von Porto Cristo entfernt, ist von hohen Klippen und B\u00e4umen ges\u00e4umt und man sieht an einem Ende des Strandes auf die Urbanisation Cala Rom\u00e1ntica. Hier gibt es Liegest\u00fchle- und Sonnenschirmverleih und Strandgastronomie ist auch vorhanden. Rechts des Strandes f\u00fchrt ein Wanderweg 3 Kilometer lang bis zur Cala Varques- eine der sch\u00f6nsten Buchten Mallorcas, die man nicht mit dem Auto erreichen kann.[\/vc_column_text][\/vc_column][vc_column width=&#8221;1\/2&#8243; css=&#8221;.vc_custom_1692209030887{padding-left: 40px !important;}&#8221;][vc_single_image image=&#8221;3724&#8243; img_size=&#8221;full&#8221;][\/vc_column][\/vc_row][vc_row css=&#8221;.vc_custom_1692207790586{padding-top: 50px !important;}&#8221;][vc_column width=&#8221;1\/2&#8243; css=&#8221;.vc_custom_1692209038606{padding-right: 40px !important;}&#8221;][vc_single_image image=&#8221;3727&#8243; img_size=&#8221;full&#8221;][\/vc_column][vc_column width=&#8221;1\/2&#8243; css=&#8221;.vc_custom_1692207770693{padding-left: 60px !important;}&#8221;][vc_column_text]<\/p>\n<h2><strong>Cala s\u2019Almunia<\/strong><\/h2>\n<p>Ein Muss f\u00fcr Romantiker: Die Cala S&#8217;Almonia. Welches verliebte P\u00e4rchen tr\u00e4umt nicht von einem Urlaubstag in einer richtigen romantischen Bucht? Doch diesen Traum muss man sich verdienen, denn die Cala S&#8217;Almonia, die etwa 2 Kilometer s\u00fcdlich von Cala Llombards liegt, kann man nur \u00fcber eine alte Steintreppe mit 122 Stufen erreichen. Unten angekommen, wird das M\u00e4rchen dann aber wahr. Die malerische Aussicht und das kristallklare Wasser verzaubern und vers\u00fc\u00dfen den Tag in einer wirklich abgeschiedenen Bucht. PS: Im Hochsommer trifft das dennoch nicht ganz zu..<span style=\"font-weight: 400;\">.<\/span>[\/vc_column_text][\/vc_column][\/vc_row][vc_row css=&#8221;.vc_custom_1692207670390{padding-top: 30px !important;}&#8221;][vc_column width=&#8221;1\/2&#8243; css=&#8221;.vc_custom_1692207614917{padding-right: 60px !important;}&#8221;][vc_column_text]<\/p>\n<h2><strong>Platja es Dol\u00e7<\/strong><\/h2>\n<p>Von Col\u00f2nia de Sant Jordi f\u00fchrt ein gut ausgebauter Fu\u00dfweg nach Osten in ca. 5 Gehminuten zum feinsandigen, wei\u00dfen Naturstrand Platja d\u2019es Dol\u00e7, der sich in einem Naturschutzgebiet befindet und im Hinterland aus einer bewaldeten D\u00fcnenlandschaft besteht.Vom Traumstrand Es Dolc bietet sich ein herrlicher Ausblick \u00fcber das karibikblaue Meer bis hin zum unmittelbar entfernten Fischerei- und Yachthafen von Col\u00f2nia de Sant Jordi. Der Es Dolc-Strand bietet einen Liegestuhl- und Sonnenschirmverleih und \u00f6ffentliche Toiletten. Restaurants findet man in der N\u00e4he, am Hafen von Colonia Sant Jord\u00ed<span style=\"font-weight: 400;\">.<\/span>[\/vc_column_text][\/vc_column][vc_column width=&#8221;1\/2&#8243; css=&#8221;.vc_custom_1692209048201{padding-left: 40px !important;}&#8221;][vc_single_image image=&#8221;3731&#8243; img_size=&#8221;full&#8221;][\/vc_column][\/vc_row][vc_row css=&#8221;.vc_custom_1692207790586{padding-top: 50px !important;}&#8221;][vc_column width=&#8221;1\/2&#8243; css=&#8221;.vc_custom_1692209059279{padding-right: 40px !important;}&#8221;][vc_single_image image=&#8221;3734&#8243; img_size=&#8221;full&#8221;][\/vc_column][vc_column width=&#8221;1\/2&#8243; css=&#8221;.vc_custom_1692207770693{padding-left: 60px !important;}&#8221;][vc_column_text]<\/p>\n<h2><strong>Palmanova &#8211; Cala Blanca<\/strong><\/h2>\n<p>Der feine wei\u00dfe Sandstrand Cala Blanca ist der mittlere und l\u00e4ngste von drei Sandstr\u00e4nden mit einer L\u00e4nge von 100 x 60 m. Hier entlang f\u00fchrt die lange Uferpromenade von Palmanova mit Restaurants, Bars und Gesch\u00e4ften. Sonnenschirme, Liegen, \u00f6ffentliche Duschen und Toiletten sind vorhanden. Der Strandzugang ist behindertengerecht. Die Aufsicht garantiert auch Familien mit Kindern ein entspanntes Baden<span style=\"font-weight: 400;\">.<\/span>[\/vc_column_text][\/vc_column][\/vc_row][vc_row css=&#8221;.vc_custom_1692207670390{padding-top: 30px !important;}&#8221;][vc_column width=&#8221;1\/2&#8243; css=&#8221;.vc_custom_1692207614917{padding-right: 60px !important;}&#8221;][vc_column_text]<\/p>\n<h2><strong>Cala Mesquida<\/strong><\/h2>\n<p>Cala Mesquida, im Nordosten Mallorcas, ist ein Naturparadies. Inmitten des Naturschutz-Gebiets bieten die D\u00fcnen im Hintergrund Schutz vor Wind. Trotzdem ist diese Bucht ein Paradies f\u00fcr Wassersportler, Kiter, denn hier gibt es die besten Wellen und den besten Wind. Das Auto kann man bequem parken. Lange Holzstege f\u00fchren zum Wasser und Strand-Gastronomie l\u00e4dt zum Verweilen ein. Das Wasser ist t\u00fcrkis- und Wanderfreunde k\u00f6nnen von hier die kleine 1-st\u00fcndige Wanderung in die benachbarte Bucht Cala Agulla starten<span style=\"font-weight: 400;\">.<\/span>[\/vc_column_text][\/vc_column][vc_column width=&#8221;1\/2&#8243; css=&#8221;.vc_custom_1692209074123{padding-left: 40px !important;}&#8221;][vc_single_image image=&#8221;3738&#8243; img_size=&#8221;full&#8221;][\/vc_column][\/vc_row][vc_row css=&#8221;.vc_custom_1692207790586{padding-top: 50px !important;}&#8221;][vc_column width=&#8221;1\/2&#8243; css=&#8221;.vc_custom_1692209081333{padding-right: 40px !important;}&#8221;][vc_single_image image=&#8221;3741&#8243; img_size=&#8221;full&#8221;][\/vc_column][vc_column width=&#8221;1\/2&#8243; css=&#8221;.vc_custom_1692207770693{padding-left: 60px !important;}&#8221;][vc_column_text]<\/p>\n<h2><strong>Playa de Muro &#8211; Casetes des Capellans<\/strong><\/h2>\n<p><span style=\"font-weight: 400;\">Es Capellans: <\/span>Der Strand schliesst direkt an den Strand von Ca&#8217;n Picafort an und bildet praktisch die nat\u00fcrliche Grenze zwischen den Gemeinden Playa de Muro und Ca\u00b4n Picafort. Hier gibt es gleich 3 Beachrestaurants zur Auswahl, wie Ponderosa Beach, Can Gavella oder Olimpic ( bekannt als Opa &amp; Oma) und im Sommer geht es ohne Tischreservierung gar nicht. Dieser Strand ist sehr beliebt bei den Einheimischen. Die Gew\u00e4sser sind transparent, der Wellengang ist moderat bis ruhig, der Sand fein und goldfarben. Im Sommer ist es in der N\u00e4he des Parkplatzes schnell voll. Aber wenn man 200-300 Meter nach Westen, also links, l\u00e4uft, wird der Strand immer leerer und noch ein St\u00fcckchen weiter kann dort gut FKK machen und nackt im Meer baden.[\/vc_column_text][\/vc_column][\/vc_row][vc_row css=&#8221;.vc_custom_1692207670390{padding-top: 30px !important;}&#8221;][vc_column width=&#8221;1\/2&#8243; css=&#8221;.vc_custom_1692207614917{padding-right: 60px !important;}&#8221;][vc_column_text]<\/p>\n<h2><strong>Port de Pollen\u00e7a<\/strong><\/h2>\n<p>Sehr schmaler, aber kilometerlanger Strand, teilweise ges\u00e4umt von Pinien, im Bereich der Strandpromenade f\u00fcr Fussg\u00e4nger. Der Strandabschnitt am Ende des Ortes, Richtung Alcudia, ist der sch\u00f6nste und ruhigste. Hier findet man noch freie Liegen mit Sonnenschirm im Hochsommer. Strandgastronomie gibt es jede Menge und nette kleine Beach-Bars. Der Blick auf die gesch\u00fctzte Pollen\u00e7a-Bucht ist ruhig, das Meer oft platt wie ein See. Deshalb m\u00f6gen den Strand auch gerne Familien mit kleinen Kindern<span style=\"font-weight: 400;\">.<\/span>[\/vc_column_text][\/vc_column][vc_column width=&#8221;1\/2&#8243; css=&#8221;.vc_custom_1692209087890{padding-left: 40px !important;}&#8221;][vc_single_image image=&#8221;3744&#8243; img_size=&#8221;full&#8221;][\/vc_column][\/vc_row][vc_row css=&#8221;.vc_custom_1692207790586{padding-top: 50px !important;}&#8221;][vc_column width=&#8221;1\/2&#8243; css=&#8221;.vc_custom_1692209101887{padding-right: 40px !important;}&#8221;][vc_single_image image=&#8221;3748&#8243; img_size=&#8221;full&#8221;][\/vc_column][vc_column width=&#8221;1\/2&#8243; css=&#8221;.vc_custom_1692207770693{padding-left: 60px !important;}&#8221;][vc_column_text]<\/p>\n<h2><strong>Son Serra de Marina<\/strong><\/h2>\n<p>F\u00fcr uns einer der besten Naturstr\u00e4nde der Insel. Ein beliebter Ort f\u00fcr Einheimische und Kitesurfer. Grobk\u00f6rniger, br\u00e4unlicher Sandstrand, der das ganze Jahr \u00fcber von Resten der Posidonia bedeckt ist. Wandert man Richtung Osten, kommt man zum FKK-Strand. Der lange Strand f\u00fchrt bis nach Col\u00f2nia Sant P\u00e8re, herrlich weit, mit D\u00fcnen und ein echter Naturstrand- ohne Hotels. Sehr beliebt bei Familien und Indiviualurlaubern mit Mietwagen. Besonders sch\u00f6n ist hier die fr\u00fche Morgenstimmung bei Sonnenaufgang und Himmelf\u00e4rbung abends bei Sonnenuntergang- und wer sich dabei erfrischen mag, kommt zum Fr\u00fchst\u00fcck oder Cocktail ins Strandrestaurant El Sol Beach oder ins Restaurant El Lago daneben. Weitere Strand-Bars und Restaurants findet man im mittleren Ortsteil, an der ersten Meereslinie sowie am Ortseingang an der Hauptstrasse<span style=\"font-weight: 400;\">.<\/span>[\/vc_column_text][\/vc_column][\/vc_row][vc_row css=&#8221;.vc_custom_1692209188962{margin-top: 20px !important;}&#8221;][vc_column][vc_column_text]<\/p>\n<h2 style=\"text-align: center;\">Unsere Strand-Empfehlungen f\u00fcr Ihr Smartphone<\/h2>\n<p>[\/vc_column_text][vc_raw_html]JTNDZGl2JTIwY2xhc3MlM0QlMjJteWxpa2Utd2lkZ2V0JTIyJTIwZGF0YS10b2tlbiUzRCUyMkZabnhoSTVIeGUwMXhKRHclMjIlMjBkYXRhLWxhbmd1YWdlJTNEJTIyZW4lMjIlM0UlM0MlMkZkaXYlM0UlMEElMjAlMjAlMjAlMjAlMDklM0NzY3JpcHQlMjBpZCUzRCUyMm15bGlrZS13aWRnZXQtanNjcmlwdCUyMiUyMGFzeW5jJTIwc3JjJTNEJTIyaHR0cHMlM0ElMkYlMkZhcHAtYXBpLm15bGlrZS1hcHAuY29tJTJGbXlsaWtlLXdpZGdldC12MiUyMiUzRSUzQyUyRnNjcmlwdCUzRQ==[\/vc_raw_html][\/vc_column][\/vc_row]<\/p>\n<\/section>","protected":false},"excerpt":{"rendered":"<p>[vc_row][vc_column width=&#8221;2\/3&#8243; css=&#8221;.vc_custom_1692698089686{padding-right: 70px !important;}&#8221;][vc_column_text]Mallorca bietet wundersch\u00f6ne Str\u00e4nde, lange Naturstr\u00e4nde im Norden wie die Bucht von Alcudia und im S\u00fcden wie der ber\u00fchmte [&hellip;]<\/p>\n","protected":false},"author":1,"featured_media":3900,"parent":0,"menu_order":0,"comment_status":"closed","ping_status":"closed","template":"","meta":{"_acf_changed":false,"footnotes":""},"class_list":["post-4063","page","type-page","status-publish","has-post-thumbnail","hentry"],"acf":[],"yoast_head":"<!-- This site is optimized with the Yoast SEO plugin v27.3 - https:\/\/yoast.com\/product\/yoast-seo-wordpress\/ -->\n<title>Strandf\u00fchrer f\u00fcr Mallorca - Simply Mallorca<\/title>\n<meta name=\"robots\" content=\"index, follow, max-snippet:-1, max-image-preview:large, max-video-preview:-1\" \/>\n<link rel=\"canonical\" href=\"https:\/\/simplymallorca.info\/de\/strandfuehrer-fuer-mallorca\/\" \/>\n<meta property=\"og:locale\" content=\"de_DE\" \/>\n<meta property=\"og:type\" content=\"article\" \/>\n<meta property=\"og:title\" content=\"Strandf\u00fchrer f\u00fcr Mallorca - Simply Mallorca\" \/>\n<meta property=\"og:description\" content=\"[vc_row][vc_column width=&#8221;2\/3&#8243; css=&#8221;.vc_custom_1692698089686{padding-right: 70px !important;}&#8221;][vc_column_text]Mallorca bietet wundersch\u00f6ne Str\u00e4nde, lange Naturstr\u00e4nde im Norden wie die Bucht von Alcudia und im S\u00fcden wie der ber\u00fchmte [&hellip;]\" \/>\n<meta property=\"og:url\" content=\"https:\/\/simplymallorca.info\/de\/strandfuehrer-fuer-mallorca\/\" \/>\n<meta property=\"og:site_name\" content=\"Simply Mallorca\" \/>\n<meta property=\"article:publisher\" content=\"https:\/\/www.facebook.com\/simplymallorcaguide\" \/>\n<meta property=\"article:modified_time\" content=\"2024-02-10T15:05:01+00:00\" \/>\n<meta property=\"og:image\" content=\"https:\/\/simplymallorca.info\/wp-content\/uploads\/2023\/08\/Playa-SprunginsWasser-2023-Laura.jpg\" \/>\n\t<meta property=\"og:image:width\" content=\"1920\" \/>\n\t<meta property=\"og:image:height\" content=\"1281\" \/>\n\t<meta property=\"og:image:type\" content=\"image\/jpeg\" \/>\n<meta name=\"twitter:card\" content=\"summary_large_image\" \/>\n<meta name=\"twitter:label1\" content=\"Gesch\u00e4tzte Lesezeit\" \/>\n\t<meta name=\"twitter:data1\" content=\"6\u00a0Minuten\" \/>\n<script type=\"application\/ld+json\" class=\"yoast-schema-graph\">{\"@context\":\"https:\\\/\\\/schema.org\",\"@graph\":[{\"@type\":\"WebPage\",\"@id\":\"https:\\\/\\\/simplymallorca.info\\\/de\\\/strandfuehrer-fuer-mallorca\\\/\",\"url\":\"https:\\\/\\\/simplymallorca.info\\\/de\\\/strandfuehrer-fuer-mallorca\\\/\",\"name\":\"Strandf\u00fchrer f\u00fcr Mallorca - Simply Mallorca\",\"isPartOf\":{\"@id\":\"https:\\\/\\\/simplymallorca.info\\\/#website\"},\"primaryImageOfPage\":{\"@id\":\"https:\\\/\\\/simplymallorca.info\\\/de\\\/strandfuehrer-fuer-mallorca\\\/#primaryimage\"},\"image\":{\"@id\":\"https:\\\/\\\/simplymallorca.info\\\/de\\\/strandfuehrer-fuer-mallorca\\\/#primaryimage\"},\"thumbnailUrl\":\"https:\\\/\\\/simplymallorca.info\\\/wp-content\\\/uploads\\\/2023\\\/08\\\/Playa-SprunginsWasser-2023-Laura.jpg\",\"datePublished\":\"2023-08-16T16:30:04+00:00\",\"dateModified\":\"2024-02-10T15:05:01+00:00\",\"breadcrumb\":{\"@id\":\"https:\\\/\\\/simplymallorca.info\\\/de\\\/strandfuehrer-fuer-mallorca\\\/#breadcrumb\"},\"inLanguage\":\"de\",\"potentialAction\":[{\"@type\":\"ReadAction\",\"target\":[\"https:\\\/\\\/simplymallorca.info\\\/de\\\/strandfuehrer-fuer-mallorca\\\/\"]}]},{\"@type\":\"ImageObject\",\"inLanguage\":\"de\",\"@id\":\"https:\\\/\\\/simplymallorca.info\\\/de\\\/strandfuehrer-fuer-mallorca\\\/#primaryimage\",\"url\":\"https:\\\/\\\/simplymallorca.info\\\/wp-content\\\/uploads\\\/2023\\\/08\\\/Playa-SprunginsWasser-2023-Laura.jpg\",\"contentUrl\":\"https:\\\/\\\/simplymallorca.info\\\/wp-content\\\/uploads\\\/2023\\\/08\\\/Playa-SprunginsWasser-2023-Laura.jpg\",\"width\":1920,\"height\":1281},{\"@type\":\"BreadcrumbList\",\"@id\":\"https:\\\/\\\/simplymallorca.info\\\/de\\\/strandfuehrer-fuer-mallorca\\\/#breadcrumb\",\"itemListElement\":[{\"@type\":\"ListItem\",\"position\":1,\"name\":\"Portada\",\"item\":\"https:\\\/\\\/simplymallorca.info\\\/de\\\/\"},{\"@type\":\"ListItem\",\"position\":2,\"name\":\"Strandf\u00fchrer f\u00fcr Mallorca\"}]},{\"@type\":\"WebSite\",\"@id\":\"https:\\\/\\\/simplymallorca.info\\\/#website\",\"url\":\"https:\\\/\\\/simplymallorca.info\\\/\",\"name\":\"Simply Mallorca\",\"description\":\"\",\"publisher\":{\"@id\":\"https:\\\/\\\/simplymallorca.info\\\/#organization\"},\"potentialAction\":[{\"@type\":\"SearchAction\",\"target\":{\"@type\":\"EntryPoint\",\"urlTemplate\":\"https:\\\/\\\/simplymallorca.info\\\/?s={search_term_string}\"},\"query-input\":{\"@type\":\"PropertyValueSpecification\",\"valueRequired\":true,\"valueName\":\"search_term_string\"}}],\"inLanguage\":\"de\"},{\"@type\":\"Organization\",\"@id\":\"https:\\\/\\\/simplymallorca.info\\\/#organization\",\"name\":\"Simply Mallorca\",\"url\":\"https:\\\/\\\/simplymallorca.info\\\/\",\"logo\":{\"@type\":\"ImageObject\",\"inLanguage\":\"de\",\"@id\":\"https:\\\/\\\/simplymallorca.info\\\/#\\\/schema\\\/logo\\\/image\\\/\",\"url\":\"https:\\\/\\\/simplymallorca.info\\\/wp-content\\\/uploads\\\/2023\\\/08\\\/Simply-Mallorca-logo-trasnparent.png\",\"contentUrl\":\"https:\\\/\\\/simplymallorca.info\\\/wp-content\\\/uploads\\\/2023\\\/08\\\/Simply-Mallorca-logo-trasnparent.png\",\"width\":1920,\"height\":631,\"caption\":\"Simply Mallorca\"},\"image\":{\"@id\":\"https:\\\/\\\/simplymallorca.info\\\/#\\\/schema\\\/logo\\\/image\\\/\"},\"sameAs\":[\"https:\\\/\\\/www.facebook.com\\\/simplymallorcaguide\",\"https:\\\/\\\/youtube.com\\\/@sunnyguidemallorca5869\",\"https:\\\/\\\/linkedin.com\\\/simplymallorcaguide\\\/\",\"https:\\\/\\\/www.instagram.com\\\/simplymallorcaguide\\\/\"]}]}<\/script>\n<!-- \/ Yoast SEO plugin. -->","yoast_head_json":{"title":"Strandf\u00fchrer f\u00fcr Mallorca - Simply Mallorca","robots":{"index":"index","follow":"follow","max-snippet":"max-snippet:-1","max-image-preview":"max-image-preview:large","max-video-preview":"max-video-preview:-1"},"canonical":"https:\/\/simplymallorca.info\/de\/strandfuehrer-fuer-mallorca\/","og_locale":"de_DE","og_type":"article","og_title":"Strandf\u00fchrer f\u00fcr Mallorca - Simply Mallorca","og_description":"[vc_row][vc_column width=&#8221;2\/3&#8243; css=&#8221;.vc_custom_1692698089686{padding-right: 70px !important;}&#8221;][vc_column_text]Mallorca bietet wundersch\u00f6ne Str\u00e4nde, lange Naturstr\u00e4nde im Norden wie die Bucht von Alcudia und im S\u00fcden wie der ber\u00fchmte [&hellip;]","og_url":"https:\/\/simplymallorca.info\/de\/strandfuehrer-fuer-mallorca\/","og_site_name":"Simply Mallorca","article_publisher":"https:\/\/www.facebook.com\/simplymallorcaguide","article_modified_time":"2024-02-10T15:05:01+00:00","og_image":[{"width":1920,"height":1281,"url":"https:\/\/simplymallorca.info\/wp-content\/uploads\/2023\/08\/Playa-SprunginsWasser-2023-Laura.jpg","type":"image\/jpeg"}],"twitter_card":"summary_large_image","twitter_misc":{"Gesch\u00e4tzte Lesezeit":"6\u00a0Minuten"},"schema":{"@context":"https:\/\/schema.org","@graph":[{"@type":"WebPage","@id":"https:\/\/simplymallorca.info\/de\/strandfuehrer-fuer-mallorca\/","url":"https:\/\/simplymallorca.info\/de\/strandfuehrer-fuer-mallorca\/","name":"Strandf\u00fchrer f\u00fcr Mallorca - Simply Mallorca","isPartOf":{"@id":"https:\/\/simplymallorca.info\/#website"},"primaryImageOfPage":{"@id":"https:\/\/simplymallorca.info\/de\/strandfuehrer-fuer-mallorca\/#primaryimage"},"image":{"@id":"https:\/\/simplymallorca.info\/de\/strandfuehrer-fuer-mallorca\/#primaryimage"},"thumbnailUrl":"https:\/\/simplymallorca.info\/wp-content\/uploads\/2023\/08\/Playa-SprunginsWasser-2023-Laura.jpg","datePublished":"2023-08-16T16:30:04+00:00","dateModified":"2024-02-10T15:05:01+00:00","breadcrumb":{"@id":"https:\/\/simplymallorca.info\/de\/strandfuehrer-fuer-mallorca\/#breadcrumb"},"inLanguage":"de","potentialAction":[{"@type":"ReadAction","target":["https:\/\/simplymallorca.info\/de\/strandfuehrer-fuer-mallorca\/"]}]},{"@type":"ImageObject","inLanguage":"de","@id":"https:\/\/simplymallorca.info\/de\/strandfuehrer-fuer-mallorca\/#primaryimage","url":"https:\/\/simplymallorca.info\/wp-content\/uploads\/2023\/08\/Playa-SprunginsWasser-2023-Laura.jpg","contentUrl":"https:\/\/simplymallorca.info\/wp-content\/uploads\/2023\/08\/Playa-SprunginsWasser-2023-Laura.jpg","width":1920,"height":1281},{"@type":"BreadcrumbList","@id":"https:\/\/simplymallorca.info\/de\/strandfuehrer-fuer-mallorca\/#breadcrumb","itemListElement":[{"@type":"ListItem","position":1,"name":"Portada","item":"https:\/\/simplymallorca.info\/de\/"},{"@type":"ListItem","position":2,"name":"Strandf\u00fchrer f\u00fcr Mallorca"}]},{"@type":"WebSite","@id":"https:\/\/simplymallorca.info\/#website","url":"https:\/\/simplymallorca.info\/","name":"Simply Mallorca","description":"","publisher":{"@id":"https:\/\/simplymallorca.info\/#organization"},"potentialAction":[{"@type":"SearchAction","target":{"@type":"EntryPoint","urlTemplate":"https:\/\/simplymallorca.info\/?s={search_term_string}"},"query-input":{"@type":"PropertyValueSpecification","valueRequired":true,"valueName":"search_term_string"}}],"inLanguage":"de"},{"@type":"Organization","@id":"https:\/\/simplymallorca.info\/#organization","name":"Simply Mallorca","url":"https:\/\/simplymallorca.info\/","logo":{"@type":"ImageObject","inLanguage":"de","@id":"https:\/\/simplymallorca.info\/#\/schema\/logo\/image\/","url":"https:\/\/simplymallorca.info\/wp-content\/uploads\/2023\/08\/Simply-Mallorca-logo-trasnparent.png","contentUrl":"https:\/\/simplymallorca.info\/wp-content\/uploads\/2023\/08\/Simply-Mallorca-logo-trasnparent.png","width":1920,"height":631,"caption":"Simply Mallorca"},"image":{"@id":"https:\/\/simplymallorca.info\/#\/schema\/logo\/image\/"},"sameAs":["https:\/\/www.facebook.com\/simplymallorcaguide","https:\/\/youtube.com\/@sunnyguidemallorca5869","https:\/\/linkedin.com\/simplymallorcaguide\/","https:\/\/www.instagram.com\/simplymallorcaguide\/"]}]}},"_links":{"self":[{"href":"https:\/\/simplymallorca.info\/de\/wp-json\/wp\/v2\/pages\/4063","targetHints":{"allow":["GET"]}}],"collection":[{"href":"https:\/\/simplymallorca.info\/de\/wp-json\/wp\/v2\/pages"}],"about":[{"href":"https:\/\/simplymallorca.info\/de\/wp-json\/wp\/v2\/types\/page"}],"author":[{"embeddable":true,"href":"https:\/\/simplymallorca.info\/de\/wp-json\/wp\/v2\/users\/1"}],"replies":[{"embeddable":true,"href":"https:\/\/simplymallorca.info\/de\/wp-json\/wp\/v2\/comments?post=4063"}],"version-history":[{"count":7,"href":"https:\/\/simplymallorca.info\/de\/wp-json\/wp\/v2\/pages\/4063\/revisions"}],"predecessor-version":[{"id":5428,"href":"https:\/\/simplymallorca.info\/de\/wp-json\/wp\/v2\/pages\/4063\/revisions\/5428"}],"wp:featuredmedia":[{"embeddable":true,"href":"https:\/\/simplymallorca.info\/de\/wp-json\/wp\/v2\/media\/3900"}],"wp:attachment":[{"href":"https:\/\/simplymallorca.info\/de\/wp-json\/wp\/v2\/media?parent=4063"}],"curies":[{"name":"wp","href":"https:\/\/api.w.org\/{rel}","templated":true}]}}