{"id":4061,"date":"2023-08-11T18:58:44","date_gmt":"2023-08-11T16:58:44","guid":{"rendered":"https:\/\/simplymallorca.info\/?page_id=4061"},"modified":"2024-04-12T09:08:13","modified_gmt":"2024-04-12T07:08:13","slug":"routen","status":"publish","type":"page","link":"https:\/\/simplymallorca.info\/de\/routen\/","title":{"rendered":"Routen"},"content":{"rendered":"<section class=\"wpb-content-wrapper\"><p>[vc_row el_class=&#8221;rutas-p&#8221;][vc_column][vc_column_text]<\/p>\n<h1 style=\"text-align: center;\">\u00a0Entdecken Sie die verschiedenen Touren Mallorcas<\/h1>\n<p>Lassen Sie sich entf\u00fchren in die verschiedenen Regionen Mallorcas. Starten Sie mit Ihrem Mietwagen und folgen Sie unseren Tourenempfehlungen. Wir stellen Ihnen die Nordk\u00fcste vor, mit dem Cap Formentor und die traumhaften Str\u00e4nde im S\u00fcden von Es Trenc. Die eine oder andere Route f\u00fchrt Sie auch zu Fu\u00df durch Palma oder \u00fcber einen Wochenmarkt. Viel Spa\u00df![\/vc_column_text][vc_row_inner][vc_column_inner width=&#8221;2\/3&#8243; css=&#8221;.vc_custom_1696516094155{padding-top: 25px !important;padding-right: 25px !important;}&#8221;]<div class=\"woocommerce columns-2 \"><ul class=\"products columns-2\">\n<li class=\"product type-product post-4512 status-publish first instock product_cat-mit-dem-auto-de has-post-thumbnail shipping-taxable product-type-simple\">\n\t<a href=\"https:\/\/simplymallorca.info\/de\/rutas\/nordkueste-und-inselmitte\/\" class=\"woocommerce-LoopProduct-link woocommerce-loop-product__link\"><img loading=\"lazy\" decoding=\"async\" width=\"400\" height=\"400\" src=\"https:\/\/simplymallorca.info\/wp-content\/uploads\/2023\/08\/Tour2-fotoprincipal-1-400x400.jpg\" class=\"attachment-woocommerce_thumbnail size-woocommerce_thumbnail\" alt=\"Nordk\u00fcste und Inselmitte\" srcset=\"https:\/\/simplymallorca.info\/wp-content\/uploads\/2023\/08\/Tour2-fotoprincipal-1-400x400.jpg 400w, https:\/\/simplymallorca.info\/wp-content\/uploads\/2023\/08\/Tour2-fotoprincipal-1-150x150.jpg 150w\" sizes=\"auto, (max-width: 400px) 100vw, 400px\" \/><h2 class=\"woocommerce-loop-product__title\">Nordk\u00fcste und Inselmitte<\/h2>\n<\/a><\/li>\n<li class=\"product type-product post-4511 status-publish last instock product_cat-mit-dem-auto-de has-post-thumbnail shipping-taxable product-type-simple\">\n\t<a href=\"https:\/\/simplymallorca.info\/de\/rutas\/ost-suedost-route-mallorca\/\" class=\"woocommerce-LoopProduct-link woocommerce-loop-product__link\"><img loading=\"lazy\" decoding=\"async\" width=\"400\" height=\"400\" src=\"https:\/\/simplymallorca.info\/wp-content\/uploads\/2023\/08\/Tour3-Fotoprincipal-400x400.jpg\" class=\"attachment-woocommerce_thumbnail size-woocommerce_thumbnail\" alt=\"Ost-S\u00fcdost-Route Mallorca\" srcset=\"https:\/\/simplymallorca.info\/wp-content\/uploads\/2023\/08\/Tour3-Fotoprincipal-400x400.jpg 400w, https:\/\/simplymallorca.info\/wp-content\/uploads\/2023\/08\/Tour3-Fotoprincipal-150x150.jpg 150w\" sizes=\"auto, (max-width: 400px) 100vw, 400px\" \/><h2 class=\"woocommerce-loop-product__title\">Ost-S\u00fcdost-Route Mallorca<\/h2>\n<\/a><\/li>\n<li class=\"product type-product post-4510 status-publish first instock product_cat-mit-dem-auto-de has-post-thumbnail shipping-taxable product-type-simple\">\n\t<a href=\"https:\/\/simplymallorca.info\/de\/rutas\/suedwesten-und-palma\/\" class=\"woocommerce-LoopProduct-link woocommerce-loop-product__link\"><img loading=\"lazy\" decoding=\"async\" width=\"400\" height=\"400\" src=\"https:\/\/simplymallorca.info\/wp-content\/uploads\/2023\/08\/Tour4-fotoprincipal-400x400.jpg\" class=\"attachment-woocommerce_thumbnail size-woocommerce_thumbnail\" alt=\"S\u00fcdwesten und Palma\" srcset=\"https:\/\/simplymallorca.info\/wp-content\/uploads\/2023\/08\/Tour4-fotoprincipal-400x400.jpg 400w, https:\/\/simplymallorca.info\/wp-content\/uploads\/2023\/08\/Tour4-fotoprincipal-150x150.jpg 150w\" sizes=\"auto, (max-width: 400px) 100vw, 400px\" \/><h2 class=\"woocommerce-loop-product__title\">S\u00fcdwesten und Palma<\/h2>\n<\/a><\/li>\n<li class=\"product type-product post-4513 status-publish last instock product_cat-mit-dem-auto-de has-post-thumbnail shipping-taxable product-type-simple\">\n\t<a href=\"https:\/\/simplymallorca.info\/de\/rutas\/tramuntana-und-westkueste\/\" class=\"woocommerce-LoopProduct-link woocommerce-loop-product__link\"><img loading=\"lazy\" decoding=\"async\" width=\"400\" height=\"400\" src=\"https:\/\/simplymallorca.info\/wp-content\/uploads\/2023\/08\/Tour1-fotoprincipal-400x400.jpg\" class=\"attachment-woocommerce_thumbnail size-woocommerce_thumbnail\" alt=\"Tramuntana und Westk\u00fcste\" srcset=\"https:\/\/simplymallorca.info\/wp-content\/uploads\/2023\/08\/Tour1-fotoprincipal-400x400.jpg 400w, https:\/\/simplymallorca.info\/wp-content\/uploads\/2023\/08\/Tour1-fotoprincipal-150x150.jpg 150w\" sizes=\"auto, (max-width: 400px) 100vw, 400px\" \/><h2 class=\"woocommerce-loop-product__title\">Tramuntana und Westk\u00fcste<\/h2>\n<\/a><\/li>\n<\/ul>\n<\/div>[\/vc_column_inner][vc_column_inner el_class=&#8221;filtros&#8221; width=&#8221;1\/3&#8243; css=&#8221;.vc_custom_1696516229270{padding-left: 25px !important;}&#8221;][vc_custom_heading text=&#8221;Kategorien&#8221; font_container=&#8221;tag:h3|font_size:25|text_align:left&#8221; use_theme_fonts=&#8221;yes&#8221;][vc_column_text]<a href=\"https:\/\/simplymallorca.info\/de\/categoria\/mit-dem-auto-de\/\"><span style=\"font-weight: 400;\">Mit dem auto<\/span><\/a>[\/vc_column_text][\/vc_column_inner][\/vc_row_inner][\/vc_column][\/vc_row]<\/p>\n<\/section>","protected":false},"excerpt":{"rendered":"<p>[vc_row el_class=&#8221;rutas-p&#8221;][vc_column][vc_column_text] \u00a0Entdecken Sie die verschiedenen Touren Mallorcas Lassen Sie sich entf\u00fchren in die verschiedenen Regionen Mallorcas. Starten Sie mit Ihrem Mietwagen und [&hellip;]<\/p>\n","protected":false},"author":1,"featured_media":3520,"parent":0,"menu_order":0,"comment_status":"closed","ping_status":"closed","template":"","meta":{"_acf_changed":false,"footnotes":""},"class_list":["post-4061","page","type-page","status-publish","has-post-thumbnail","hentry"],"acf":[],"yoast_head":"<!-- This site is optimized with the Yoast SEO plugin v27.3 - https:\/\/yoast.com\/product\/yoast-seo-wordpress\/ -->\n<title>Routen - Simply Mallorca<\/title>\n<meta name=\"robots\" content=\"index, follow, max-snippet:-1, max-image-preview:large, max-video-preview:-1\" \/>\n<link rel=\"canonical\" href=\"https:\/\/simplymallorca.info\/de\/routen\/\" \/>\n<meta property=\"og:locale\" content=\"de_DE\" \/>\n<meta property=\"og:type\" content=\"article\" \/>\n<meta property=\"og:title\" content=\"Routen - Simply Mallorca\" \/>\n<meta property=\"og:description\" content=\"[vc_row el_class=&#8221;rutas-p&#8221;][vc_column][vc_column_text] \u00a0Entdecken Sie die verschiedenen Touren Mallorcas Lassen Sie sich entf\u00fchren in die verschiedenen Regionen Mallorcas. Starten Sie mit Ihrem Mietwagen und [&hellip;]\" \/>\n<meta property=\"og:url\" content=\"https:\/\/simplymallorca.info\/de\/routen\/\" \/>\n<meta property=\"og:site_name\" content=\"Simply Mallorca\" \/>\n<meta property=\"article:publisher\" content=\"https:\/\/www.facebook.com\/simplymallorcaguide\" \/>\n<meta property=\"article:modified_time\" content=\"2024-04-12T07:08:13+00:00\" \/>\n<meta property=\"og:image\" content=\"https:\/\/simplymallorca.info\/wp-content\/uploads\/2023\/08\/Tour-1-PortdeSoller.jpg\" \/>\n\t<meta property=\"og:image:width\" content=\"2000\" \/>\n\t<meta property=\"og:image:height\" content=\"1428\" \/>\n\t<meta property=\"og:image:type\" content=\"image\/jpeg\" \/>\n<meta name=\"twitter:card\" content=\"summary_large_image\" \/>\n<meta name=\"twitter:label1\" content=\"Gesch\u00e4tzte Lesezeit\" \/>\n\t<meta name=\"twitter:data1\" content=\"1\u00a0Minute\" \/>\n<script type=\"application\/ld+json\" class=\"yoast-schema-graph\">{\"@context\":\"https:\\\/\\\/schema.org\",\"@graph\":[{\"@type\":\"WebPage\",\"@id\":\"https:\\\/\\\/simplymallorca.info\\\/de\\\/routen\\\/\",\"url\":\"https:\\\/\\\/simplymallorca.info\\\/de\\\/routen\\\/\",\"name\":\"Routen - Simply Mallorca\",\"isPartOf\":{\"@id\":\"https:\\\/\\\/simplymallorca.info\\\/#website\"},\"primaryImageOfPage\":{\"@id\":\"https:\\\/\\\/simplymallorca.info\\\/de\\\/routen\\\/#primaryimage\"},\"image\":{\"@id\":\"https:\\\/\\\/simplymallorca.info\\\/de\\\/routen\\\/#primaryimage\"},\"thumbnailUrl\":\"https:\\\/\\\/simplymallorca.info\\\/wp-content\\\/uploads\\\/2023\\\/08\\\/Tour-1-PortdeSoller.jpg\",\"datePublished\":\"2023-08-11T16:58:44+00:00\",\"dateModified\":\"2024-04-12T07:08:13+00:00\",\"breadcrumb\":{\"@id\":\"https:\\\/\\\/simplymallorca.info\\\/de\\\/routen\\\/#breadcrumb\"},\"inLanguage\":\"de\",\"potentialAction\":[{\"@type\":\"ReadAction\",\"target\":[\"https:\\\/\\\/simplymallorca.info\\\/de\\\/routen\\\/\"]}]},{\"@type\":\"ImageObject\",\"inLanguage\":\"de\",\"@id\":\"https:\\\/\\\/simplymallorca.info\\\/de\\\/routen\\\/#primaryimage\",\"url\":\"https:\\\/\\\/simplymallorca.info\\\/wp-content\\\/uploads\\\/2023\\\/08\\\/Tour-1-PortdeSoller.jpg\",\"contentUrl\":\"https:\\\/\\\/simplymallorca.info\\\/wp-content\\\/uploads\\\/2023\\\/08\\\/Tour-1-PortdeSoller.jpg\",\"width\":2000,\"height\":1428},{\"@type\":\"BreadcrumbList\",\"@id\":\"https:\\\/\\\/simplymallorca.info\\\/de\\\/routen\\\/#breadcrumb\",\"itemListElement\":[{\"@type\":\"ListItem\",\"position\":1,\"name\":\"Portada\",\"item\":\"https:\\\/\\\/simplymallorca.info\\\/de\\\/\"},{\"@type\":\"ListItem\",\"position\":2,\"name\":\"Routen\"}]},{\"@type\":\"WebSite\",\"@id\":\"https:\\\/\\\/simplymallorca.info\\\/#website\",\"url\":\"https:\\\/\\\/simplymallorca.info\\\/\",\"name\":\"Simply Mallorca\",\"description\":\"\",\"publisher\":{\"@id\":\"https:\\\/\\\/simplymallorca.info\\\/#organization\"},\"potentialAction\":[{\"@type\":\"SearchAction\",\"target\":{\"@type\":\"EntryPoint\",\"urlTemplate\":\"https:\\\/\\\/simplymallorca.info\\\/?s={search_term_string}\"},\"query-input\":{\"@type\":\"PropertyValueSpecification\",\"valueRequired\":true,\"valueName\":\"search_term_string\"}}],\"inLanguage\":\"de\"},{\"@type\":\"Organization\",\"@id\":\"https:\\\/\\\/simplymallorca.info\\\/#organization\",\"name\":\"Simply Mallorca\",\"url\":\"https:\\\/\\\/simplymallorca.info\\\/\",\"logo\":{\"@type\":\"ImageObject\",\"inLanguage\":\"de\",\"@id\":\"https:\\\/\\\/simplymallorca.info\\\/#\\\/schema\\\/logo\\\/image\\\/\",\"url\":\"https:\\\/\\\/simplymallorca.info\\\/wp-content\\\/uploads\\\/2023\\\/08\\\/Simply-Mallorca-logo-trasnparent.png\",\"contentUrl\":\"https:\\\/\\\/simplymallorca.info\\\/wp-content\\\/uploads\\\/2023\\\/08\\\/Simply-Mallorca-logo-trasnparent.png\",\"width\":1920,\"height\":631,\"caption\":\"Simply Mallorca\"},\"image\":{\"@id\":\"https:\\\/\\\/simplymallorca.info\\\/#\\\/schema\\\/logo\\\/image\\\/\"},\"sameAs\":[\"https:\\\/\\\/www.facebook.com\\\/simplymallorcaguide\",\"https:\\\/\\\/youtube.com\\\/@sunnyguidemallorca5869\",\"https:\\\/\\\/linkedin.com\\\/simplymallorcaguide\\\/\",\"https:\\\/\\\/www.instagram.com\\\/simplymallorcaguide\\\/\"]}]}<\/script>\n<!-- \/ Yoast SEO plugin. -->","yoast_head_json":{"title":"Routen - Simply Mallorca","robots":{"index":"index","follow":"follow","max-snippet":"max-snippet:-1","max-image-preview":"max-image-preview:large","max-video-preview":"max-video-preview:-1"},"canonical":"https:\/\/simplymallorca.info\/de\/routen\/","og_locale":"de_DE","og_type":"article","og_title":"Routen - Simply Mallorca","og_description":"[vc_row el_class=&#8221;rutas-p&#8221;][vc_column][vc_column_text] \u00a0Entdecken Sie die verschiedenen Touren Mallorcas Lassen Sie sich entf\u00fchren in die verschiedenen Regionen Mallorcas. Starten Sie mit Ihrem Mietwagen und [&hellip;]","og_url":"https:\/\/simplymallorca.info\/de\/routen\/","og_site_name":"Simply Mallorca","article_publisher":"https:\/\/www.facebook.com\/simplymallorcaguide","article_modified_time":"2024-04-12T07:08:13+00:00","og_image":[{"width":2000,"height":1428,"url":"https:\/\/simplymallorca.info\/wp-content\/uploads\/2023\/08\/Tour-1-PortdeSoller.jpg","type":"image\/jpeg"}],"twitter_card":"summary_large_image","twitter_misc":{"Gesch\u00e4tzte Lesezeit":"1\u00a0Minute"},"schema":{"@context":"https:\/\/schema.org","@graph":[{"@type":"WebPage","@id":"https:\/\/simplymallorca.info\/de\/routen\/","url":"https:\/\/simplymallorca.info\/de\/routen\/","name":"Routen - Simply Mallorca","isPartOf":{"@id":"https:\/\/simplymallorca.info\/#website"},"primaryImageOfPage":{"@id":"https:\/\/simplymallorca.info\/de\/routen\/#primaryimage"},"image":{"@id":"https:\/\/simplymallorca.info\/de\/routen\/#primaryimage"},"thumbnailUrl":"https:\/\/simplymallorca.info\/wp-content\/uploads\/2023\/08\/Tour-1-PortdeSoller.jpg","datePublished":"2023-08-11T16:58:44+00:00","dateModified":"2024-04-12T07:08:13+00:00","breadcrumb":{"@id":"https:\/\/simplymallorca.info\/de\/routen\/#breadcrumb"},"inLanguage":"de","potentialAction":[{"@type":"ReadAction","target":["https:\/\/simplymallorca.info\/de\/routen\/"]}]},{"@type":"ImageObject","inLanguage":"de","@id":"https:\/\/simplymallorca.info\/de\/routen\/#primaryimage","url":"https:\/\/simplymallorca.info\/wp-content\/uploads\/2023\/08\/Tour-1-PortdeSoller.jpg","contentUrl":"https:\/\/simplymallorca.info\/wp-content\/uploads\/2023\/08\/Tour-1-PortdeSoller.jpg","width":2000,"height":1428},{"@type":"BreadcrumbList","@id":"https:\/\/simplymallorca.info\/de\/routen\/#breadcrumb","itemListElement":[{"@type":"ListItem","position":1,"name":"Portada","item":"https:\/\/simplymallorca.info\/de\/"},{"@type":"ListItem","position":2,"name":"Routen"}]},{"@type":"WebSite","@id":"https:\/\/simplymallorca.info\/#website","url":"https:\/\/simplymallorca.info\/","name":"Simply Mallorca","description":"","publisher":{"@id":"https:\/\/simplymallorca.info\/#organization"},"potentialAction":[{"@type":"SearchAction","target":{"@type":"EntryPoint","urlTemplate":"https:\/\/simplymallorca.info\/?s={search_term_string}"},"query-input":{"@type":"PropertyValueSpecification","valueRequired":true,"valueName":"search_term_string"}}],"inLanguage":"de"},{"@type":"Organization","@id":"https:\/\/simplymallorca.info\/#organization","name":"Simply Mallorca","url":"https:\/\/simplymallorca.info\/","logo":{"@type":"ImageObject","inLanguage":"de","@id":"https:\/\/simplymallorca.info\/#\/schema\/logo\/image\/","url":"https:\/\/simplymallorca.info\/wp-content\/uploads\/2023\/08\/Simply-Mallorca-logo-trasnparent.png","contentUrl":"https:\/\/simplymallorca.info\/wp-content\/uploads\/2023\/08\/Simply-Mallorca-logo-trasnparent.png","width":1920,"height":631,"caption":"Simply Mallorca"},"image":{"@id":"https:\/\/simplymallorca.info\/#\/schema\/logo\/image\/"},"sameAs":["https:\/\/www.facebook.com\/simplymallorcaguide","https:\/\/youtube.com\/@sunnyguidemallorca5869","https:\/\/linkedin.com\/simplymallorcaguide\/","https:\/\/www.instagram.com\/simplymallorcaguide\/"]}]}},"_links":{"self":[{"href":"https:\/\/simplymallorca.info\/de\/wp-json\/wp\/v2\/pages\/4061","targetHints":{"allow":["GET"]}}],"collection":[{"href":"https:\/\/simplymallorca.info\/de\/wp-json\/wp\/v2\/pages"}],"about":[{"href":"https:\/\/simplymallorca.info\/de\/wp-json\/wp\/v2\/types\/page"}],"author":[{"embeddable":true,"href":"https:\/\/simplymallorca.info\/de\/wp-json\/wp\/v2\/users\/1"}],"replies":[{"embeddable":true,"href":"https:\/\/simplymallorca.info\/de\/wp-json\/wp\/v2\/comments?post=4061"}],"version-history":[{"count":8,"href":"https:\/\/simplymallorca.info\/de\/wp-json\/wp\/v2\/pages\/4061\/revisions"}],"predecessor-version":[{"id":5487,"href":"https:\/\/simplymallorca.info\/de\/wp-json\/wp\/v2\/pages\/4061\/revisions\/5487"}],"wp:featuredmedia":[{"embeddable":true,"href":"https:\/\/simplymallorca.info\/de\/wp-json\/wp\/v2\/media\/3520"}],"wp:attachment":[{"href":"https:\/\/simplymallorca.info\/de\/wp-json\/wp\/v2\/media?parent=4061"}],"curies":[{"name":"wp","href":"https:\/\/api.w.org\/{rel}","templated":true}]}}